{"id":754095,"date":"2025-08-28T06:01:28","date_gmt":"2025-08-28T03:01:28","guid":{"rendered":"https:\/\/roveyayinevi.com.tr\/index.php\/urun\/hinduizm-ve-budizm\/"},"modified":"2026-04-16T03:07:26","modified_gmt":"2026-04-16T00:07:26","slug":"hinduizm-ve-budizm","status":"publish","type":"product","link":"https:\/\/roveyayinevi.com.tr\/index.php\/urun\/hinduizm-ve-budizm\/","title":{"rendered":"Hinduizm ve Budizm"},"content":{"rendered":"<p>\u00dcnl\u00fc Sri Lankal\u0131 metafizik\u00e7i, Hinduizm ve Budizm aras\u0131ndaki temel yak\u0131nl\u0131\u011f\u0131 ayd\u0131nlatan i\u00e7g\u00f6r\u00fclerini sunuyor. Ananda K. Coomaraswamy, bu derinlemesine \u00e7al\u0131\u015fmada Hinduizm ve Budizm\u2019in temel mitlerini ve manevi temellerini inceliyor. Bat\u0131l\u0131 felsefi ayr\u0131l\u0131k anlat\u0131s\u0131n\u0131 reddederek, bu iki b\u00fcy\u00fck din aras\u0131ndaki temel birli\u011fi ke\u015ffeder. Onun bak\u0131\u015f a\u00e7\u0131s\u0131na g\u00f6re, biri sadece di\u011ferinin bir sonucudur. Kitab\u0131 iki b\u00f6l\u00fcme ay\u0131ran Coomaraswamy, her b\u00f6l\u00fcm\u00fc, her dinin temel mitlerine genel bir bak\u0131\u015fla ba\u015flat\u0131r. Hinduizm b\u00f6l\u00fcm\u00fcnde karma, maya, reenkarnasyon, kurban ve kast gibi kavramlar\u0131 ele al\u0131r. Budizm b\u00f6l\u00fcm\u00fcnde ise Buddha\u2019n\u0131n yeni bir din ba\u015flatmay\u0131 ama\u00e7lamad\u0131\u011f\u0131n\u0131, mevcut olan\u0131n manevi anlay\u0131\u015f\u0131n\u0131 derinle\u015ftirmeyi ama\u00e7lad\u0131\u011f\u0131n\u0131 g\u00f6sterir. <\/p>\n","protected":false},"excerpt":{"rendered":"<p>\u00dcnl\u00fc Sri Lankal\u0131 metafizik\u00e7i, Hinduizm ve Budizm aras\u0131ndaki temel yak\u0131nl\u0131\u011f\u0131 ayd\u0131nlatan i\u00e7g\u00f6r\u00fclerini sunuyor. Ananda K. Coomaraswamy, bu derinlemesine \u00e7al\u0131\u015fmada Hinduizm ve Budizm\u2019in temel mitlerini ve manevi<span class=\"excerpt-hellip\"> [\u2026]<\/span><\/p>\n","protected":false},"featured_media":0,"template":"","meta":{"_monsterinsights_skip_tracking":false,"_monsterinsights_sitenote_active":false,"_monsterinsights_sitenote_note":"","_monsterinsights_sitenote_category":0},"product_brand":[],"product_cat":[12388],"product_tag":[],"class_list":{"0":"post-754095","1":"product","2":"type-product","3":"status-publish","5":"product_cat-felsefe","6":"pa_cilt-ciltsiz","7":"pa_tur-kitap","8":"pa_yayinevi-fa-yayinlari","9":"pa_yazar-ananda-k-coomaraswamy","11":"first","12":"instock","13":"sale","14":"shipping-taxable","15":"purchasable","16":"product-type-simple"},"_links":{"self":[{"href":"https:\/\/roveyayinevi.com.tr\/index.php\/wp-json\/wp\/v2\/product\/754095","targetHints":{"allow":["GET"]}}],"collection":[{"href":"https:\/\/roveyayinevi.com.tr\/index.php\/wp-json\/wp\/v2\/product"}],"about":[{"href":"https:\/\/roveyayinevi.com.tr\/index.php\/wp-json\/wp\/v2\/types\/product"}],"wp:attachment":[{"href":"https:\/\/roveyayinevi.com.tr\/index.php\/wp-json\/wp\/v2\/media?parent=754095"}],"wp:term":[{"taxonomy":"product_brand","embeddable":true,"href":"https:\/\/roveyayinevi.com.tr\/index.php\/wp-json\/wp\/v2\/product_brand?post=754095"},{"taxonomy":"product_cat","embeddable":true,"href":"https:\/\/roveyayinevi.com.tr\/index.php\/wp-json\/wp\/v2\/product_cat?post=754095"},{"taxonomy":"product_tag","embeddable":true,"href":"https:\/\/roveyayinevi.com.tr\/index.php\/wp-json\/wp\/v2\/product_tag?post=754095"}],"curies":[{"name":"wp","href":"https:\/\/api.w.org\/{rel}","templated":true}]}}