{"id":754094,"date":"2025-08-28T06:01:25","date_gmt":"2025-08-28T03:01:25","guid":{"rendered":"https:\/\/roveyayinevi.com.tr\/index.php\/urun\/ay-burclarinin-gizemleri\/"},"modified":"2026-04-16T03:07:26","modified_gmt":"2026-04-16T00:07:26","slug":"ay-burclarinin-gizemleri","status":"publish","type":"product","link":"https:\/\/roveyayinevi.com.tr\/index.php\/urun\/ay-burclarinin-gizemleri\/","title":{"rendered":"Ay Bur\u00e7lar\u0131n\u0131n Gizemleri"},"content":{"rendered":"<p>\u201cAy burcun ne?\u201d  Bu soru bir \u00e7ocu\u011fumuza tan\u0131d\u0131k geliyor, de\u011fil mi? Buna ra\u011fmen cevab\u0131n\u0131 \u00e7ok az\u0131m\u0131z biliriz. Astrolojiyle ilgilenen herkes, genelde \u00f6ncelikle G\u00fcne\u015f ve y\u00fckselen burcunu \u00f6\u011frenir; Ay bur\u00e7lar\u0131n\u0131 merak etmezler. Lakin bilmezler ki ince parmaklar\u0131yla sihirler yapan bu g\u00fcm\u00fc\u015f sa\u00e7l\u0131 tanr\u0131\u00e7an\u0131n g\u00f6r\u00fcnmez g\u00fc\u00e7leri vard\u0131r&#8230; Ay burcunuz kozmik ailenizi, annenizi, duygusal ba\u011f kurdu\u011funuz ki\u015fileri, en karanl\u0131k y\u00fcz\u00fcn\u00fcz\u00fc, ruhsal enerjinizi neye aktard\u0131\u011f\u0131n\u0131z\u0131, yetenek ve e\u011filimlerinizi simgeler. Do\u011fdu\u011funuz Ay burcunu ve faz\u0131n\u0131 \u00f6\u011frenmek size sa\u011fl\u0131k, i\u015f, ili\u015fkiler ve daha bir\u00e7ok alanda faydalar sa\u011flar. Do\u011fum haritan\u0131zda Ay\u2019\u0131n hangi evde bulundu\u011funu bilmeniz, ya\u015fam\u0131n\u0131z\u0131n mihenk ta\u015f\u0131 say\u0131lan olaylar\u0131na kar\u015f\u0131 fark\u0131ndal\u0131k geli\u015ftirmenize yol a\u00e7ar. \u201cG\u00f6k kubbemizdeki Hikayeler: Ay Bur\u00e7lar\u0131n\u0131n Gizemleri\u201d, astrolojiye ilgi duyan okurlara Ay\u2019\u0131n g\u00f6r\u00fcnmez g\u00fc\u00e7lerini a\u00e7\u0131kl\u0131yor. Bundan b\u00f6yle herkes, \u201cAy burcun ne?\u201d sorusuna cevap verebilecek! <\/p>\n","protected":false},"excerpt":{"rendered":"<p>\u201cAy burcun ne?\u201d Bu soru bir \u00e7ocu\u011fumuza tan\u0131d\u0131k geliyor, de\u011fil mi? Buna ra\u011fmen cevab\u0131n\u0131 \u00e7ok az\u0131m\u0131z biliriz. Astrolojiyle ilgilenen herkes, genelde \u00f6ncelikle G\u00fcne\u015f ve y\u00fckselen burcunu<span class=\"excerpt-hellip\"> [\u2026]<\/span><\/p>\n","protected":false},"featured_media":0,"template":"","meta":{"_monsterinsights_skip_tracking":false,"_monsterinsights_sitenote_active":false,"_monsterinsights_sitenote_note":"","_monsterinsights_sitenote_category":0},"product_brand":[],"product_cat":[12291,12711],"product_tag":[],"class_list":{"0":"post-754094","1":"product","2":"type-product","3":"status-publish","5":"product_cat-edebiyat","6":"product_cat-roman-oyku","7":"pa_cilt-ciltsiz","8":"pa_tur-kitap","9":"pa_yayinevi-fa-yayinlari","10":"pa_yazar-ekin-gokalp","12":"first","13":"instock","14":"sale","15":"shipping-taxable","16":"purchasable","17":"product-type-simple"},"_links":{"self":[{"href":"https:\/\/roveyayinevi.com.tr\/index.php\/wp-json\/wp\/v2\/product\/754094","targetHints":{"allow":["GET"]}}],"collection":[{"href":"https:\/\/roveyayinevi.com.tr\/index.php\/wp-json\/wp\/v2\/product"}],"about":[{"href":"https:\/\/roveyayinevi.com.tr\/index.php\/wp-json\/wp\/v2\/types\/product"}],"wp:attachment":[{"href":"https:\/\/roveyayinevi.com.tr\/index.php\/wp-json\/wp\/v2\/media?parent=754094"}],"wp:term":[{"taxonomy":"product_brand","embeddable":true,"href":"https:\/\/roveyayinevi.com.tr\/index.php\/wp-json\/wp\/v2\/product_brand?post=754094"},{"taxonomy":"product_cat","embeddable":true,"href":"https:\/\/roveyayinevi.com.tr\/index.php\/wp-json\/wp\/v2\/product_cat?post=754094"},{"taxonomy":"product_tag","embeddable":true,"href":"https:\/\/roveyayinevi.com.tr\/index.php\/wp-json\/wp\/v2\/product_tag?post=754094"}],"curies":[{"name":"wp","href":"https:\/\/api.w.org\/{rel}","templated":true}]}}