{"id":754087,"date":"2025-08-28T06:01:17","date_gmt":"2025-08-28T03:01:17","guid":{"rendered":"https:\/\/roveyayinevi.com.tr\/index.php\/urun\/ejderha-bakicisinin-satosu\/"},"modified":"2026-04-16T03:07:26","modified_gmt":"2026-04-16T00:07:26","slug":"ejderha-bakicisinin-satosu","status":"publish","type":"product","link":"https:\/\/roveyayinevi.com.tr\/index.php\/urun\/ejderha-bakicisinin-satosu\/","title":{"rendered":"Ejderha Bak\u0131c\u0131s\u0131n\u0131n \u015eatosu"},"content":{"rendered":"<p>Sevgili Morton Day\u0131, Ejderhalar\u0131n h\u00e2l\u00e2 buradalar. Buzdolab\u0131nda ne var ne yoksa t\u00fckettiler, ayr\u0131ca dolaptaki konservelerin \u00e7o\u011funu da yediler. Arthur \u00fc\u00e7 tane ka\u015f\u0131k ve uzaktan kumanday\u0131 yuttu. Annem yuttuklar\u0131n\u0131n muhtemelen di\u011fer taraftan \u00e7\u0131kaca\u011f\u0131n\u0131 s\u00f6yl\u00fcyor ama bunu g\u00f6rmeyi istedi\u011fimi pek s\u00f6yleyemem. Annem ejderhalar\u0131n\u0131 ne zaman almaya gelece\u011fini \u00f6\u011frenmek istiyor. Eddie Ejderha bak\u0131c\u0131l\u0131\u011f\u0131n\u0131n H\u0130\u00c7 DE kolay bir i\u015f olmad\u0131\u011f\u0131 bir ger\u00e7ek. Eddie, YILBA\u015eI tatilinde Morton day\u0131s\u0131n\u0131n ejderhalar\u0131n\u0131 da yan\u0131na ald\u0131\u011f\u0131nda olacaklar belliydi. Bir kale, hap\u015f\u0131ran bir ejderha ve bir de HAVA\u0130 F\u0130\u015eEKLER\u0130 eklerseniz bu tatil b\u00fcy\u00fck bir patlamayla bitecek gibi g\u00f6r\u00fcn\u00fcyor! <\/p>\n","protected":false},"excerpt":{"rendered":"<p>Sevgili Morton Day\u0131, Ejderhalar\u0131n h\u00e2l\u00e2 buradalar. Buzdolab\u0131nda ne var ne yoksa t\u00fckettiler, ayr\u0131ca dolaptaki konservelerin \u00e7o\u011funu da yediler. Arthur \u00fc\u00e7 tane ka\u015f\u0131k ve uzaktan kumanday\u0131 yuttu.<span class=\"excerpt-hellip\"> [\u2026]<\/span><\/p>\n","protected":false},"featured_media":0,"template":"","meta":{"_monsterinsights_skip_tracking":false,"_monsterinsights_sitenote_active":false,"_monsterinsights_sitenote_note":"","_monsterinsights_sitenote_category":0},"product_brand":[],"product_cat":[12274,12284],"product_tag":[],"class_list":{"0":"post-754087","1":"product","2":"type-product","3":"status-publish","5":"product_cat-cocuk-ve-genclik-kitaplari","6":"product_cat-hikayeler","7":"pa_cilt-ciltsiz","8":"pa_tur-kitap","9":"pa_yayinevi-peta-kitap","10":"pa_yazar-josh-lacey","12":"first","13":"instock","14":"sale","15":"shipping-taxable","16":"purchasable","17":"product-type-simple"},"_links":{"self":[{"href":"https:\/\/roveyayinevi.com.tr\/index.php\/wp-json\/wp\/v2\/product\/754087","targetHints":{"allow":["GET"]}}],"collection":[{"href":"https:\/\/roveyayinevi.com.tr\/index.php\/wp-json\/wp\/v2\/product"}],"about":[{"href":"https:\/\/roveyayinevi.com.tr\/index.php\/wp-json\/wp\/v2\/types\/product"}],"wp:attachment":[{"href":"https:\/\/roveyayinevi.com.tr\/index.php\/wp-json\/wp\/v2\/media?parent=754087"}],"wp:term":[{"taxonomy":"product_brand","embeddable":true,"href":"https:\/\/roveyayinevi.com.tr\/index.php\/wp-json\/wp\/v2\/product_brand?post=754087"},{"taxonomy":"product_cat","embeddable":true,"href":"https:\/\/roveyayinevi.com.tr\/index.php\/wp-json\/wp\/v2\/product_cat?post=754087"},{"taxonomy":"product_tag","embeddable":true,"href":"https:\/\/roveyayinevi.com.tr\/index.php\/wp-json\/wp\/v2\/product_tag?post=754087"}],"curies":[{"name":"wp","href":"https:\/\/api.w.org\/{rel}","templated":true}]}}