{"id":754083,"date":"2025-08-28T06:01:09","date_gmt":"2025-08-28T03:01:09","guid":{"rendered":"https:\/\/roveyayinevi.com.tr\/index.php\/urun\/gunesi-takip-et\/"},"modified":"2026-04-16T03:07:26","modified_gmt":"2026-04-16T00:07:26","slug":"gunesi-takip-et","status":"publish","type":"product","link":"https:\/\/roveyayinevi.com.tr\/index.php\/urun\/gunesi-takip-et\/","title":{"rendered":"G\u00fcne\u015fi Takip Et"},"content":{"rendered":"<p>Gen\u00e7 okurlar\u0131n \u00e7ok sevdi\u011fi yazar Nehir Yarar, bu kez eli kitap tutan minikler i\u00e7in yazd\u0131. Ye\u015fim Ser\u00e7e\u2019nin gen\u00e7 ve \u00f6zg\u00fcn \u00e7izgileriyle bulu\u015fan, okul \u00f6ncesi ya\u015f grubuna seslenen G\u00fcne\u015fi Takip Et, \u00e7ocuklar\u0131n daima bar\u0131\u015f dolu bir d\u00fcnyada ya\u015famalar\u0131 i\u00e7in g\u00fc\u00e7l\u00fc bir dilek niteli\u011finde. Sat\u0131rlar ilerledik\u00e7e sava\u015f\u0131n ba\u015f g\u00f6stermesiyle de\u011fi\u015fen hayatlarla kar\u015f\u0131la\u015facak, bir \u00e7ocu\u011fun reng\u00e2renk d\u00fcnyas\u0131ndan y\u00fckselen o e\u015fsiz merak\u0131 e\u015fli\u011finde olanlar\u0131 anlamaya \u00e7al\u0131\u015facak ve kaybolan renklerin pe\u015fine d\u00fc\u015fece\u011fiz. Sonunda g\u00f6rece\u011fiz ki her \u015feye ra\u011fmen g\u00fcne\u015f t\u00fcm g\u00f6rkemiyle bir yerlerde bizim i\u00e7in bekleyecek ve d\u00fcnyam\u0131z\u0131 yeniden renklendirecek. Hatta belki bir g\u00fcn o g\u00fcne\u015f, \u0131\u015f\u0131\u011f\u0131n\u0131 bar\u0131\u015f\u0131n renklerini iyi tan\u0131yan \u00e7ocuklardan alacak. \u0130\u015fte bu tan\u0131\u015fma i\u00e7in g\u00fczel bir ilk ad\u0131m\u2026   *** Annesi yerinde duram\u0131yordu, k\u0131p\u0131r k\u0131p\u0131rd\u0131. \u00d6nce birlikte de\u011fi\u015fik bir oyun oynad\u0131lar. Derken aniden haz\u0131rl\u0131klar ba\u015flad\u0131. Son g\u00fcnler biraz tuhaf ge\u00e7iyordu, d\u0131\u015far\u0131s\u0131 g\u00fcr\u00fclt\u00fcl\u00fcyd\u00fc ve k\u00f6t\u00fc kokuyordu. \u015eimdiyse annesinin s\u00f6yledi\u011fine g\u00f6re tatile \u00e7\u0131k\u0131yorlard\u0131. Merak i\u00e7indeydi. \u00dcstelik herkes yollardayd\u0131. Reng\u00e2renk bavullarla sanki g\u00fcne\u015fe do\u011fru bir yolculuktu bu\u2026 Ba\u015ftan sona \u00e7ocuk g\u00f6z\u00fcyle ad\u0131mlanan sayfalar\u0131yla, sava\u015f\u0131n g\u00f6t\u00fcrd\u00fc\u011f\u00fc renkler ve umuda dair bir \u00f6yk\u00fc\u2026   Tema: Yer ve zaman olarak nerede oldu\u011fumuz Kavramlar ve Anahtar S\u00f6zc\u00fckler: G\u00f6\u00e7, sava\u015f, VATANDA\u015eLIK, aile, se\u00e7imler, g\u00f6zlem, DUYGULAR, hayvan sevgisi, hayal g\u00fcc\u00fc Tutum ve De\u011ferler: Sevgi, sorumluluk Profil \u00d6\u011feleri: D\u00fc\u015f\u00fcnen, duyarl\u0131 K\u0130TAPTAN   Ne g\u00fczel bir oyun bu. Evin i\u00e7inde annemle ko\u015fuyorum. \u00d6nce mutfa\u011fa, sonra balkona. Bak \u015fimdi de salonday\u0131z\u2026 Annem \u00f6nde, ben hemen arkas\u0131nda. Onu hi\u00e7 bu kadar h\u0131zl\u0131 ko\u015farken g\u00f6rmemi\u015ftim. Sanki yar\u0131\u015fmak istiyor benimle. O da ne! Yatak odas\u0131nda \u00e7ok oyaland\u0131. \u015eimdi de dolab\u0131n \u00fczerindeki sar\u0131 bavulu \u00e7eki\u015ftiriyor. Hop! A\u015fa\u011f\u0131ya indirdi onu. Bana do\u011fru bak\u0131p g\u00f6z k\u0131rp\u0131yor. \u201cK\u0131sa bir tatile \u00e7\u0131kaca\u011f\u0131z.\u201d \u201cYa\u015fas\u0131n! Gidece\u011fimiz yer g\u00fcr\u00fclt\u00fcs\u00fcz olsun. Bu korkun\u00e7 seslerden ve yan\u0131k kokusundan hi\u00e7 ho\u015flanm\u0131yorum.\u201d \u201cGece hi\u00e7 uyuyamad\u0131n de\u011fil mi? Ama ge\u00e7ecek, hepsi ge\u00e7ecek. Bana yard\u0131mc\u0131 olursan \u00e7abucak haz\u0131rlan\u0131r\u0131z.\u201d *** Nihayet yola \u00e7\u0131kt\u0131k. Hayret! Caddeler bombo\u015f. Arada s\u0131rada oyuncak tanklar\u0131m\u0131n ger\u00e7ekleri ge\u00e7iyor yan\u0131m\u0131zdan. \u00c7ok g\u00fcr\u00fclt\u00fcl\u00fc! H\u00e2lbuki oyun oynarken sessizlerdi. Oyuncak olmayan tanklar\u0131 hi\u00e7 sevmedim. \u0130nsanlar bu s\u0131ralar biraz dikkatsizler. \u00c7ok fazla yaral\u0131 var \u00e7evrede. Kimi ba\u015f\u0131n\u0131 sarm\u0131\u015f, kiminin y\u00fcz\u00fcnde \u00e7izikler\u2026 \u201c\u015eu \u00e7ocu\u011fu g\u00f6rd\u00fcn m\u00fc anne? K\u0131r\u0131k bir kolla tatile gitmek zor olmal\u0131.\u201d \u201cBiraz daha h\u0131zl\u0131 y\u00fcr\u00fcmelisin can\u0131m. Trene yeti\u015fmeliyiz.\u201d \u201cPeki\u201d diyorum sessizce.  Pe\u015fimizi hi\u00e7 b\u0131rakmayan bir yan\u0131k kokusu var. Annemle yan yana y\u00fcr\u00fcyoruz ve beni pek dinlemiyor. Sar\u0131 bavulun tekerlekleri ne g\u00fczel t\u0131k\u0131rd\u0131yor. Yol boyunca onun t\u0131k\u0131rt\u0131s\u0131na e\u015flik eden ba\u015fka bavullar da ge\u00e7ti yan\u0131m\u0131zdan. \u0130\u015fte mavi, b\u00fcy\u00fck bir bavul. Galiba t\u00fcm evini bavula s\u0131\u011fd\u0131rm\u0131\u015f bu teyze. \u015eimdi de k\u0131rm\u0131z\u0131 ve hemen arkas\u0131ndan koyu ye\u015fil bir bavul ge\u00e7ti t\u0131k\u0131rdayarak. Lacivert bavulun sahibinin di\u011fer eli de dolu. K\u00f6pe\u011fiyle birlikte y\u00fcr\u00fcyor. *** \u201cG\u00f6r\u00fcyor musun Miav, t\u00fcm \u015fehir tatile \u00e7\u0131km\u0131\u015f. \u0130nsanlar, kediler, k\u00f6pekler\u2026 Yollar reng\u00e2renk bavullarla harika g\u00f6r\u00fcn\u00fcyor.\u201d \u201cMaaaaauuuvvv\u2026\u201d \u201cFark ettin mi anne, nihayet g\u00fcr\u00fclt\u00fcler sona erdi. Yan\u0131k kokusu da yok art\u0131k. G\u00fcne\u015fi g\u00f6r\u00fcyor musun? Galiba bize kat\u0131lmaya karar verdi. Bunlar\u0131n hepsi iyiye i\u015faret. Bence tatilimiz g\u00fczel ge\u00e7ecek. Ya babam, o ne zaman gelir acaba?\u201d \u201c\u00c7ok yak\u0131nda tatl\u0131m, \u00e7ok yak\u0131nda\u2026\u201d <\/p>\n","protected":false},"excerpt":{"rendered":"<p>Gen\u00e7 okurlar\u0131n \u00e7ok sevdi\u011fi yazar Nehir Yarar, bu kez eli kitap tutan minikler i\u00e7in yazd\u0131. Ye\u015fim Ser\u00e7e\u2019nin gen\u00e7 ve \u00f6zg\u00fcn \u00e7izgileriyle bulu\u015fan, okul \u00f6ncesi ya\u015f grubuna<span class=\"excerpt-hellip\"> [\u2026]<\/span><\/p>\n","protected":false},"featured_media":0,"template":"","meta":{"_monsterinsights_skip_tracking":false,"_monsterinsights_sitenote_active":false,"_monsterinsights_sitenote_note":"","_monsterinsights_sitenote_category":0},"product_brand":[],"product_cat":[12274,12284],"product_tag":[],"class_list":{"0":"post-754083","1":"product","2":"type-product","3":"status-publish","5":"product_cat-cocuk-ve-genclik-kitaplari","6":"product_cat-hikayeler","7":"pa_cilt-ciltsiz","8":"pa_tur-kitap","9":"pa_yayinevi-elma-cocuk","10":"pa_yazar-nehir-yarar","12":"first","13":"instock","14":"sale","15":"shipping-taxable","16":"purchasable","17":"product-type-simple"},"_links":{"self":[{"href":"https:\/\/roveyayinevi.com.tr\/index.php\/wp-json\/wp\/v2\/product\/754083","targetHints":{"allow":["GET"]}}],"collection":[{"href":"https:\/\/roveyayinevi.com.tr\/index.php\/wp-json\/wp\/v2\/product"}],"about":[{"href":"https:\/\/roveyayinevi.com.tr\/index.php\/wp-json\/wp\/v2\/types\/product"}],"wp:attachment":[{"href":"https:\/\/roveyayinevi.com.tr\/index.php\/wp-json\/wp\/v2\/media?parent=754083"}],"wp:term":[{"taxonomy":"product_brand","embeddable":true,"href":"https:\/\/roveyayinevi.com.tr\/index.php\/wp-json\/wp\/v2\/product_brand?post=754083"},{"taxonomy":"product_cat","embeddable":true,"href":"https:\/\/roveyayinevi.com.tr\/index.php\/wp-json\/wp\/v2\/product_cat?post=754083"},{"taxonomy":"product_tag","embeddable":true,"href":"https:\/\/roveyayinevi.com.tr\/index.php\/wp-json\/wp\/v2\/product_tag?post=754083"}],"curies":[{"name":"wp","href":"https:\/\/api.w.org\/{rel}","templated":true}]}}