{"id":754082,"date":"2025-08-28T06:01:08","date_gmt":"2025-08-28T03:01:08","guid":{"rendered":"https:\/\/roveyayinevi.com.tr\/index.php\/urun\/gercek-guvercinler-2-tehlikeli-yiyecek-fleksi\/"},"modified":"2026-04-16T03:07:26","modified_gmt":"2026-04-16T00:07:26","slug":"gercek-guvercinler-2-tehlikeli-yiyecek-fleksi","status":"publish","type":"product","link":"https:\/\/roveyayinevi.com.tr\/index.php\/urun\/gercek-guvercinler-2-tehlikeli-yiyecek-fleksi\/","title":{"rendered":"Ger\u00e7ek G\u00fcvercinler 2 &#8211; Tehlikeli Yiyecek! (Fleksi )"},"content":{"rendered":"<p>\u201cBu kitab\u0131 okurken sadece k\u0131k\u0131r k\u0131k\u0131r g\u00fclmekle kalmad\u0131k, ayn\u0131 zamanda orada su\u00e7la sava\u015f\u0131n Ger\u00e7ek G\u00fcvercinler oldu\u011funu bilerek her zamankinden \u00e7ok daha g\u00fcven i\u00e7inde uyuduk!\u201d- Peter Helliar  Ger\u00e7ek G\u00fcvercinler sadece \u015fehri koruyan su\u00e7 sava\u015f\u00e7\u0131lardan olu\u015fan m\u00fckemmel bir ekip de\u011fildir. Ayr\u0131ca en iyi dostlard\u0131r. Ancak \u015ei\u015felenmi\u015f Ku\u015flar\u2019la dolu gizli bir depo, ba\u015f\u0131bo\u015f dola\u015fan su\u00e7lu bir Deve Ku\u015fu, ba\u015fa \u00e7\u0131kmalar\u0131 gereken g\u00fcce a\u00e7 bir \u0130bis Ku\u015fu ve iyi kalpli g\u00f6z\u00fcken Bay Turna varken dostluklar\u0131 ayakta kalabilecek mi?<\/p>\n","protected":false},"excerpt":{"rendered":"<p>\u201cBu kitab\u0131 okurken sadece k\u0131k\u0131r k\u0131k\u0131r g\u00fclmekle kalmad\u0131k, ayn\u0131 zamanda orada su\u00e7la sava\u015f\u0131n Ger\u00e7ek G\u00fcvercinler oldu\u011funu bilerek her zamankinden \u00e7ok daha g\u00fcven i\u00e7inde uyuduk!\u201d- Peter Helliar<span class=\"excerpt-hellip\"> [\u2026]<\/span><\/p>\n","protected":false},"featured_media":0,"template":"","meta":{"_monsterinsights_skip_tracking":false,"_monsterinsights_sitenote_active":false,"_monsterinsights_sitenote_note":"","_monsterinsights_sitenote_category":0},"product_brand":[],"product_cat":[12274],"product_tag":[],"class_list":{"0":"post-754082","1":"product","2":"type-product","3":"status-publish","5":"product_cat-cocuk-ve-genclik-kitaplari","6":"pa_cilt-ciltsiz","7":"pa_tur-kitap","8":"pa_yayinevi-epsilon-yayinlari","9":"pa_yazar-andrew-mcdonald-ben-wood","11":"first","12":"instock","13":"sale","14":"shipping-taxable","15":"purchasable","16":"product-type-simple"},"_links":{"self":[{"href":"https:\/\/roveyayinevi.com.tr\/index.php\/wp-json\/wp\/v2\/product\/754082","targetHints":{"allow":["GET"]}}],"collection":[{"href":"https:\/\/roveyayinevi.com.tr\/index.php\/wp-json\/wp\/v2\/product"}],"about":[{"href":"https:\/\/roveyayinevi.com.tr\/index.php\/wp-json\/wp\/v2\/types\/product"}],"wp:attachment":[{"href":"https:\/\/roveyayinevi.com.tr\/index.php\/wp-json\/wp\/v2\/media?parent=754082"}],"wp:term":[{"taxonomy":"product_brand","embeddable":true,"href":"https:\/\/roveyayinevi.com.tr\/index.php\/wp-json\/wp\/v2\/product_brand?post=754082"},{"taxonomy":"product_cat","embeddable":true,"href":"https:\/\/roveyayinevi.com.tr\/index.php\/wp-json\/wp\/v2\/product_cat?post=754082"},{"taxonomy":"product_tag","embeddable":true,"href":"https:\/\/roveyayinevi.com.tr\/index.php\/wp-json\/wp\/v2\/product_tag?post=754082"}],"curies":[{"name":"wp","href":"https:\/\/api.w.org\/{rel}","templated":true}]}}