{"id":754080,"date":"2025-08-28T06:01:04","date_gmt":"2025-08-28T03:01:04","guid":{"rendered":"https:\/\/roveyayinevi.com.tr\/index.php\/urun\/ittihatci-liderlerin-gizli-mektuplari\/"},"modified":"2026-04-16T03:07:26","modified_gmt":"2026-04-16T00:07:26","slug":"ittihatci-liderlerin-gizli-mektuplari","status":"publish","type":"product","link":"https:\/\/roveyayinevi.com.tr\/index.php\/urun\/ittihatci-liderlerin-gizli-mektuplari\/","title":{"rendered":"\u0130ttihat\u00e7\u0131 Liderlerin Gizli Mektuplar\u0131"},"content":{"rendered":"<p>1920 &#8211; 1921 y\u0131llar\u0131nda, yurt d\u0131\u015f\u0131na ka\u00e7an \u0130ttihat\u00e7\u0131 \u00f6nderlerin kendi aralar\u0131nda ve Mustafa Kemal Pa\u015fa ile mektupla\u015fmalar\u0131&#8230; \u0130htiras, k\u0131skan\u00e7l\u0131k, pi\u015fmanl\u0131k, riyak\u00e2rl\u0131k ve ac\u0131 itiraflarla dolu sat\u0131rlar&#8230; Milli M\u00fccadele&#8217;nin toz duman\u0131 i\u00e7inde yaz\u0131lm\u0131\u015f ve tarihe s\u0131k\u0131lm\u0131\u015f kur\u015fun gibi a\u011f\u0131r, tehdit dolu mektuplar&#8230;   Talat Pa\u015fa&#8217;dan Mustafa Kemal Pa\u015fa&#8217;ya Mustafa Kemal Pa\u015fa&#8217;dan Talat Pa\u015fa&#8217;ya&#8230; Enver Pa\u015fa&#8217;dan Mustafa Kemal Pa\u015fa&#8217;ya Mustafa Kemal Pa\u015fa&#8217;dan Enver Pa\u015fa&#8217;ya&#8230; Cemal Pa\u015fa&#8217;dan Mustafa Kemal Pa\u015fa&#8217;ya Mustafa Kemal Pa\u015fa&#8217;dan Cemal Pa\u015fa&#8217;ya&#8230;   Me\u015frutiyet&#8217;in s\u00f6nen, Cumhuriyet&#8217;in parlayan y\u0131ld\u0131zlar\u0131 son kozlar\u0131n\u0131 bu mektuplarla oynam\u0131\u015flar ama tarihin ve kaderin h\u00fckm\u00fcn\u00fc de\u011fi\u015ftirememi\u015flerdir.   Bu kitapta mektubu bulunan veya kendine mektup yaz\u0131lan ki\u015filer: Mustafa Kemal Pa\u015fa, Talat Pa\u015fa, Enver Pa\u015fa, Cemal Pa\u015fa, Dr. Naz\u0131m, Cavid Bey, \u0130smail Canbulat&#8230;   Ahmet R\u0131za Bey, Rauf Orbay, Galip Kem\u00e2li, Falih R\u0131fk\u0131, Dr. Bahaettin \u015eakir, Halil Pa\u015fa, Fethi Okyar, Cevat Abbas, Kara Kemal, C\u00e2mi Bey, Memduh \u015eevket, Dr. Rusuhi, Edip Servet, Erzurumlu Cafer, Hakk\u0131 Behi\u00e7, Hac\u0131 Adil Bey, Ey\u00fcp Sabri, Emanullah Han&#8230; <\/p>\n","protected":false},"excerpt":{"rendered":"<p>1920 &#8211; 1921 y\u0131llar\u0131nda, yurt d\u0131\u015f\u0131na ka\u00e7an \u0130ttihat\u00e7\u0131 \u00f6nderlerin kendi aralar\u0131nda ve Mustafa Kemal Pa\u015fa ile mektupla\u015fmalar\u0131&#8230; \u0130htiras, k\u0131skan\u00e7l\u0131k, pi\u015fmanl\u0131k, riyak\u00e2rl\u0131k ve ac\u0131 itiraflarla dolu sat\u0131rlar&#8230;<span class=\"excerpt-hellip\"> [\u2026]<\/span><\/p>\n","protected":false},"featured_media":0,"template":"","meta":{"_monsterinsights_skip_tracking":false,"_monsterinsights_sitenote_active":false,"_monsterinsights_sitenote_note":"","_monsterinsights_sitenote_category":0},"product_brand":[],"product_cat":[12312,12304],"product_tag":[],"class_list":{"0":"post-754080","1":"product","2":"type-product","3":"status-publish","5":"product_cat-diger","6":"product_cat-tarih","7":"pa_cilt-ciltsiz","8":"pa_tur-kitap","9":"pa_yayinevi-pankus-yayinlari","10":"pa_yazar-huseyin-cahit-yalcin","12":"first","13":"instock","14":"sale","15":"shipping-taxable","16":"purchasable","17":"product-type-simple"},"_links":{"self":[{"href":"https:\/\/roveyayinevi.com.tr\/index.php\/wp-json\/wp\/v2\/product\/754080","targetHints":{"allow":["GET"]}}],"collection":[{"href":"https:\/\/roveyayinevi.com.tr\/index.php\/wp-json\/wp\/v2\/product"}],"about":[{"href":"https:\/\/roveyayinevi.com.tr\/index.php\/wp-json\/wp\/v2\/types\/product"}],"wp:attachment":[{"href":"https:\/\/roveyayinevi.com.tr\/index.php\/wp-json\/wp\/v2\/media?parent=754080"}],"wp:term":[{"taxonomy":"product_brand","embeddable":true,"href":"https:\/\/roveyayinevi.com.tr\/index.php\/wp-json\/wp\/v2\/product_brand?post=754080"},{"taxonomy":"product_cat","embeddable":true,"href":"https:\/\/roveyayinevi.com.tr\/index.php\/wp-json\/wp\/v2\/product_cat?post=754080"},{"taxonomy":"product_tag","embeddable":true,"href":"https:\/\/roveyayinevi.com.tr\/index.php\/wp-json\/wp\/v2\/product_tag?post=754080"}],"curies":[{"name":"wp","href":"https:\/\/api.w.org\/{rel}","templated":true}]}}