{"id":754073,"date":"2025-08-28T06:00:52","date_gmt":"2025-08-28T03:00:52","guid":{"rendered":"https:\/\/roveyayinevi.com.tr\/index.php\/urun\/gerceklik-yanilsama-oldugu-unutulan-yanilsamadir\/"},"modified":"2026-04-16T03:07:25","modified_gmt":"2026-04-16T00:07:25","slug":"gerceklik-yanilsama-oldugu-unutulan-yanilsamadir","status":"publish","type":"product","link":"https:\/\/roveyayinevi.com.tr\/index.php\/urun\/gerceklik-yanilsama-oldugu-unutulan-yanilsamadir\/","title":{"rendered":"Ger\u00e7eklik Yan\u0131lsama Oldu\u011fu Unutulan Yan\u0131lsamad\u0131r"},"content":{"rendered":"<p>\u201cGer\u00e7e\u011fe susam\u0131\u015fl\u0131k, insanl\u0131\u011f\u0131n en soylu tutkusudur.\u201d   20. y\u00fczy\u0131l\u0131n en \u00f6nemli d\u00fc\u015f\u00fcn\u00fcrlerinden Derrida, geli\u015ftirdi\u011fi y\u00f6ntem ve kavramlarla edebiyat ele\u015ftirisinden sosyolojiye, kimlik sorunundan felsefeye b\u00fct\u00fcn d\u00fc\u015f\u00fcnsel alanlarda sars\u0131c\u0131 sonu\u00e7lara yol a\u00e7t\u0131. Erken ya\u015flarda Rousseau, Nietzsche, Camus gibi yazarlar\u0131 okuyan Derrida, Bergson ve Sartre etkisiyle felsefe \u00e7al\u0131\u015fmalar\u0131na y\u00f6neldi. Dil, us, metafizik ve edebiyatla ilgilendi. Dilin ve metafizi\u011fin i\u00e7ine sinen ta\u015fla\u015fm\u0131\u015f ve yan\u0131lt\u0131c\u0131 yap\u0131lar\u0131 g\u00f6rd\u00fc, onlar\u0131n \u00fczerine gitti. Yap\u0131s\u00f6k\u00fcm, metinsellik, mevcudiyet metafizi\u011fi ve karar verilemezlik gibi kavramlar\u0131 felsefe tarihine kazand\u0131rd\u0131. Derrida, yap\u0131s\u00f6k\u00fcmc\u00fcl\u00fck olarak bilinen ele\u015ftirel d\u00fc\u015f\u00fcnce y\u00f6nteminin kurucusu olarak tarihe ge\u00e7ti. <\/p>\n","protected":false},"excerpt":{"rendered":"<p>\u201cGer\u00e7e\u011fe susam\u0131\u015fl\u0131k, insanl\u0131\u011f\u0131n en soylu tutkusudur.\u201d 20. y\u00fczy\u0131l\u0131n en \u00f6nemli d\u00fc\u015f\u00fcn\u00fcrlerinden Derrida, geli\u015ftirdi\u011fi y\u00f6ntem ve kavramlarla edebiyat ele\u015ftirisinden sosyolojiye, kimlik sorunundan felsefeye b\u00fct\u00fcn d\u00fc\u015f\u00fcnsel alanlarda sars\u0131c\u0131<span class=\"excerpt-hellip\"> [\u2026]<\/span><\/p>\n","protected":false},"featured_media":0,"template":"","meta":{"_monsterinsights_skip_tracking":false,"_monsterinsights_sitenote_active":false,"_monsterinsights_sitenote_note":"","_monsterinsights_sitenote_category":0},"product_brand":[],"product_cat":[12388],"product_tag":[],"class_list":{"0":"post-754073","1":"product","2":"type-product","3":"status-publish","5":"product_cat-felsefe","6":"pa_cilt-ciltsiz","7":"pa_tur-kitap","8":"pa_yayinevi-destek-yayinlari","9":"pa_yazar-kaan-demirdoven","11":"first","12":"instock","13":"sale","14":"shipping-taxable","15":"purchasable","16":"product-type-simple"},"_links":{"self":[{"href":"https:\/\/roveyayinevi.com.tr\/index.php\/wp-json\/wp\/v2\/product\/754073","targetHints":{"allow":["GET"]}}],"collection":[{"href":"https:\/\/roveyayinevi.com.tr\/index.php\/wp-json\/wp\/v2\/product"}],"about":[{"href":"https:\/\/roveyayinevi.com.tr\/index.php\/wp-json\/wp\/v2\/types\/product"}],"wp:attachment":[{"href":"https:\/\/roveyayinevi.com.tr\/index.php\/wp-json\/wp\/v2\/media?parent=754073"}],"wp:term":[{"taxonomy":"product_brand","embeddable":true,"href":"https:\/\/roveyayinevi.com.tr\/index.php\/wp-json\/wp\/v2\/product_brand?post=754073"},{"taxonomy":"product_cat","embeddable":true,"href":"https:\/\/roveyayinevi.com.tr\/index.php\/wp-json\/wp\/v2\/product_cat?post=754073"},{"taxonomy":"product_tag","embeddable":true,"href":"https:\/\/roveyayinevi.com.tr\/index.php\/wp-json\/wp\/v2\/product_tag?post=754073"}],"curies":[{"name":"wp","href":"https:\/\/api.w.org\/{rel}","templated":true}]}}