{"id":754071,"date":"2025-08-28T06:00:49","date_gmt":"2025-08-28T03:00:49","guid":{"rendered":"https:\/\/roveyayinevi.com.tr\/index.php\/urun\/iktidar-ve-piyasa\/"},"modified":"2026-04-16T03:07:25","modified_gmt":"2026-04-16T00:07:25","slug":"iktidar-ve-piyasa","status":"publish","type":"product","link":"https:\/\/roveyayinevi.com.tr\/index.php\/urun\/iktidar-ve-piyasa\/","title":{"rendered":"\u0130ktidar ve Piyasa"},"content":{"rendered":"<p>Devlet, sosyal ve ekonomik refah\u0131 art\u0131rmak i\u00e7in ne yapabilir? Hi\u00e7bir \u015fey, diyor Murray N. Rothbard. \u0130ktidar ve Piyasa bunun kan\u0131t\u0131n\u0131 i\u00e7eriyor. Okuyucuyu, herhangi bir sosyal veya ekonomik soruna \u00e7\u00f6z\u00fcm olarak devlete ba\u015fvurman\u0131n yanl\u0131\u015f oldu\u011funa ikna ediyor.   Bu kitap&#8230;. &#8220;Ben serbest piyasalardan yanay\u0131m ama&#8230;&#8221; diyen ve ard\u0131ndan yararl\u0131 oldu\u011funa inand\u0131\u011f\u0131 bir m\u00fcdahaleyi savunmaya devam eden ki\u015filere verilecek ideal bir cevapt\u0131r. Rothbard ne olursa olsun bunun yararl\u0131 olmad\u0131\u011f\u0131n\u0131 g\u00f6steriyor. Ve her t\u00fcrl\u00fc h\u00fck\u00fcmet m\u00fcdahalesinin toplumu nas\u0131l daha k\u00f6t\u00fc hale getirdi\u011fini anlamak i\u00e7in gerekli mant\u0131\u011f\u0131 sunuyor.   Kitapta ele al\u0131nan konulardan baz\u0131lar\u0131 \u015funlard\u0131r: fiyat kontrol\u00fc, zorunlu karteller, lisanslar, kalite standartlar\u0131, g\u00fcvenlik \u00f6nlemleri, tarifeler, \u00e7ocuk i\u015f\u00e7i yasalar\u0131, zorunlu askerlik, i\u015fsizli\u011fe s\u00fcbvansiyonlar, istihdama s\u00fcbvansiyonlar, taban fiyatland\u0131rma yasaklar\u0131, koruma, antitr\u00f6st yasalar\u0131, patentler, kamu hizmetleri, kamula\u015ft\u0131rma, \u00fccret vergileri, kurumlar vergisi, sermaye kazanc\u0131 vergileri, emlak vergileri, artan oranl\u0131 vergiler, tek vergi, herhangi bir \u015feyin devlet m\u00fclkiyeti ve her t\u00fcrl\u00fc devlet harcamas\u0131&#8230; Rothbard, her kategoride, \u00f6nlemin neden ba\u015far\u0131s\u0131z oldu\u011funun gerek\u00e7esini ortaya koyuyor. <\/p>\n","protected":false},"excerpt":{"rendered":"<p>Devlet, sosyal ve ekonomik refah\u0131 art\u0131rmak i\u00e7in ne yapabilir? Hi\u00e7bir \u015fey, diyor Murray N. Rothbard. \u0130ktidar ve Piyasa bunun kan\u0131t\u0131n\u0131 i\u00e7eriyor. Okuyucuyu, herhangi bir sosyal veya<span class=\"excerpt-hellip\"> [\u2026]<\/span><\/p>\n","protected":false},"featured_media":0,"template":"","meta":{"_monsterinsights_skip_tracking":false,"_monsterinsights_sitenote_active":false,"_monsterinsights_sitenote_note":"","_monsterinsights_sitenote_category":0},"product_brand":[],"product_cat":[13590,12337],"product_tag":[],"class_list":{"0":"post-754071","1":"product","2":"type-product","3":"status-publish","5":"product_cat-arastirma-inceleme-politika-siyaset","6":"product_cat-politika-siyaset","7":"pa_cilt-ciltsiz","8":"pa_tur-kitap","9":"pa_yayinevi-liberte-yayinlari","10":"pa_yazar-murray-n-rothbard","12":"first","13":"instock","14":"sale","15":"shipping-taxable","16":"purchasable","17":"product-type-simple"},"_links":{"self":[{"href":"https:\/\/roveyayinevi.com.tr\/index.php\/wp-json\/wp\/v2\/product\/754071","targetHints":{"allow":["GET"]}}],"collection":[{"href":"https:\/\/roveyayinevi.com.tr\/index.php\/wp-json\/wp\/v2\/product"}],"about":[{"href":"https:\/\/roveyayinevi.com.tr\/index.php\/wp-json\/wp\/v2\/types\/product"}],"wp:attachment":[{"href":"https:\/\/roveyayinevi.com.tr\/index.php\/wp-json\/wp\/v2\/media?parent=754071"}],"wp:term":[{"taxonomy":"product_brand","embeddable":true,"href":"https:\/\/roveyayinevi.com.tr\/index.php\/wp-json\/wp\/v2\/product_brand?post=754071"},{"taxonomy":"product_cat","embeddable":true,"href":"https:\/\/roveyayinevi.com.tr\/index.php\/wp-json\/wp\/v2\/product_cat?post=754071"},{"taxonomy":"product_tag","embeddable":true,"href":"https:\/\/roveyayinevi.com.tr\/index.php\/wp-json\/wp\/v2\/product_tag?post=754071"}],"curies":[{"name":"wp","href":"https:\/\/api.w.org\/{rel}","templated":true}]}}