{"id":754070,"date":"2025-08-28T06:00:47","date_gmt":"2025-08-28T03:00:47","guid":{"rendered":"https:\/\/roveyayinevi.com.tr\/index.php\/urun\/insan-iktisat-ve-devlet\/"},"modified":"2026-04-16T03:07:25","modified_gmt":"2026-04-16T00:07:25","slug":"insan-iktisat-ve-devlet","status":"publish","type":"product","link":"https:\/\/roveyayinevi.com.tr\/index.php\/urun\/insan-iktisat-ve-devlet\/","title":{"rendered":"\u0130nsan \u0130ktisat ve Devlet"},"content":{"rendered":"<p>Murray N. Rothbard, \u0130nsan \u0130ktisat ve Devlet ile, Mises&#8217;in yazd\u0131\u011f\u0131 \u0130nsan Eylemi kitab\u0131n\u0131n ard\u0131ndan Avusturya \u0130ktisat Okulu gelene\u011fini en y\u00fcksek seviyesine ula\u015ft\u0131ran iktisat\u00e7\u0131lardan biridir. Bu y\u00fczden  Rothbard&#8217;\u0131n eseri tam bir ba\u015f yap\u0131t niteli\u011findedir. Denilebilir ki, eser, piyasa iktisad\u0131n\u0131n \u015fimdiye kadar ki en olgun teorisini sunma ba\u015far\u0131s\u0131n\u0131 g\u00f6stermi\u015ftir. \u0130ktisad\u0131 genel insan davran\u0131\u015f\u0131 biliminin (praxeology) en geli\u015fmi\u015f alt dal\u0131 olarak ele alan Avusturya \u0130ktisat Okulu&#8217;nun \u00f6nde gelen temsilcisi Rothbard, iktisad\u0131n konular\u0131n\u0131 birbirinden kopuk alt kollara ay\u0131rmaks\u0131z\u0131n b\u00fcy\u00fck bir yap\u0131 i\u00e7erisinde ele almaktad\u0131r. Temel sorunsal olarak devlet m\u00fcdahalecili\u011finin \u00f6zg\u00fcr bir toplumun iktisad\u00ee hayat\u0131nda yaratt\u0131\u011f\u0131 problemler \u00fczerine duran yazar, fiyatlar\u0131n olu\u015fumu, t\u00fcketim teorisi, \u00fcretim teorisi, enflasyon teorisi, tekel teorisi, matematiksel iktisad\u0131n problemleri ve giri\u015fimcilik gibi temel sorunsallara  b\u00fct\u00fcnc\u00fcl bir perspektiften yakla\u015farak yeni a\u00e7\u0131l\u0131mlar getirmi\u015ftir. Liberte Yay\u0131nlar\u0131 olarak bu b\u00fcy\u00fck gelene\u011fin g\u00f6z ard\u0131 edili\u015fine kar\u015f\u0131 bir duru\u015f olarak Rothbard&#8217;\u0131n eserini yay\u0131nlamaktan iftihar ediyoruz. <\/p>\n","protected":false},"excerpt":{"rendered":"<p>Murray N. Rothbard, \u0130nsan \u0130ktisat ve Devlet ile, Mises&#8217;in yazd\u0131\u011f\u0131 \u0130nsan Eylemi kitab\u0131n\u0131n ard\u0131ndan Avusturya \u0130ktisat Okulu gelene\u011fini en y\u00fcksek seviyesine ula\u015ft\u0131ran iktisat\u00e7\u0131lardan biridir. Bu y\u00fczden<span class=\"excerpt-hellip\"> [\u2026]<\/span><\/p>\n","protected":false},"featured_media":0,"template":"","meta":{"_monsterinsights_skip_tracking":false,"_monsterinsights_sitenote_active":false,"_monsterinsights_sitenote_note":"","_monsterinsights_sitenote_category":0},"product_brand":[],"product_cat":[13590,12337],"product_tag":[],"class_list":{"0":"post-754070","1":"product","2":"type-product","3":"status-publish","5":"product_cat-arastirma-inceleme-politika-siyaset","6":"product_cat-politika-siyaset","7":"pa_cilt-ciltsiz","8":"pa_tur-kitap","9":"pa_yayinevi-liberte-yayinlari","10":"pa_yazar-murray-n-rothbard","12":"first","13":"instock","14":"sale","15":"shipping-taxable","16":"purchasable","17":"product-type-simple"},"_links":{"self":[{"href":"https:\/\/roveyayinevi.com.tr\/index.php\/wp-json\/wp\/v2\/product\/754070","targetHints":{"allow":["GET"]}}],"collection":[{"href":"https:\/\/roveyayinevi.com.tr\/index.php\/wp-json\/wp\/v2\/product"}],"about":[{"href":"https:\/\/roveyayinevi.com.tr\/index.php\/wp-json\/wp\/v2\/types\/product"}],"wp:attachment":[{"href":"https:\/\/roveyayinevi.com.tr\/index.php\/wp-json\/wp\/v2\/media?parent=754070"}],"wp:term":[{"taxonomy":"product_brand","embeddable":true,"href":"https:\/\/roveyayinevi.com.tr\/index.php\/wp-json\/wp\/v2\/product_brand?post=754070"},{"taxonomy":"product_cat","embeddable":true,"href":"https:\/\/roveyayinevi.com.tr\/index.php\/wp-json\/wp\/v2\/product_cat?post=754070"},{"taxonomy":"product_tag","embeddable":true,"href":"https:\/\/roveyayinevi.com.tr\/index.php\/wp-json\/wp\/v2\/product_tag?post=754070"}],"curies":[{"name":"wp","href":"https:\/\/api.w.org\/{rel}","templated":true}]}}