{"id":754069,"date":"2025-08-28T06:00:45","date_gmt":"2025-08-28T03:00:45","guid":{"rendered":"https:\/\/roveyayinevi.com.tr\/index.php\/urun\/ikiz-gezegenler-yok-yuzler1\/"},"modified":"2026-04-16T03:07:25","modified_gmt":"2026-04-16T00:07:25","slug":"ikiz-gezegenler-yok-yuzler1","status":"publish","type":"product","link":"https:\/\/roveyayinevi.com.tr\/index.php\/urun\/ikiz-gezegenler-yok-yuzler1\/","title":{"rendered":"\u0130kiz Gezegenler &#8211; Yok Y\u00fczler:1"},"content":{"rendered":"<p>Bir bilimkurgu roman\u0131nda B\u0130L\u0130M KURGU EDEB\u0130YAT usta bir kalemin elinde yo\u011frulup b\u00fct\u00fcnle\u015fiyorsa nas\u0131l da \u00e7ok farkl\u0131 okuma lezzetleri \u00e7\u0131kar ortaya? Ve \u00fcstelik bu m\u00fcthi\u015f ser\u00fcven \u0130zmir co\u011frafyas\u0131nda ya\u015fan\u0131yorsa okuman\u0131n tad\u0131na doyum olmaz. Sadece \u00e7ocuklar\u0131n ve gen\u00e7lerin de\u011fil yeti\u015fkinlerin de bir solukta okuyaca\u011f\u0131 heyecanl\u0131 bir dizinin ilk kitab\u0131yla bulu\u015fturuyoruz sizleri&#8230;<\/p>\n","protected":false},"excerpt":{"rendered":"<p>Bir bilimkurgu roman\u0131nda B\u0130L\u0130M KURGU EDEB\u0130YAT usta bir kalemin elinde yo\u011frulup b\u00fct\u00fcnle\u015fiyorsa nas\u0131l da \u00e7ok farkl\u0131 okuma lezzetleri \u00e7\u0131kar ortaya? Ve \u00fcstelik bu m\u00fcthi\u015f ser\u00fcven \u0130zmir<span class=\"excerpt-hellip\"> [\u2026]<\/span><\/p>\n","protected":false},"featured_media":0,"template":"","meta":{"_monsterinsights_skip_tracking":false,"_monsterinsights_sitenote_active":false,"_monsterinsights_sitenote_note":"","_monsterinsights_sitenote_category":0},"product_brand":[],"product_cat":[12540,12291],"product_tag":[],"class_list":{"0":"post-754069","1":"product","2":"type-product","3":"status-publish","5":"product_cat-bilim-kurgu","6":"product_cat-edebiyat","7":"pa_cilt-ciltsiz","8":"pa_tur-kitap","9":"pa_yayinevi-smirna-yayinlari","10":"pa_yazar-habib-bektas","12":"first","13":"instock","14":"sale","15":"shipping-taxable","16":"purchasable","17":"product-type-simple"},"_links":{"self":[{"href":"https:\/\/roveyayinevi.com.tr\/index.php\/wp-json\/wp\/v2\/product\/754069","targetHints":{"allow":["GET"]}}],"collection":[{"href":"https:\/\/roveyayinevi.com.tr\/index.php\/wp-json\/wp\/v2\/product"}],"about":[{"href":"https:\/\/roveyayinevi.com.tr\/index.php\/wp-json\/wp\/v2\/types\/product"}],"wp:attachment":[{"href":"https:\/\/roveyayinevi.com.tr\/index.php\/wp-json\/wp\/v2\/media?parent=754069"}],"wp:term":[{"taxonomy":"product_brand","embeddable":true,"href":"https:\/\/roveyayinevi.com.tr\/index.php\/wp-json\/wp\/v2\/product_brand?post=754069"},{"taxonomy":"product_cat","embeddable":true,"href":"https:\/\/roveyayinevi.com.tr\/index.php\/wp-json\/wp\/v2\/product_cat?post=754069"},{"taxonomy":"product_tag","embeddable":true,"href":"https:\/\/roveyayinevi.com.tr\/index.php\/wp-json\/wp\/v2\/product_tag?post=754069"}],"curies":[{"name":"wp","href":"https:\/\/api.w.org\/{rel}","templated":true}]}}