{"id":754068,"date":"2025-08-28T06:00:43","date_gmt":"2025-08-28T03:00:43","guid":{"rendered":"https:\/\/roveyayinevi.com.tr\/index.php\/urun\/bir-zamanlar-laleli-ve-aksaray-1960-1977\/"},"modified":"2026-04-16T03:07:25","modified_gmt":"2026-04-16T00:07:25","slug":"bir-zamanlar-laleli-ve-aksaray-1960-1977","status":"publish","type":"product","link":"https:\/\/roveyayinevi.com.tr\/index.php\/urun\/bir-zamanlar-laleli-ve-aksaray-1960-1977\/","title":{"rendered":"Bir Zamanlar Laleli ve Aksaray (1960-1977)"},"content":{"rendered":"<p>\u0130stanbul&#8217;un Laleli semtinde ya\u015fam\u0131\u015f bir \u0130stanbul&#8217;lunun ( 1960-1977) y\u0131llar\u0131n\u0131 kapsayan; Laleli ve Aksaray semtlerindeki d\u00fckkan, esnaf, bina, ula\u015f\u0131m ve ya\u015fant\u0131y\u0131 kendi ki\u015fisel hayat\u0131n\u0131n ak\u0131\u015f\u0131yla harmanlayarak haf\u0131zas\u0131nda biriktirdikleriyle; d\u00f6neme ait belge, bilgi, g\u00f6rsel ve kendi \u00e7izimleriyle okuyucuyu ge\u00e7mi\u015fe do\u011fru yolculu\u011fa \u00e7\u0131karmay\u0131 ama\u00e7layan bir an\u0131 kitab\u0131. <\/p>\n","protected":false},"excerpt":{"rendered":"<p>\u0130stanbul&#8217;un Laleli semtinde ya\u015fam\u0131\u015f bir \u0130stanbul&#8217;lunun ( 1960-1977) y\u0131llar\u0131n\u0131 kapsayan; Laleli ve Aksaray semtlerindeki d\u00fckkan, esnaf, bina, ula\u015f\u0131m ve ya\u015fant\u0131y\u0131 kendi ki\u015fisel hayat\u0131n\u0131n ak\u0131\u015f\u0131yla harmanlayarak haf\u0131zas\u0131nda<span class=\"excerpt-hellip\"> [\u2026]<\/span><\/p>\n","protected":false},"featured_media":0,"template":"","meta":{"_monsterinsights_skip_tracking":false,"_monsterinsights_sitenote_active":false,"_monsterinsights_sitenote_note":"","_monsterinsights_sitenote_category":0},"product_brand":[],"product_cat":[13701,12291],"product_tag":[],"class_list":{"0":"post-754068","1":"product","2":"type-product","3":"status-publish","5":"product_cat-ani-mektup-gunluk","6":"product_cat-edebiyat","7":"pa_cilt-ciltsiz","8":"pa_tur-kitap","9":"pa_yayinevi-soncag","10":"pa_yazar-mesut-cinetci","12":"first","13":"instock","14":"sale","15":"shipping-taxable","16":"purchasable","17":"product-type-simple"},"_links":{"self":[{"href":"https:\/\/roveyayinevi.com.tr\/index.php\/wp-json\/wp\/v2\/product\/754068","targetHints":{"allow":["GET"]}}],"collection":[{"href":"https:\/\/roveyayinevi.com.tr\/index.php\/wp-json\/wp\/v2\/product"}],"about":[{"href":"https:\/\/roveyayinevi.com.tr\/index.php\/wp-json\/wp\/v2\/types\/product"}],"wp:attachment":[{"href":"https:\/\/roveyayinevi.com.tr\/index.php\/wp-json\/wp\/v2\/media?parent=754068"}],"wp:term":[{"taxonomy":"product_brand","embeddable":true,"href":"https:\/\/roveyayinevi.com.tr\/index.php\/wp-json\/wp\/v2\/product_brand?post=754068"},{"taxonomy":"product_cat","embeddable":true,"href":"https:\/\/roveyayinevi.com.tr\/index.php\/wp-json\/wp\/v2\/product_cat?post=754068"},{"taxonomy":"product_tag","embeddable":true,"href":"https:\/\/roveyayinevi.com.tr\/index.php\/wp-json\/wp\/v2\/product_tag?post=754068"}],"curies":[{"name":"wp","href":"https:\/\/api.w.org\/{rel}","templated":true}]}}