{"id":754067,"date":"2025-08-28T06:00:42","date_gmt":"2025-08-28T03:00:42","guid":{"rendered":"https:\/\/roveyayinevi.com.tr\/index.php\/urun\/kapadokya-bolgesi-folkloru\/"},"modified":"2026-04-16T03:07:25","modified_gmt":"2026-04-16T00:07:25","slug":"kapadokya-bolgesi-folkloru","status":"publish","type":"product","link":"https:\/\/roveyayinevi.com.tr\/index.php\/urun\/kapadokya-bolgesi-folkloru\/","title":{"rendered":"Kapadokya B\u00f6lgesi Folkloru"},"content":{"rendered":"<p>Kapadokya konusunda \u00e7al\u0131\u015fmalar\u0131n\u0131 yo\u011funla\u015ft\u0131ran Faruk G\u00fc\u00e7l\u00fc, 1994 y\u0131l\u0131nda Nev\u015fehir Folkloru isimli bir \u00e7al\u0131\u015fmas\u0131n\u0131 yay\u0131nlam\u0131\u015ft\u0131. Kadim medeniyetlere be\u015fiklik eden Kapadokya b\u00f6lgesi, de\u011fi\u015fik k\u00fclt\u00fcrlerin harmanlanmas\u0131ndan olu\u015fan derin izleri olan bir uygarl\u0131k tarihi b\u0131rakm\u0131\u015ft\u0131r geriye. Kapadokya Folkloru isimli bu eser kadim medeniyetlerin k\u00fclt\u00fcrlerinden s\u00fcz\u00fclen birikimlerini ta\u015f\u0131maktad\u0131r. <\/p>\n","protected":false},"excerpt":{"rendered":"<p>Kapadokya konusunda \u00e7al\u0131\u015fmalar\u0131n\u0131 yo\u011funla\u015ft\u0131ran Faruk G\u00fc\u00e7l\u00fc, 1994 y\u0131l\u0131nda Nev\u015fehir Folkloru isimli bir \u00e7al\u0131\u015fmas\u0131n\u0131 yay\u0131nlam\u0131\u015ft\u0131. Kadim medeniyetlere be\u015fiklik eden Kapadokya b\u00f6lgesi, de\u011fi\u015fik k\u00fclt\u00fcrlerin harmanlanmas\u0131ndan olu\u015fan derin izleri<span class=\"excerpt-hellip\"> [\u2026]<\/span><\/p>\n","protected":false},"featured_media":0,"template":"","meta":{"_monsterinsights_skip_tracking":false,"_monsterinsights_sitenote_active":false,"_monsterinsights_sitenote_note":"","_monsterinsights_sitenote_category":0},"product_brand":[],"product_cat":[20039,13488],"product_tag":[],"class_list":{"0":"post-754067","1":"product","2":"type-product","3":"status-publish","5":"product_cat-kultur-tarihi","6":"product_cat-toplum-ve-insan","7":"pa_cilt-ciltsiz","8":"pa_tur-kitap","9":"pa_yayinevi-somut-yayinlari","10":"pa_yazar-faruk-guclu","12":"first","13":"instock","14":"sale","15":"shipping-taxable","16":"purchasable","17":"product-type-simple"},"_links":{"self":[{"href":"https:\/\/roveyayinevi.com.tr\/index.php\/wp-json\/wp\/v2\/product\/754067","targetHints":{"allow":["GET"]}}],"collection":[{"href":"https:\/\/roveyayinevi.com.tr\/index.php\/wp-json\/wp\/v2\/product"}],"about":[{"href":"https:\/\/roveyayinevi.com.tr\/index.php\/wp-json\/wp\/v2\/types\/product"}],"wp:attachment":[{"href":"https:\/\/roveyayinevi.com.tr\/index.php\/wp-json\/wp\/v2\/media?parent=754067"}],"wp:term":[{"taxonomy":"product_brand","embeddable":true,"href":"https:\/\/roveyayinevi.com.tr\/index.php\/wp-json\/wp\/v2\/product_brand?post=754067"},{"taxonomy":"product_cat","embeddable":true,"href":"https:\/\/roveyayinevi.com.tr\/index.php\/wp-json\/wp\/v2\/product_cat?post=754067"},{"taxonomy":"product_tag","embeddable":true,"href":"https:\/\/roveyayinevi.com.tr\/index.php\/wp-json\/wp\/v2\/product_tag?post=754067"}],"curies":[{"name":"wp","href":"https:\/\/api.w.org\/{rel}","templated":true}]}}