{"id":754063,"date":"2025-08-28T06:00:36","date_gmt":"2025-08-28T03:00:36","guid":{"rendered":"https:\/\/roveyayinevi.com.tr\/index.php\/urun\/pop-starlar-danscilar-modayi-seviyoruz\/"},"modified":"2026-04-16T03:07:25","modified_gmt":"2026-04-16T00:07:25","slug":"pop-starlar-danscilar-modayi-seviyoruz","status":"publish","type":"product","link":"https:\/\/roveyayinevi.com.tr\/index.php\/urun\/pop-starlar-danscilar-modayi-seviyoruz\/","title":{"rendered":"Pop Starlar Dans\u00e7\u0131lar -Moday\u0131 Seviyoruz"},"content":{"rendered":"<p>Sahne \u00fczerinde haval\u0131 ve ritmik bir \u015fekilde dans et ve d\u00fcnyay\u0131 fethet!   Dans\u00e7\u0131lar\u0131n stili kendi i\u00e7inde olduk\u00e7a z\u0131tl\u0131k i\u00e7erir: bol kazaklar, \u015f\u0131k elbiseler, g\u00f6rkemli pelerinler ve renkli aksesuarlar. Her zaman hayalini kurdu\u011fun \u015fa\u015f\u0131rt\u0131c\u0131 k\u0131yafet kombinlerini yaratabileceksin. Tarz sahibi dans\u00e7\u0131lar\u0131 boya, onlar\u0131 \u00e7\u0131kartmalarla s\u00fcsle ve dans d\u00fcnyas\u0131n\u0131n hi\u00e7 s\u00f6nmeyen y\u0131ld\u0131z\u0131 ol. <\/p>\n","protected":false},"excerpt":{"rendered":"<p>Sahne \u00fczerinde haval\u0131 ve ritmik bir \u015fekilde dans et ve d\u00fcnyay\u0131 fethet! Dans\u00e7\u0131lar\u0131n stili kendi i\u00e7inde olduk\u00e7a z\u0131tl\u0131k i\u00e7erir: bol kazaklar, \u015f\u0131k elbiseler, g\u00f6rkemli pelerinler ve<span class=\"excerpt-hellip\"> [\u2026]<\/span><\/p>\n","protected":false},"featured_media":0,"template":"","meta":{"_monsterinsights_skip_tracking":false,"_monsterinsights_sitenote_active":false,"_monsterinsights_sitenote_note":"","_monsterinsights_sitenote_category":0},"product_brand":[],"product_cat":[12644,12274],"product_tag":[],"class_list":{"0":"post-754063","1":"product","2":"type-product","3":"status-publish","5":"product_cat-boyama-kitaplari","6":"product_cat-cocuk-ve-genclik-kitaplari","7":"pa_cilt-ciltsiz","8":"pa_tur-kitap","9":"pa_yayinevi-eksik-parca-yayinlari","10":"pa_yazar-zivile-agurkyte","12":"first","13":"instock","14":"sale","15":"shipping-taxable","16":"purchasable","17":"product-type-simple"},"_links":{"self":[{"href":"https:\/\/roveyayinevi.com.tr\/index.php\/wp-json\/wp\/v2\/product\/754063","targetHints":{"allow":["GET"]}}],"collection":[{"href":"https:\/\/roveyayinevi.com.tr\/index.php\/wp-json\/wp\/v2\/product"}],"about":[{"href":"https:\/\/roveyayinevi.com.tr\/index.php\/wp-json\/wp\/v2\/types\/product"}],"wp:attachment":[{"href":"https:\/\/roveyayinevi.com.tr\/index.php\/wp-json\/wp\/v2\/media?parent=754063"}],"wp:term":[{"taxonomy":"product_brand","embeddable":true,"href":"https:\/\/roveyayinevi.com.tr\/index.php\/wp-json\/wp\/v2\/product_brand?post=754063"},{"taxonomy":"product_cat","embeddable":true,"href":"https:\/\/roveyayinevi.com.tr\/index.php\/wp-json\/wp\/v2\/product_cat?post=754063"},{"taxonomy":"product_tag","embeddable":true,"href":"https:\/\/roveyayinevi.com.tr\/index.php\/wp-json\/wp\/v2\/product_tag?post=754063"}],"curies":[{"name":"wp","href":"https:\/\/api.w.org\/{rel}","templated":true}]}}