{"id":754056,"date":"2025-08-28T06:00:25","date_gmt":"2025-08-28T03:00:25","guid":{"rendered":"https:\/\/roveyayinevi.com.tr\/index.php\/urun\/ben-de-seni-cok-seviyorum-allahim\/"},"modified":"2026-04-16T03:07:25","modified_gmt":"2026-04-16T00:07:25","slug":"ben-de-seni-cok-seviyorum-allahim","status":"publish","type":"product","link":"https:\/\/roveyayinevi.com.tr\/index.php\/urun\/ben-de-seni-cok-seviyorum-allahim\/","title":{"rendered":"Ben de Seni \u00c7ok Seviyorum Allah\u2019\u0131m"},"content":{"rendered":"<p>\u00c7ok seviyor Rabbimiz bizi,   Yerlere g\u00f6klere yazm\u0131\u015f sevgisini, A\u00e7arsan g\u00f6zlerini kocaman sen de     Okuyabilirsin bunu bakt\u0131\u011f\u0131n her yerde.   Bazen bir ku\u015fun \u015fark\u0131s\u0131nda, Bazen annenin s\u0131cak kekinde, Bazen \u0131hlamurun yapra\u011f\u0131nda, Bazen ya\u011fmurdan sonra topra\u011f\u0131n kokusunda\u2026   G\u00f6zlerini kocaman a\u00e7 ve seyret, Bazen de s\u0131ms\u0131k\u0131 yum ve hisset! <\/p>\n","protected":false},"excerpt":{"rendered":"<p>\u00c7ok seviyor Rabbimiz bizi, Yerlere g\u00f6klere yazm\u0131\u015f sevgisini, A\u00e7arsan g\u00f6zlerini kocaman sen de Okuyabilirsin bunu bakt\u0131\u011f\u0131n her yerde. Bazen bir ku\u015fun \u015fark\u0131s\u0131nda, Bazen annenin s\u0131cak kekinde,<span class=\"excerpt-hellip\"> [\u2026]<\/span><\/p>\n","protected":false},"featured_media":0,"template":"","meta":{"_monsterinsights_skip_tracking":false,"_monsterinsights_sitenote_active":false,"_monsterinsights_sitenote_note":"","_monsterinsights_sitenote_category":0},"product_brand":[],"product_cat":[12274,12284],"product_tag":[],"class_list":{"0":"post-754056","1":"product","2":"type-product","3":"status-publish","5":"product_cat-cocuk-ve-genclik-kitaplari","6":"product_cat-hikayeler","7":"pa_cilt-ciltsiz","8":"pa_tur-kitap","9":"pa_yayinevi-nesil-cocuk-yayinlari","10":"pa_yazar-merve-gulcemal","12":"first","13":"instock","14":"sale","15":"shipping-taxable","16":"purchasable","17":"product-type-simple"},"_links":{"self":[{"href":"https:\/\/roveyayinevi.com.tr\/index.php\/wp-json\/wp\/v2\/product\/754056","targetHints":{"allow":["GET"]}}],"collection":[{"href":"https:\/\/roveyayinevi.com.tr\/index.php\/wp-json\/wp\/v2\/product"}],"about":[{"href":"https:\/\/roveyayinevi.com.tr\/index.php\/wp-json\/wp\/v2\/types\/product"}],"wp:attachment":[{"href":"https:\/\/roveyayinevi.com.tr\/index.php\/wp-json\/wp\/v2\/media?parent=754056"}],"wp:term":[{"taxonomy":"product_brand","embeddable":true,"href":"https:\/\/roveyayinevi.com.tr\/index.php\/wp-json\/wp\/v2\/product_brand?post=754056"},{"taxonomy":"product_cat","embeddable":true,"href":"https:\/\/roveyayinevi.com.tr\/index.php\/wp-json\/wp\/v2\/product_cat?post=754056"},{"taxonomy":"product_tag","embeddable":true,"href":"https:\/\/roveyayinevi.com.tr\/index.php\/wp-json\/wp\/v2\/product_tag?post=754056"}],"curies":[{"name":"wp","href":"https:\/\/api.w.org\/{rel}","templated":true}]}}