{"id":754055,"date":"2025-08-28T06:00:24","date_gmt":"2025-08-28T03:00:24","guid":{"rendered":"https:\/\/roveyayinevi.com.tr\/index.php\/urun\/kuran-i-kerimde-beyne-mucizesi-ve-yasayan-kuran-mucizeleri-2\/"},"modified":"2026-04-16T03:07:25","modified_gmt":"2026-04-16T00:07:25","slug":"kuran-i-kerimde-beyne-mucizesi-ve-yasayan-kuran-mucizeleri-2","status":"publish","type":"product","link":"https:\/\/roveyayinevi.com.tr\/index.php\/urun\/kuran-i-kerimde-beyne-mucizesi-ve-yasayan-kuran-mucizeleri-2\/","title":{"rendered":"Kur\u2019an-\u0131 Kerim\u2019de \u201cBeyne\u201d Mucizesi ve Ya\u015fayan Kur\u2019an Mucizeleri 2"},"content":{"rendered":"<p>Bu \u00e7al\u0131\u015fmada, y\u00fcce Kur\u2019an dan \u00f6\u011frendi\u011fim baz\u0131 ayetlerin yak\u0131n tarihimizle ilgili baz\u0131 mucizevi y\u00f6nlerini, siz de\u011ferli din karde\u015flerimle payla\u015fmakt\u0131r ki, bu sayede belki \u201cM\u00fcsl\u00fcman\u0131m elhamd\u00fclillah\u201d dedi\u011fi halde, belki de hacca ve umreye bile gidip hatta onlarca kitap okudu\u011fu halde, kendisine soruldu\u011funda \u201cHi\u00e7 Kur\u2019an-\u0131 Kerim\u2019in anlam\u0131n\u0131 bilerek okudunuz mu?\u201d sorusuna \u201c hay\u0131r, okumad\u0131m\u201d diye cevap veren insanlara bir uyar\u0131 ve bir te\u015fvik olur da, bundan sonraki hayatlar\u0131nda Kur\u2019an-\u0131 Kerim\u2019in \u00f6z bir tefsiri olan, mealini\u2019de okumaya ba\u015flarlar ve y\u00fcce ALLAH\u2019\u0131n bize bir rahmeti ve tenezz\u00fcl\u00fc olan Kur\u2019an \u0131n mesaj\u0131n\u0131 anlay\u0131p, Kur\u2019an \u0131n terc\u00fcman\u0131 olan peygamber efendimizin aleyhissalatu vesselam s\u00fcnnetine ittiba edip, hakiki M\u00fcsl\u00fcmanlar olarak, hep birlikte y\u00fcce ALLAH\u2019\u0131n kitab\u0131 olan Kur\u2019an\u2019\u0131 Kerim\u2019e s\u0131ms\u0131k\u0131 sar\u0131l\u0131r\u0131z! \u0130N\u015eALLAH!..<\/p>\n","protected":false},"excerpt":{"rendered":"<p>Bu \u00e7al\u0131\u015fmada, y\u00fcce Kur\u2019an dan \u00f6\u011frendi\u011fim baz\u0131 ayetlerin yak\u0131n tarihimizle ilgili baz\u0131 mucizevi y\u00f6nlerini, siz de\u011ferli din karde\u015flerimle payla\u015fmakt\u0131r ki, bu sayede belki \u201cM\u00fcsl\u00fcman\u0131m elhamd\u00fclillah\u201d dedi\u011fi<span class=\"excerpt-hellip\"> [\u2026]<\/span><\/p>\n","protected":false},"featured_media":0,"template":"","meta":{"_monsterinsights_skip_tracking":false,"_monsterinsights_sitenote_active":false,"_monsterinsights_sitenote_note":"","_monsterinsights_sitenote_category":0},"product_brand":[],"product_cat":[12718],"product_tag":[],"class_list":{"0":"post-754055","1":"product","2":"type-product","3":"status-publish","5":"product_cat-din","6":"pa_cilt-ciltsiz","7":"pa_tur-kitap","8":"pa_yayinevi-platanus-publishing","9":"pa_yazar-onder-alpaslan","11":"first","12":"instock","13":"sale","14":"shipping-taxable","15":"purchasable","16":"product-type-simple"},"_links":{"self":[{"href":"https:\/\/roveyayinevi.com.tr\/index.php\/wp-json\/wp\/v2\/product\/754055","targetHints":{"allow":["GET"]}}],"collection":[{"href":"https:\/\/roveyayinevi.com.tr\/index.php\/wp-json\/wp\/v2\/product"}],"about":[{"href":"https:\/\/roveyayinevi.com.tr\/index.php\/wp-json\/wp\/v2\/types\/product"}],"wp:attachment":[{"href":"https:\/\/roveyayinevi.com.tr\/index.php\/wp-json\/wp\/v2\/media?parent=754055"}],"wp:term":[{"taxonomy":"product_brand","embeddable":true,"href":"https:\/\/roveyayinevi.com.tr\/index.php\/wp-json\/wp\/v2\/product_brand?post=754055"},{"taxonomy":"product_cat","embeddable":true,"href":"https:\/\/roveyayinevi.com.tr\/index.php\/wp-json\/wp\/v2\/product_cat?post=754055"},{"taxonomy":"product_tag","embeddable":true,"href":"https:\/\/roveyayinevi.com.tr\/index.php\/wp-json\/wp\/v2\/product_tag?post=754055"}],"curies":[{"name":"wp","href":"https:\/\/api.w.org\/{rel}","templated":true}]}}