{"id":754054,"date":"2025-08-28T06:00:23","date_gmt":"2025-08-28T03:00:23","guid":{"rendered":"https:\/\/roveyayinevi.com.tr\/index.php\/urun\/unutturulan-farz\/"},"modified":"2026-04-16T03:07:25","modified_gmt":"2026-04-16T00:07:25","slug":"unutturulan-farz","status":"publish","type":"product","link":"https:\/\/roveyayinevi.com.tr\/index.php\/urun\/unutturulan-farz\/","title":{"rendered":"Unutturulan Farz"},"content":{"rendered":"<p>&#8230;\u201cBiraz yanar \u00e7\u0131kar\u0131z\u201d diye d\u00fc\u015f\u00fcnmek, sadece \u015feytan\u0131n aldatmacas\u0131d\u0131r. Asl\u0131nda biz Kur\u2019\u00e2n-\u0131 Kerim ile hi\u00e7 tan\u0131\u015fmam\u0131\u015f\u0131z. Ninemizden, dedemizden, anam\u0131zdan, babam\u0131zdan ne g\u00f6rd\u00fcysek, onu din sanm\u0131\u015f\u0131z.     Can\u0131m\u0131zdan \u00e7ok sevdi\u011fimiz sevgilimiz ya da can\u0131m\u0131zdan bir par\u00e7a evlad\u0131m\u0131z bize bilmedi\u011fimiz dilde mektup yazsa, ne yapard\u0131k? \u00d6nce acaba ne demi\u015f diye, o dili bilen birine mektubu \u00e7evirtirdik. Sonra da ezberleyene kadar okurduk. Belki de mektup koynumuzda uyurduk gecelerce \u201cCanca\u011f\u0131z\u0131m\u0131z\u0131n kokusu sinmi\u015ftir \u00fczerine\u201d diye. Peki, All\u00e2hu Te\u00e2l\u00e2 bize Kur\u2019\u00e2n-\u0131 Kerim\u2019i g\u00f6ndermi\u015f, \u00c2lemlerin Rabbinden bize gelen mektup olan Kur\u2019\u00e2n-\u0131 Kerim i\u00e7in tavr\u0131m\u0131z ne?<\/p>\n","protected":false},"excerpt":{"rendered":"<p>&#8230;\u201cBiraz yanar \u00e7\u0131kar\u0131z\u201d diye d\u00fc\u015f\u00fcnmek, sadece \u015feytan\u0131n aldatmacas\u0131d\u0131r. Asl\u0131nda biz Kur\u2019\u00e2n-\u0131 Kerim ile hi\u00e7 tan\u0131\u015fmam\u0131\u015f\u0131z. Ninemizden, dedemizden, anam\u0131zdan, babam\u0131zdan ne g\u00f6rd\u00fcysek, onu din sanm\u0131\u015f\u0131z. Can\u0131m\u0131zdan \u00e7ok<span class=\"excerpt-hellip\"> [\u2026]<\/span><\/p>\n","protected":false},"featured_media":0,"template":"","meta":{"_monsterinsights_skip_tracking":false,"_monsterinsights_sitenote_active":false,"_monsterinsights_sitenote_note":"","_monsterinsights_sitenote_category":0},"product_brand":[],"product_cat":[12718],"product_tag":[],"class_list":{"0":"post-754054","1":"product","2":"type-product","3":"status-publish","5":"product_cat-din","6":"pa_cilt-ciltsiz","7":"pa_tur-kitap","8":"pa_yayinevi-platanus-publishing","9":"pa_yazar-secil-yilmaz-eser","11":"first","12":"instock","13":"sale","14":"shipping-taxable","15":"purchasable","16":"product-type-simple"},"_links":{"self":[{"href":"https:\/\/roveyayinevi.com.tr\/index.php\/wp-json\/wp\/v2\/product\/754054","targetHints":{"allow":["GET"]}}],"collection":[{"href":"https:\/\/roveyayinevi.com.tr\/index.php\/wp-json\/wp\/v2\/product"}],"about":[{"href":"https:\/\/roveyayinevi.com.tr\/index.php\/wp-json\/wp\/v2\/types\/product"}],"wp:attachment":[{"href":"https:\/\/roveyayinevi.com.tr\/index.php\/wp-json\/wp\/v2\/media?parent=754054"}],"wp:term":[{"taxonomy":"product_brand","embeddable":true,"href":"https:\/\/roveyayinevi.com.tr\/index.php\/wp-json\/wp\/v2\/product_brand?post=754054"},{"taxonomy":"product_cat","embeddable":true,"href":"https:\/\/roveyayinevi.com.tr\/index.php\/wp-json\/wp\/v2\/product_cat?post=754054"},{"taxonomy":"product_tag","embeddable":true,"href":"https:\/\/roveyayinevi.com.tr\/index.php\/wp-json\/wp\/v2\/product_tag?post=754054"}],"curies":[{"name":"wp","href":"https:\/\/api.w.org\/{rel}","templated":true}]}}