{"id":754053,"date":"2025-08-28T06:00:22","date_gmt":"2025-08-28T03:00:22","guid":{"rendered":"https:\/\/roveyayinevi.com.tr\/index.php\/urun\/bir-idealin-pesinde-ataturk-ve-alaca-hoyuk\/"},"modified":"2026-04-16T03:07:25","modified_gmt":"2026-04-16T00:07:25","slug":"bir-idealin-pesinde-ataturk-ve-alaca-hoyuk","status":"publish","type":"product","link":"https:\/\/roveyayinevi.com.tr\/index.php\/urun\/bir-idealin-pesinde-ataturk-ve-alaca-hoyuk\/","title":{"rendered":"Bir \u0130dealin Pe\u015finde: Atat\u00fcrk ve Alaca H\u00f6y\u00fck"},"content":{"rendered":"<p>Yap\u0131 Kredi M\u00fczesi, Alaca H\u00f6y\u00fck kaz\u0131lar\u0131nda \u00e7\u0131kar\u0131lan arkeolojik eserlerin \u00f6nemli bir b\u00f6l\u00fcm\u00fcn\u00fc Bir \u0130dealin Pe\u015finde: Atat\u00fcrk ve Alaca H\u00f6y\u00fck sergisinde izleyicilerle bir araya getiriyor. Sergi kapsam\u0131nda Yap\u0131 Kredi Yay\u0131nlar\u0131 taraf\u0131ndan bas\u0131lan ayn\u0131 adl\u0131 kitapta Hatti, Hitit uygarl\u0131klar\u0131 ve Alaca H\u00f6y\u00fck konusunda \u00e7al\u0131\u015fmalar y\u00fcr\u00fcten ara\u015ft\u0131rmac\u0131lar taraf\u0131ndan kaleme al\u0131nan 25 akademik makale de okuyucuya sunuluyor.  1935 y\u0131l\u0131nda ba\u015flat\u0131lan Alaca H\u00f6y\u00fck kaz\u0131lar\u0131nda a\u00e7\u0131\u011fa \u00e7\u0131kar\u0131lan ve T\u00fcrkiye\u2019nin farkl\u0131 m\u00fczelerinde korunan arkeolojik eserlerin \u00f6nemli bir b\u00f6l\u00fcm\u00fc ilk defa bir arada sergileniyor. Sergi kapsam\u0131nda Anadolu Medeniyetleri M\u00fczesi, Alaca H\u00f6y\u00fck M\u00fczesi, \u00c7orum M\u00fczesi ve \u0130stanbul Arkeoloji M\u00fczeleri\u2019nden 235 arkeolojik ve etnografik orijinal eser \u0130stanbul Yap\u0131 Kredi M\u00fczesi\u2019ne getirilerek kronolojik ve tematik b\u00f6l\u00fcmler alt\u0131nda sunuluyor. T\u00fcrk Tarih Kurumu Ar\u015fivi\u2019nden se\u00e7ilen foto\u011fraflar ve Mahmut Akok taraf\u0131ndan yap\u0131lan orijinal \u00e7izimlerin bir k\u0131sm\u0131 da sergide yer al\u0131yor.  K\u00fcrat\u00f6rl\u00fc\u011f\u00fcn\u00fc Nihat Tekdemir\u2019in, bilimsel dan\u0131\u015fmanl\u0131\u011f\u0131n\u0131 ise Tayfun Y\u0131ld\u0131r\u0131m\u2019\u0131n yapt\u0131\u011f\u0131 Bir \u0130dealin Pe\u015finde: Atat\u00fcrk ve Alaca H\u00f6y\u00fck sergisi, K\u00fclt\u00fcr Varl\u0131klar\u0131 ve M\u00fczeler Genel M\u00fcd\u00fcrl\u00fc\u011f\u00fc ile Yap\u0131 Kredi M\u00fczesi\u2019nin i\u015fbirli\u011finin bir \u00fcr\u00fcn\u00fc. Serginin koordinat\u00f6rl\u00fc\u011f\u00fcn\u00fc B\u00fclent G\u00f6n\u00fclta\u015f, Mehtap Ate\u015f ve Nil\u00fcfer Babacan tasar\u0131m\u0131n\u0131 ise Kar\u015f\u0131la\u015fmalar ekibi yapt\u0131.  13 Ekim 2023 &#8211; 10 Mart 2024 tarihleri aras\u0131nda \u0130stanbul\u2019daki Yap\u0131 Kredi M\u00fczesi\u2019nde g\u00f6r\u00fclebilecek serginin halka a\u00e7\u0131l\u0131\u015f tarihi olarak Ankara\u2019n\u0131n T\u00fcrkiye Cumhuriyeti\u2019nin ba\u015fkenti ilan edildi\u011fi 13 Ekim belirlendi. <\/p>\n","protected":false},"excerpt":{"rendered":"<p>Yap\u0131 Kredi M\u00fczesi, Alaca H\u00f6y\u00fck kaz\u0131lar\u0131nda \u00e7\u0131kar\u0131lan arkeolojik eserlerin \u00f6nemli bir b\u00f6l\u00fcm\u00fcn\u00fc Bir \u0130dealin Pe\u015finde: Atat\u00fcrk ve Alaca H\u00f6y\u00fck sergisinde izleyicilerle bir araya getiriyor. Sergi kapsam\u0131nda<span class=\"excerpt-hellip\"> [\u2026]<\/span><\/p>\n","protected":false},"featured_media":0,"template":"","meta":{"_monsterinsights_skip_tracking":false,"_monsterinsights_sitenote_active":false,"_monsterinsights_sitenote_note":"","_monsterinsights_sitenote_category":0},"product_brand":[],"product_cat":[52477,52478],"product_tag":[],"class_list":{"0":"post-754053","1":"product","2":"type-product","3":"status-publish","5":"product_cat-arastirma","6":"product_cat-arkeoloji","7":"pa_cilt-ciltsiz","8":"pa_tur-kitap","9":"pa_yayinevi-yapi-kredi-yayinlari","10":"pa_yazar-tayfun-yildirim","12":"first","13":"instock","14":"sale","15":"shipping-taxable","16":"purchasable","17":"product-type-simple"},"_links":{"self":[{"href":"https:\/\/roveyayinevi.com.tr\/index.php\/wp-json\/wp\/v2\/product\/754053","targetHints":{"allow":["GET"]}}],"collection":[{"href":"https:\/\/roveyayinevi.com.tr\/index.php\/wp-json\/wp\/v2\/product"}],"about":[{"href":"https:\/\/roveyayinevi.com.tr\/index.php\/wp-json\/wp\/v2\/types\/product"}],"wp:attachment":[{"href":"https:\/\/roveyayinevi.com.tr\/index.php\/wp-json\/wp\/v2\/media?parent=754053"}],"wp:term":[{"taxonomy":"product_brand","embeddable":true,"href":"https:\/\/roveyayinevi.com.tr\/index.php\/wp-json\/wp\/v2\/product_brand?post=754053"},{"taxonomy":"product_cat","embeddable":true,"href":"https:\/\/roveyayinevi.com.tr\/index.php\/wp-json\/wp\/v2\/product_cat?post=754053"},{"taxonomy":"product_tag","embeddable":true,"href":"https:\/\/roveyayinevi.com.tr\/index.php\/wp-json\/wp\/v2\/product_tag?post=754053"}],"curies":[{"name":"wp","href":"https:\/\/api.w.org\/{rel}","templated":true}]}}