{"id":754052,"date":"2025-08-28T06:00:20","date_gmt":"2025-08-28T03:00:20","guid":{"rendered":"https:\/\/roveyayinevi.com.tr\/index.php\/urun\/insanzede\/"},"modified":"2025-09-25T09:23:20","modified_gmt":"2025-09-25T06:23:20","slug":"insanzede","status":"publish","type":"product","link":"https:\/\/roveyayinevi.com.tr\/index.php\/urun\/insanzede\/","title":{"rendered":"\u0130nsanzede"},"content":{"rendered":"<p>Gurbet i\u00e7inde gurbeti ya\u015f\u0131yorum. \u0130\u00e7imdeki gurbetten, \u0130\u00e7inde oldu\u011fum gurbete ta\u015f\u0131yorum. Bir gurbeti ayaklar\u0131mla, Bir gurbeti kalemle ar\u015f\u0131nl\u0131yorum. Birinde yolcu, birinde \u015fiir oluyorum. Birinde ayak izlerim, Birinde kal\u0131r s\u00f6zlerim. Kalem son s\u00f6z\u00fc f\u0131s\u0131lday\u0131p, Ayaklar son ad\u0131m\u0131 att\u0131\u011f\u0131nda, Gurbetten, s\u0131laya ta\u015f\u0131yorum.   ***   Duygu ve d\u00fc\u015f\u00fcncelerin aktar\u0131m\u0131nda ve bu aktar\u0131m\u0131n olu\u015fturdu\u011fu ruh halini sa\u011flamada \u015fiir, bir mihenktir. G\u00f6r\u00fcn\u00fcrde k\u0131sa ama derinli\u011fi fazla olan bir yoldur \u015fiir. \u015eiiri tercih edenlerin yolculu\u011fu s\u00fcrprizlerle doludur. Bazen yoldaki ta\u015f ta\u015f de\u011fil, a\u011fa\u00e7 ise a\u011fa\u00e7 de\u011fildir. Herkes ayn\u0131 yerde, ayn\u0131 ta\u015f\u0131 ve ayn\u0131 a\u011fac\u0131 g\u00f6remez. Bu yolda kimin ne g\u00f6r\u00fcp ne anlad\u0131\u011f\u0131, kendi yolculu\u011funun nasibidir. Yolun ne verdi\u011fi de\u011fil, yolcunun ne ald\u0131\u011f\u0131 \u00f6nemlidir. Yolun k\u0131sal\u0131\u011f\u0131 de\u011fil, yolcunun uzun y\u00fcr\u00fcmesi \u00f6nemlidir. <\/p>\n","protected":false},"excerpt":{"rendered":"<p>Gurbet i\u00e7inde gurbeti ya\u015f\u0131yorum. \u0130\u00e7imdeki gurbetten, \u0130\u00e7inde oldu\u011fum gurbete ta\u015f\u0131yorum. Bir gurbeti ayaklar\u0131mla, Bir gurbeti kalemle ar\u015f\u0131nl\u0131yorum. Birinde yolcu, birinde \u015fiir oluyorum. Birinde ayak izlerim, Birinde<span class=\"excerpt-hellip\"> [\u2026]<\/span><\/p>\n","protected":false},"featured_media":0,"template":"","meta":{"_monsterinsights_skip_tracking":false,"_monsterinsights_sitenote_active":false,"_monsterinsights_sitenote_note":"","_monsterinsights_sitenote_category":0},"product_brand":[],"product_cat":[12291,12509],"product_tag":[],"class_list":{"0":"post-754052","1":"product","2":"type-product","3":"status-publish","5":"product_cat-edebiyat","6":"product_cat-siir","7":"pa_cilt-ciltsiz","8":"pa_tur-kitap","9":"pa_yayinevi-gulnar-yayinlari","10":"pa_yazar-selma-dolgun","12":"first","13":"instock","14":"sale","15":"shipping-taxable","16":"purchasable","17":"product-type-simple"},"_links":{"self":[{"href":"https:\/\/roveyayinevi.com.tr\/index.php\/wp-json\/wp\/v2\/product\/754052","targetHints":{"allow":["GET"]}}],"collection":[{"href":"https:\/\/roveyayinevi.com.tr\/index.php\/wp-json\/wp\/v2\/product"}],"about":[{"href":"https:\/\/roveyayinevi.com.tr\/index.php\/wp-json\/wp\/v2\/types\/product"}],"wp:attachment":[{"href":"https:\/\/roveyayinevi.com.tr\/index.php\/wp-json\/wp\/v2\/media?parent=754052"}],"wp:term":[{"taxonomy":"product_brand","embeddable":true,"href":"https:\/\/roveyayinevi.com.tr\/index.php\/wp-json\/wp\/v2\/product_brand?post=754052"},{"taxonomy":"product_cat","embeddable":true,"href":"https:\/\/roveyayinevi.com.tr\/index.php\/wp-json\/wp\/v2\/product_cat?post=754052"},{"taxonomy":"product_tag","embeddable":true,"href":"https:\/\/roveyayinevi.com.tr\/index.php\/wp-json\/wp\/v2\/product_tag?post=754052"}],"curies":[{"name":"wp","href":"https:\/\/api.w.org\/{rel}","templated":true}]}}