{"id":754049,"date":"2025-08-28T06:00:14","date_gmt":"2025-08-28T03:00:14","guid":{"rendered":"https:\/\/roveyayinevi.com.tr\/index.php\/urun\/destandan-romana\/"},"modified":"2026-04-16T03:07:25","modified_gmt":"2026-04-16T00:07:25","slug":"destandan-romana","status":"publish","type":"product","link":"https:\/\/roveyayinevi.com.tr\/index.php\/urun\/destandan-romana\/","title":{"rendered":"Destandan Romana"},"content":{"rendered":"<p>Destandan Romana t\u0131pk\u0131 edebiyat\u0131n temel \u00e7abas\u0131n\u0131n insan\u0131n karma\u015f\u0131k ruhsal yap\u0131s\u0131n\u0131 irdelemek ve i\u00e7 d\u00fcnyas\u0131n\u0131 t\u00fcm y\u00f6nleriyle g\u00f6stermeye \u00e7al\u0131\u015fmak oldu\u011funu d\u00fc\u015f\u00fcnen Gulliver\u2019in Seyahatleri\u2019nin yazar\u0131 Jonathan Swift gibi, Ankara \u00dcniversitesi Dil-Tarih ve Co\u011frafya Fak\u00fcltesi, \u0130ngiliz Dili ve Edebiyat\u0131 b\u00f6l\u00fcm\u00fcn\u00fcn iz b\u0131rakan hocalar\u0131ndan \u00dcnal Ayt\u00fcr\u2019\u00fcn ayn\u0131 d\u00fc\u015f\u00fcnceyle yazd\u0131\u011f\u0131 makale ve \u00f6ns\u00f6zlerini bir araya getiriyor. Destandan Romana bir yandan destan, \u015fiir, hiciv, roman, tiyatro, \u00f6yk\u00fc ve edebiyat kuram\u0131-ele\u015ftiri gibi edebi t\u00fcrleri Homeros\u2019tan 1960\u2019lara geli\u015fimleri ve anlat\u0131m y\u00f6ntemleriyle ele al\u0131rken, di\u011fer yandan Ayt\u00fcr\u2019\u00fcn tek ba\u015f\u0131na ya da e\u015fi Necla Ayt\u00fcr\u2019le \u00e7evirdi\u011fi George Eliot, Henry James, Joseph Conrad, E. M. Forster, D. H. Lawrence ve William Faulkner gibi yazarlar\u0131 ve kitaplar\u0131n\u0131 da okurla bulu\u015fturuyor. Kitab\u0131n sonundaki \u201c\u0130ngiliz Dili ve Edebiyat\u0131 ve Cumhuriyet\u201d yaz\u0131s\u0131 ise, b\u00f6l\u00fcm\u00fcn \u0130ngiltere\u2019de e\u011fitim g\u00f6ren kurucu hocalar\u0131 Orhan Burian, \u0130rfan \u015eahinba\u015f, Hamit Dereli ve Saffet Korkut\u2019un \u00e7al\u0131\u015fmalar\u0131 ve \u00e7evirileri \u00f6zelinde bir edebiyattan di\u011ferine uzanan bir k\u00f6pr\u00fc.. <\/p>\n","protected":false},"excerpt":{"rendered":"<p>Destandan Romana t\u0131pk\u0131 edebiyat\u0131n temel \u00e7abas\u0131n\u0131n insan\u0131n karma\u015f\u0131k ruhsal yap\u0131s\u0131n\u0131 irdelemek ve i\u00e7 d\u00fcnyas\u0131n\u0131 t\u00fcm y\u00f6nleriyle g\u00f6stermeye \u00e7al\u0131\u015fmak oldu\u011funu d\u00fc\u015f\u00fcnen Gulliver\u2019in Seyahatleri\u2019nin yazar\u0131 Jonathan Swift gibi,<span class=\"excerpt-hellip\"> [\u2026]<\/span><\/p>\n","protected":false},"featured_media":0,"template":"","meta":{"_monsterinsights_skip_tracking":false,"_monsterinsights_sitenote_active":false,"_monsterinsights_sitenote_note":"","_monsterinsights_sitenote_category":0},"product_brand":[],"product_cat":[13072,12291],"product_tag":[],"class_list":{"0":"post-754049","1":"product","2":"type-product","3":"status-publish","5":"product_cat-arastirma-inceleme-referans","6":"product_cat-edebiyat","7":"pa_cilt-ciltsiz","8":"pa_tur-kitap","9":"pa_yayinevi-yapi-kredi-yayinlari","10":"pa_yazar-unal-aytur","12":"first","13":"instock","14":"sale","15":"shipping-taxable","16":"purchasable","17":"product-type-simple"},"_links":{"self":[{"href":"https:\/\/roveyayinevi.com.tr\/index.php\/wp-json\/wp\/v2\/product\/754049","targetHints":{"allow":["GET"]}}],"collection":[{"href":"https:\/\/roveyayinevi.com.tr\/index.php\/wp-json\/wp\/v2\/product"}],"about":[{"href":"https:\/\/roveyayinevi.com.tr\/index.php\/wp-json\/wp\/v2\/types\/product"}],"wp:attachment":[{"href":"https:\/\/roveyayinevi.com.tr\/index.php\/wp-json\/wp\/v2\/media?parent=754049"}],"wp:term":[{"taxonomy":"product_brand","embeddable":true,"href":"https:\/\/roveyayinevi.com.tr\/index.php\/wp-json\/wp\/v2\/product_brand?post=754049"},{"taxonomy":"product_cat","embeddable":true,"href":"https:\/\/roveyayinevi.com.tr\/index.php\/wp-json\/wp\/v2\/product_cat?post=754049"},{"taxonomy":"product_tag","embeddable":true,"href":"https:\/\/roveyayinevi.com.tr\/index.php\/wp-json\/wp\/v2\/product_tag?post=754049"}],"curies":[{"name":"wp","href":"https:\/\/api.w.org\/{rel}","templated":true}]}}