{"id":754048,"date":"2025-08-28T06:00:13","date_gmt":"2025-08-28T03:00:13","guid":{"rendered":"https:\/\/roveyayinevi.com.tr\/index.php\/urun\/nicin-kurtulmamak\/"},"modified":"2026-04-16T03:07:25","modified_gmt":"2026-04-16T00:07:25","slug":"nicin-kurtulmamak","status":"publish","type":"product","link":"https:\/\/roveyayinevi.com.tr\/index.php\/urun\/nicin-kurtulmamak\/","title":{"rendered":"Ni\u00e7in Kurtulmamak?"},"content":{"rendered":"<p>&#8220;Falih R\u0131fk\u0131 Atay\u2019\u0131n s\u00fcr\u00fckleyici, zengin muhteval\u0131, z\u0131t g\u00f6r\u00fcn\u00fcm ve olaylara dayanarak tezlerini savunan bir \u00fcslubu vard\u0131r.\u201d Prof. Dr. \u0130lber ORTAYLI     \u201c\u0130ki bu\u00e7uk as\u0131rdan beri varl\u0131\u011f\u0131 tehlikeye giren T\u00fcrkl\u00fc\u011f\u00fcn, hen\u00fcz tam kurtulu\u015fa erdi\u011fine inananlardan de\u011filim. \u0130leri Bat\u0131 d\u00fcnyas\u0131 topluluklar\u0131 i\u00e7inde zek\u00e2m\u0131z\u0131n, kabiliyetlerimizin, irade ve cesaretimizin bize hak kazand\u0131rd\u0131\u011f\u0131 \u015ferefli yerimizi al\u0131ncaya kadar, sava\u015f\u0131m\u0131z, en ba\u015fta bir medeniyet\u00e7ilik sava\u015f\u0131 olmak kaderindedir. Son y\u0131llarda, medeni insanl\u0131\u011f\u0131n, tefekk\u00fcr ve vicdan h\u00fcrriyetini korumak i\u00e7in, kilise taassubu ile as\u0131rlarca bo\u011fu\u015farak yaratt\u0131\u011f\u0131 hukukun, bu memlekette, tefekk\u00fcr ve vicdan h\u00fcrriyetini bo\u011fmak isteyen \u015feriat\u00e7\u0131 taassubu himaye etmek i\u00e7in nas\u0131l istismar edildi\u011fini hep g\u00f6r\u00fcyoruz. Biz, ya siyasi h\u00fcrriyet u\u011fruna i\u00e7timai h\u00fcrriyetlerimizi, tefekk\u00fcr ve vicdan serbestli\u011fimizi feda etmek veya bu nimetlere ermek i\u00e7in siyasi h\u00fcrriyetlerimizden olmak \u00e7\u0131kmaz\u0131 i\u00e7inde bocalamaya mahk\u00fbm kalamay\u0131z. Vatan\u0131n medeniyet\u00e7i evlatlar\u0131, T\u00fcrk milletini iki saadeti bir arada tatmak bahtiyarl\u0131\u011f\u0131na kavu\u015fturmal\u0131d\u0131rlar. Biz kurtuluruz. Kurtulu\u015f yolunday\u0131z. Kurtulmak varken ni\u00e7in kurtulmamak?..\u201d <\/p>\n","protected":false},"excerpt":{"rendered":"<p>&#8220;Falih R\u0131fk\u0131 Atay\u2019\u0131n s\u00fcr\u00fckleyici, zengin muhteval\u0131, z\u0131t g\u00f6r\u00fcn\u00fcm ve olaylara dayanarak tezlerini savunan bir \u00fcslubu vard\u0131r.\u201d Prof. Dr. \u0130lber ORTAYLI \u201c\u0130ki bu\u00e7uk as\u0131rdan beri varl\u0131\u011f\u0131 tehlikeye<span class=\"excerpt-hellip\"> [\u2026]<\/span><\/p>\n","protected":false},"featured_media":0,"template":"","meta":{"_monsterinsights_skip_tracking":false,"_monsterinsights_sitenote_active":false,"_monsterinsights_sitenote_note":"","_monsterinsights_sitenote_category":0},"product_brand":[],"product_cat":[12304],"product_tag":[],"class_list":{"0":"post-754048","1":"product","2":"type-product","3":"status-publish","5":"product_cat-tarih","6":"pa_cilt-ciltsiz","7":"pa_tur-kitap","8":"pa_yayinevi-pozitif-yayinlari","9":"pa_yazar-falih-rifki-atay","11":"first","12":"instock","13":"sale","14":"shipping-taxable","15":"purchasable","16":"product-type-simple"},"_links":{"self":[{"href":"https:\/\/roveyayinevi.com.tr\/index.php\/wp-json\/wp\/v2\/product\/754048","targetHints":{"allow":["GET"]}}],"collection":[{"href":"https:\/\/roveyayinevi.com.tr\/index.php\/wp-json\/wp\/v2\/product"}],"about":[{"href":"https:\/\/roveyayinevi.com.tr\/index.php\/wp-json\/wp\/v2\/types\/product"}],"wp:attachment":[{"href":"https:\/\/roveyayinevi.com.tr\/index.php\/wp-json\/wp\/v2\/media?parent=754048"}],"wp:term":[{"taxonomy":"product_brand","embeddable":true,"href":"https:\/\/roveyayinevi.com.tr\/index.php\/wp-json\/wp\/v2\/product_brand?post=754048"},{"taxonomy":"product_cat","embeddable":true,"href":"https:\/\/roveyayinevi.com.tr\/index.php\/wp-json\/wp\/v2\/product_cat?post=754048"},{"taxonomy":"product_tag","embeddable":true,"href":"https:\/\/roveyayinevi.com.tr\/index.php\/wp-json\/wp\/v2\/product_tag?post=754048"}],"curies":[{"name":"wp","href":"https:\/\/api.w.org\/{rel}","templated":true}]}}