{"id":754047,"date":"2025-08-28T06:00:11","date_gmt":"2025-08-28T03:00:11","guid":{"rendered":"https:\/\/roveyayinevi.com.tr\/index.php\/urun\/dedektif-yagiz-is-basinda\/"},"modified":"2026-04-16T03:07:25","modified_gmt":"2026-04-16T00:07:25","slug":"dedektif-yagiz-is-basinda","status":"publish","type":"product","link":"https:\/\/roveyayinevi.com.tr\/index.php\/urun\/dedektif-yagiz-is-basinda\/","title":{"rendered":"Dedektif Ya\u011f\u0131z \u0130\u015f Ba\u015f\u0131nda"},"content":{"rendered":"<p>Y\u00fcksek g\u00fcvenlik \u00f6nlemleri ile korunan tarihi bir m\u00fcze de ans\u0131z\u0131n Lidyal\u0131lara ait para kaybolur. M\u00fcze yetkilileri bir t\u00fcrl\u00fc olay\u0131 ayd\u0131nlatamazlar ve i\u015fin uzmanlar\u0131na ba\u015fvurmaya karar verirler.         Dedektif b\u00fcrosunda g\u00f6rev yapan Dedektif Ak\u00e7a\u2019n\u0131n merakl\u0131 m\u0131 merakl\u0131, dikkatli mi dikkatli Ya\u011f\u0131z ad\u0131nda bir o\u011flu vard\u0131r. Ya\u011f\u0131z\u2019\u0131n en b\u00fcy\u00fck hayali annesi gibi ba\u015far\u0131l\u0131 bir dedektif olmakt\u0131r.  Kendisine Jr. Dedektif Ya\u011f\u0131z ad\u0131n\u0131 veren Ya\u011f\u0131z, Lidyal\u0131lara ait paray\u0131 bulabilmeye yard\u0131m edebilecek midir? Peki ya m\u00fcze de neyi tesad\u00fcf eseri ke\u015ffedecektir?              Jr. Dedektif Ya\u011f\u0131z\u2019la hareketli bir maceraya \u00e7\u0131kmaya kimler haz\u0131r? <\/p>\n","protected":false},"excerpt":{"rendered":"<p>Y\u00fcksek g\u00fcvenlik \u00f6nlemleri ile korunan tarihi bir m\u00fcze de ans\u0131z\u0131n Lidyal\u0131lara ait para kaybolur. M\u00fcze yetkilileri bir t\u00fcrl\u00fc olay\u0131 ayd\u0131nlatamazlar ve i\u015fin uzmanlar\u0131na ba\u015fvurmaya karar verirler.<span class=\"excerpt-hellip\"> [\u2026]<\/span><\/p>\n","protected":false},"featured_media":0,"template":"","meta":{"_monsterinsights_skip_tracking":false,"_monsterinsights_sitenote_active":false,"_monsterinsights_sitenote_note":"","_monsterinsights_sitenote_category":0},"product_brand":[],"product_cat":[12803,12291],"product_tag":[],"class_list":{"0":"post-754047","1":"product","2":"type-product","3":"status-publish","5":"product_cat-aksiyon-macera","6":"product_cat-edebiyat","7":"pa_cilt-ciltsiz","8":"pa_tur-kitap","9":"pa_yayinevi-kirmizi-ada-yayinlari","10":"pa_yazar-aleyna-eda-eroglu","12":"first","13":"instock","14":"sale","15":"shipping-taxable","16":"purchasable","17":"product-type-simple"},"_links":{"self":[{"href":"https:\/\/roveyayinevi.com.tr\/index.php\/wp-json\/wp\/v2\/product\/754047","targetHints":{"allow":["GET"]}}],"collection":[{"href":"https:\/\/roveyayinevi.com.tr\/index.php\/wp-json\/wp\/v2\/product"}],"about":[{"href":"https:\/\/roveyayinevi.com.tr\/index.php\/wp-json\/wp\/v2\/types\/product"}],"wp:attachment":[{"href":"https:\/\/roveyayinevi.com.tr\/index.php\/wp-json\/wp\/v2\/media?parent=754047"}],"wp:term":[{"taxonomy":"product_brand","embeddable":true,"href":"https:\/\/roveyayinevi.com.tr\/index.php\/wp-json\/wp\/v2\/product_brand?post=754047"},{"taxonomy":"product_cat","embeddable":true,"href":"https:\/\/roveyayinevi.com.tr\/index.php\/wp-json\/wp\/v2\/product_cat?post=754047"},{"taxonomy":"product_tag","embeddable":true,"href":"https:\/\/roveyayinevi.com.tr\/index.php\/wp-json\/wp\/v2\/product_tag?post=754047"}],"curies":[{"name":"wp","href":"https:\/\/api.w.org\/{rel}","templated":true}]}}