{"id":754045,"date":"2025-08-28T06:00:09","date_gmt":"2025-08-28T03:00:09","guid":{"rendered":"https:\/\/roveyayinevi.com.tr\/index.php\/urun\/peygamberimizin-hayatindan-hatiralar-seti-4kitap\/"},"modified":"2026-04-16T03:07:25","modified_gmt":"2026-04-16T00:07:25","slug":"peygamberimizin-hayatindan-hatiralar-seti-4kitap","status":"publish","type":"product","link":"https:\/\/roveyayinevi.com.tr\/index.php\/urun\/peygamberimizin-hayatindan-hatiralar-seti-4kitap\/","title":{"rendered":"Peygamberimizin Hayat\u0131ndan Hat\u0131ralar Seti (4Kitap)"},"content":{"rendered":"<p>Sevgili Peygamberimiz\u2019in (asm), Kur\u2019an\u2019dan sonra bizlere b\u0131rakt\u0131\u011f\u0131 en b\u00fcy\u00fck miras, hayat yollar\u0131nda ilerlerken, bir deniz feneri gibi \u00f6n\u00fcm\u00fcz\u00fc ayd\u0131nlatan \u00f6rnek ya\u015fay\u0131\u015f\u0131d\u0131r. Onun muhte\u015fem ya\u015fay\u0131\u015f\u0131, sadece biz M\u00fcsl\u00fcmanlar i\u00e7in de\u011fil, yery\u00fcz\u00fcn\u00fcn b\u00fct\u00fcn insanlar\u0131 i\u00e7in ba\u015ftan ba\u015fa g\u00f6z kama\u015ft\u0131r\u0131c\u0131 tablolarla bezelidir. Biz bu kitaplar\u0131, Peygamber Efendimiz\u2019in (asm) varl\u0131\u011f\u0131 ile, yery\u00fcz\u00fcn\u00fcn en mutlu, en huzurlu g\u00fcnlerinin ya\u015fand\u0131\u011f\u0131 Saadet Asr\u0131\u2019n\u0131n, unutulmaz hat\u0131ralar\u0131 aras\u0131ndan, bir g\u00fcl bah\u00e7esinden g\u00fcl toplar gibi derledik&#8230; Bu g\u00fczel hat\u0131ralar\u0131 okuyup \u00f6\u011frendik\u00e7e, hayat\u0131m\u0131za, \u00f6rnek al\u0131nacak hayatlar\u0131n en g\u00fczelinin, Sevgili Peygamberimiz\u2019in (asm) hayat\u0131n\u0131n g\u00fcl kokusu kar\u0131\u015facak&#8230; Anne ve babam\u0131za, akrabalar\u0131m\u0131za, arkada\u015flar\u0131m\u0131za, dostlar\u0131m\u0131za hatta \u00e7evremizdeki canl\u0131 cans\u0131z her \u015feye kar\u015f\u0131 bak\u0131\u015f\u0131m\u0131z de\u011fi\u015fecek, davran\u0131\u015flar\u0131m\u0131z g\u00fczelle\u015fecek&#8230; <\/p>\n","protected":false},"excerpt":{"rendered":"<p>Sevgili Peygamberimiz\u2019in (asm), Kur\u2019an\u2019dan sonra bizlere b\u0131rakt\u0131\u011f\u0131 en b\u00fcy\u00fck miras, hayat yollar\u0131nda ilerlerken, bir deniz feneri gibi \u00f6n\u00fcm\u00fcz\u00fc ayd\u0131nlatan \u00f6rnek ya\u015fay\u0131\u015f\u0131d\u0131r. Onun muhte\u015fem ya\u015fay\u0131\u015f\u0131, sadece biz<span class=\"excerpt-hellip\"> [\u2026]<\/span><\/p>\n","protected":false},"featured_media":0,"template":"","meta":{"_monsterinsights_skip_tracking":false,"_monsterinsights_sitenote_active":false,"_monsterinsights_sitenote_note":"","_monsterinsights_sitenote_category":0},"product_brand":[],"product_cat":[12718],"product_tag":[],"class_list":{"0":"post-754045","1":"product","2":"type-product","3":"status-publish","5":"product_cat-din","6":"pa_cilt-ciltsiz","7":"pa_tur-kitap","8":"pa_yayinevi-ugurbocegi-yayinlari","9":"pa_yazar-ozkan-oze","11":"first","12":"instock","13":"sale","14":"shipping-taxable","15":"purchasable","16":"product-type-simple"},"_links":{"self":[{"href":"https:\/\/roveyayinevi.com.tr\/index.php\/wp-json\/wp\/v2\/product\/754045","targetHints":{"allow":["GET"]}}],"collection":[{"href":"https:\/\/roveyayinevi.com.tr\/index.php\/wp-json\/wp\/v2\/product"}],"about":[{"href":"https:\/\/roveyayinevi.com.tr\/index.php\/wp-json\/wp\/v2\/types\/product"}],"wp:attachment":[{"href":"https:\/\/roveyayinevi.com.tr\/index.php\/wp-json\/wp\/v2\/media?parent=754045"}],"wp:term":[{"taxonomy":"product_brand","embeddable":true,"href":"https:\/\/roveyayinevi.com.tr\/index.php\/wp-json\/wp\/v2\/product_brand?post=754045"},{"taxonomy":"product_cat","embeddable":true,"href":"https:\/\/roveyayinevi.com.tr\/index.php\/wp-json\/wp\/v2\/product_cat?post=754045"},{"taxonomy":"product_tag","embeddable":true,"href":"https:\/\/roveyayinevi.com.tr\/index.php\/wp-json\/wp\/v2\/product_tag?post=754045"}],"curies":[{"name":"wp","href":"https:\/\/api.w.org\/{rel}","templated":true}]}}