{"id":754044,"date":"2025-08-28T06:00:07","date_gmt":"2025-08-28T03:00:07","guid":{"rendered":"https:\/\/roveyayinevi.com.tr\/index.php\/urun\/kalp-muhafizi-2\/"},"modified":"2026-04-16T03:07:25","modified_gmt":"2026-04-16T00:07:25","slug":"kalp-muhafizi-2","status":"publish","type":"product","link":"https:\/\/roveyayinevi.com.tr\/index.php\/urun\/kalp-muhafizi-2\/","title":{"rendered":"Kalp Muhaf\u0131z\u0131 -2"},"content":{"rendered":"<p>\u201cBende senin kalbinin haritas\u0131 var. Ben orada asla kaybolmam.\u201d   Krall\u0131klar\u0131n sava\u015f\u0131 sona erdi lakin Sara ve Hazar\u2019\u0131n sava\u015f\u0131 daha yeni ba\u015fl\u0131yor&#8230;    Sara ondan ustal\u0131kla gizlenen s\u0131rlar\u0131 art arda \u00f6\u011frenmenin \u015fa\u015fk\u0131nl\u0131\u011f\u0131n\u0131 ya\u015farken kendini bir k\u00e2busun i\u00e7inde bulacak, Hazar ise t\u00fcm bunlar\u0131n ortas\u0131nda hi\u00e7 olmad\u0131\u011f\u0131 kadar ac\u0131 dolu bir \u00e7aresizli\u011fe hapsolacakt\u0131&#8230;  Hissetti\u011fi t\u00fcm g\u00fczel hisler yerini kahra ve h\u00fczne b\u0131rak\u0131rken Sara, tutundu\u011fu her dal\u0131n \u00e7at\u0131rdad\u0131\u011f\u0131n\u0131 izleyecek, umutsuzlu\u011fu tadacakt\u0131. Peki, t\u00fcm a\u015fk masallar\u0131 mutlu sonla bitmez miydi?   \u0130lk kitab\u0131yla bizi y\u00fczlerce y\u0131l \u00f6ncesine g\u00f6t\u00fcren ve krall\u0131klar\u0131n kap\u0131lar\u0131n\u0131 a\u00e7an Kalp Muhaf\u0131z\u0131 serisi ikinci kitab\u0131yla devam ediyor!   &#8220;Bana g\u00f6re herkes i\u00e7inde kendi krall\u0131\u011f\u0131n\u0131 ta\u015f\u0131r ve sen benim \u015fahsi krall\u0131\u011f\u0131m\u0131 yerle bir ettin.&#8221; <\/p>\n","protected":false},"excerpt":{"rendered":"<p>\u201cBende senin kalbinin haritas\u0131 var. Ben orada asla kaybolmam.\u201d Krall\u0131klar\u0131n sava\u015f\u0131 sona erdi lakin Sara ve Hazar\u2019\u0131n sava\u015f\u0131 daha yeni ba\u015fl\u0131yor&#8230; Sara ondan ustal\u0131kla gizlenen s\u0131rlar\u0131<span class=\"excerpt-hellip\"> [\u2026]<\/span><\/p>\n","protected":false},"featured_media":0,"template":"","meta":{"_monsterinsights_skip_tracking":false,"_monsterinsights_sitenote_active":false,"_monsterinsights_sitenote_note":"","_monsterinsights_sitenote_category":0},"product_brand":[],"product_cat":[12291,12711],"product_tag":[],"class_list":{"0":"post-754044","1":"product","2":"type-product","3":"status-publish","5":"product_cat-edebiyat","6":"product_cat-roman-oyku","7":"pa_cilt-ciltsiz","8":"pa_tur-kitap","9":"pa_yayinevi-indigo-kitap","10":"pa_yazar-beyza-alkoc","12":"first","13":"instock","14":"sale","15":"shipping-taxable","16":"purchasable","17":"product-type-simple"},"_links":{"self":[{"href":"https:\/\/roveyayinevi.com.tr\/index.php\/wp-json\/wp\/v2\/product\/754044","targetHints":{"allow":["GET"]}}],"collection":[{"href":"https:\/\/roveyayinevi.com.tr\/index.php\/wp-json\/wp\/v2\/product"}],"about":[{"href":"https:\/\/roveyayinevi.com.tr\/index.php\/wp-json\/wp\/v2\/types\/product"}],"wp:attachment":[{"href":"https:\/\/roveyayinevi.com.tr\/index.php\/wp-json\/wp\/v2\/media?parent=754044"}],"wp:term":[{"taxonomy":"product_brand","embeddable":true,"href":"https:\/\/roveyayinevi.com.tr\/index.php\/wp-json\/wp\/v2\/product_brand?post=754044"},{"taxonomy":"product_cat","embeddable":true,"href":"https:\/\/roveyayinevi.com.tr\/index.php\/wp-json\/wp\/v2\/product_cat?post=754044"},{"taxonomy":"product_tag","embeddable":true,"href":"https:\/\/roveyayinevi.com.tr\/index.php\/wp-json\/wp\/v2\/product_tag?post=754044"}],"curies":[{"name":"wp","href":"https:\/\/api.w.org\/{rel}","templated":true}]}}