{"id":754039,"date":"2025-08-28T05:59:58","date_gmt":"2025-08-28T02:59:58","guid":{"rendered":"https:\/\/roveyayinevi.com.tr\/index.php\/urun\/gunumuzde-yanlis-bilinen-islami-gercekler\/"},"modified":"2026-04-16T03:07:25","modified_gmt":"2026-04-16T00:07:25","slug":"gunumuzde-yanlis-bilinen-islami-gercekler","status":"publish","type":"product","link":"https:\/\/roveyayinevi.com.tr\/index.php\/urun\/gunumuzde-yanlis-bilinen-islami-gercekler\/","title":{"rendered":"G\u00fcn\u00fcm\u00fczde Yanl\u0131\u015f Bilinen \u0130slami Ger\u00e7ekler"},"content":{"rendered":"<p>B\u00f6ylesine muhtasar bir kitab\u0131 haz\u0131rlamak hi\u00e7 de kolay olmad\u0131. Z\u00fclfiy\u00e2re dokunaca\u011f\u0131n\u0131 bilerek kendimle az m\u00fccadele etmedim. N\u00fcfusumuzun y\u00fczde doksan\u0131 M\u00fcsl\u00fcman olmas\u0131na ra\u011fmen dinini \u00f6\u011frenip \u00f6\u011fretmede yanl\u0131\u015flar\u0131 g\u00f6rd\u00fck\u00e7e kalemim de feryat etti. Akla ve bilme pek az yer verdi\u011fimiz i\u00e7in, ba\u015f\u0131m\u0131za her gelen felaketi kader yorgan\u0131 alt\u0131nda Yaratana fatura ettik. Kadir gecesi yan\u0131nda nice geceleri kandile \u00e7evirdik. Cehennem \u00fczerine S\u0131rat K\u00f6pr\u00fcs\u00fcn\u00fc monte etmekle kalmad\u0131k, Peygamberimizi Allah\u2019la konu\u015fturduk. Hacer\u00fcl-Esved\u2019i \u015fefaat\u00e7i yapt\u0131k. Kurban kesmeyi kimimiz vacip, kimimiz farz k\u0131ld\u0131k. Kabir azab\u0131 ile insanlar\u0131m\u0131z\u0131 korkuttuk. Kuran\u0131 Kerim\u2019i hadislere bo\u011fdurduk. Dahas\u0131 da var&#8230; <\/p>\n","protected":false},"excerpt":{"rendered":"<p>B\u00f6ylesine muhtasar bir kitab\u0131 haz\u0131rlamak hi\u00e7 de kolay olmad\u0131. Z\u00fclfiy\u00e2re dokunaca\u011f\u0131n\u0131 bilerek kendimle az m\u00fccadele etmedim. N\u00fcfusumuzun y\u00fczde doksan\u0131 M\u00fcsl\u00fcman olmas\u0131na ra\u011fmen dinini \u00f6\u011frenip \u00f6\u011fretmede yanl\u0131\u015flar\u0131<span class=\"excerpt-hellip\"> [\u2026]<\/span><\/p>\n","protected":false},"featured_media":0,"template":"","meta":{"_monsterinsights_skip_tracking":false,"_monsterinsights_sitenote_active":false,"_monsterinsights_sitenote_note":"","_monsterinsights_sitenote_category":0},"product_brand":[],"product_cat":[13036,12718,12719],"product_tag":[],"class_list":{"0":"post-754039","1":"product","2":"type-product","3":"status-publish","5":"product_cat-arastirma-inceleme-islam","6":"product_cat-din","7":"product_cat-islam","8":"pa_cilt-ciltsiz","9":"pa_tur-kitap","10":"pa_yayinevi-gulnar-yayinlari","11":"pa_yazar-muammer-yilmaz","13":"first","14":"instock","15":"sale","16":"shipping-taxable","17":"purchasable","18":"product-type-simple"},"_links":{"self":[{"href":"https:\/\/roveyayinevi.com.tr\/index.php\/wp-json\/wp\/v2\/product\/754039","targetHints":{"allow":["GET"]}}],"collection":[{"href":"https:\/\/roveyayinevi.com.tr\/index.php\/wp-json\/wp\/v2\/product"}],"about":[{"href":"https:\/\/roveyayinevi.com.tr\/index.php\/wp-json\/wp\/v2\/types\/product"}],"wp:attachment":[{"href":"https:\/\/roveyayinevi.com.tr\/index.php\/wp-json\/wp\/v2\/media?parent=754039"}],"wp:term":[{"taxonomy":"product_brand","embeddable":true,"href":"https:\/\/roveyayinevi.com.tr\/index.php\/wp-json\/wp\/v2\/product_brand?post=754039"},{"taxonomy":"product_cat","embeddable":true,"href":"https:\/\/roveyayinevi.com.tr\/index.php\/wp-json\/wp\/v2\/product_cat?post=754039"},{"taxonomy":"product_tag","embeddable":true,"href":"https:\/\/roveyayinevi.com.tr\/index.php\/wp-json\/wp\/v2\/product_tag?post=754039"}],"curies":[{"name":"wp","href":"https:\/\/api.w.org\/{rel}","templated":true}]}}