{"id":754038,"date":"2025-08-28T05:59:57","date_gmt":"2025-08-28T02:59:57","guid":{"rendered":"https:\/\/roveyayinevi.com.tr\/index.php\/urun\/iyilesme-kayip-nekahet-sanati\/"},"modified":"2026-04-16T03:07:25","modified_gmt":"2026-04-16T00:07:25","slug":"iyilesme-kayip-nekahet-sanati","status":"publish","type":"product","link":"https:\/\/roveyayinevi.com.tr\/index.php\/urun\/iyilesme-kayip-nekahet-sanati\/","title":{"rendered":"\u0130yile\u015fme: Kay\u0131p Nekahet Sanat\u0131"},"content":{"rendered":"<p>Hastal\u0131k s\u00f6z konusu oldu\u011funda, bazen son yaln\u0131zca ba\u015flang\u0131\u00e7t\u0131r. \u0130yile\u015fme ve nekahet s\u00f6zc\u00fckleri ya\u015fam\u0131m\u0131z\u0131n \u00e7eperinde yer al\u0131r, ta ki biz onlarla ger\u00e7ek anlamda y\u00fczle\u015fmek zorunda kalana kadar. \u0130yile\u015fme yolculu\u011funa \u00e7\u0131kt\u0131\u011f\u0131m\u0131zda sa\u011fl\u0131\u011fa ve mutlulu\u011fa d\u00f6n\u00fc\u015f yolunun \u00e7o\u011fu zaman d\u00fc\u015f\u00fcnd\u00fc\u011f\u00fcm\u00fczden daha uzun ve dolamba\u00e7l\u0131 oldu\u011funu fark ederiz.  Aile hekimi ve yazar Gavin Francis, \u0130yile\u015fme\u2019de nas\u0131l \u2013ve neden\u2013 iyile\u015fti\u011fimizi incelerken, bu s\u00fcrecin pek \u00e7ok farkl\u0131 bi\u00e7imi olabilece\u011fini ve modern ya\u015famda iyile\u015fmeye \u00e7o\u011funlukla yeterince yer ve zaman ay\u0131rmad\u0131\u011f\u0131m\u0131z\u0131 ortaya koyuyor.  T\u0131bba \u201cbilim ile nezaketin ittifak\u0131\u201d olarak bakan Francis, \u0130yile\u015fme\u2019de g\u00fcnbeg\u00fcn ya\u015fanan iyile\u015fme mucizesinin umut ve d\u00f6n\u00fc\u015f\u00fcm \u00f6yk\u00fcs\u00fcn\u00fc g\u00f6zler \u00f6n\u00fcne seriyor.    \u201c\u0130ster hasta olsun ister hekim, bu k\u0131sa ama derinlikli kitab\u0131 okumaktan fayda g\u00f6rmeyecek birini d\u00fc\u015f\u00fcnemiyorum.\u201d \u2013Henry Marsh  \u201cBilge, nazik ve usulcac\u0131k umut f\u0131s\u0131ldayan bir kitap.\u201d \u2013Rachel Clarke <\/p>\n","protected":false},"excerpt":{"rendered":"<p>Hastal\u0131k s\u00f6z konusu oldu\u011funda, bazen son yaln\u0131zca ba\u015flang\u0131\u00e7t\u0131r. \u0130yile\u015fme ve nekahet s\u00f6zc\u00fckleri ya\u015fam\u0131m\u0131z\u0131n \u00e7eperinde yer al\u0131r, ta ki biz onlarla ger\u00e7ek anlamda y\u00fczle\u015fmek zorunda kalana kadar.<span class=\"excerpt-hellip\"> [\u2026]<\/span><\/p>\n","protected":false},"featured_media":0,"template":"","meta":{"_monsterinsights_skip_tracking":false,"_monsterinsights_sitenote_active":false,"_monsterinsights_sitenote_note":"","_monsterinsights_sitenote_category":0},"product_brand":[],"product_cat":[13005,13006],"product_tag":[],"class_list":{"0":"post-754038","1":"product","2":"type-product","3":"status-publish","5":"product_cat-bilim-muhendislik","6":"product_cat-populer-bilim","7":"pa_cilt-ciltsiz","8":"pa_tur-kitap","9":"pa_yayinevi-domingo-yayinevi","10":"pa_yazar-gavin-francis","12":"first","13":"instock","14":"sale","15":"shipping-taxable","16":"purchasable","17":"product-type-simple"},"_links":{"self":[{"href":"https:\/\/roveyayinevi.com.tr\/index.php\/wp-json\/wp\/v2\/product\/754038","targetHints":{"allow":["GET"]}}],"collection":[{"href":"https:\/\/roveyayinevi.com.tr\/index.php\/wp-json\/wp\/v2\/product"}],"about":[{"href":"https:\/\/roveyayinevi.com.tr\/index.php\/wp-json\/wp\/v2\/types\/product"}],"wp:attachment":[{"href":"https:\/\/roveyayinevi.com.tr\/index.php\/wp-json\/wp\/v2\/media?parent=754038"}],"wp:term":[{"taxonomy":"product_brand","embeddable":true,"href":"https:\/\/roveyayinevi.com.tr\/index.php\/wp-json\/wp\/v2\/product_brand?post=754038"},{"taxonomy":"product_cat","embeddable":true,"href":"https:\/\/roveyayinevi.com.tr\/index.php\/wp-json\/wp\/v2\/product_cat?post=754038"},{"taxonomy":"product_tag","embeddable":true,"href":"https:\/\/roveyayinevi.com.tr\/index.php\/wp-json\/wp\/v2\/product_tag?post=754038"}],"curies":[{"name":"wp","href":"https:\/\/api.w.org\/{rel}","templated":true}]}}