{"id":754035,"date":"2025-08-28T05:59:52","date_gmt":"2025-08-28T02:59:52","guid":{"rendered":"https:\/\/roveyayinevi.com.tr\/index.php\/urun\/bay-balikci-jeremynin-oykusu\/"},"modified":"2026-04-16T03:07:25","modified_gmt":"2026-04-16T00:07:25","slug":"bay-balikci-jeremynin-oykusu","status":"publish","type":"product","link":"https:\/\/roveyayinevi.com.tr\/index.php\/urun\/bay-balikci-jeremynin-oykusu\/","title":{"rendered":"Bay Bal\u0131k\u00e7\u0131 Jeremy\u2019nin \u00d6yk\u00fcs\u00fc"},"content":{"rendered":"<p>Beatrix Potter taraf\u0131ndan yaz\u0131lm\u0131\u015f ve resimlenmi\u015f Bay Bal\u0131k\u00e7\u0131 Jeremy\u2019nin \u00d6yk\u00fcs\u00fc, ak\u015fam yeme\u011fi i\u00e7in dere bal\u0131\u011f\u0131 yakalamaya giden bir kurba\u011fan\u0131n talihsizliklerle ve maceralarla dolu bir g\u00fcn\u00fcn\u00fc anlatmaktad\u0131r.   Bir zamanlar Bay Bal\u0131k\u00e7\u0131 Jeremy ad\u0131nda bir kurba\u011fa vard\u0131. Bir g\u00f6letin k\u0131y\u0131s\u0131nda bulunan d\u00fc\u011f\u00fcn \u00e7i\u00e7eklerinin aras\u0131nda ufak, rutubetli bir evde ya\u015fard\u0131. <\/p>\n","protected":false},"excerpt":{"rendered":"<p>Beatrix Potter taraf\u0131ndan yaz\u0131lm\u0131\u015f ve resimlenmi\u015f Bay Bal\u0131k\u00e7\u0131 Jeremy\u2019nin \u00d6yk\u00fcs\u00fc, ak\u015fam yeme\u011fi i\u00e7in dere bal\u0131\u011f\u0131 yakalamaya giden bir kurba\u011fan\u0131n talihsizliklerle ve maceralarla dolu bir g\u00fcn\u00fcn\u00fc anlatmaktad\u0131r.<span class=\"excerpt-hellip\"> [\u2026]<\/span><\/p>\n","protected":false},"featured_media":0,"template":"","meta":{"_monsterinsights_skip_tracking":false,"_monsterinsights_sitenote_active":false,"_monsterinsights_sitenote_note":"","_monsterinsights_sitenote_category":0},"product_brand":[],"product_cat":[12274,12284],"product_tag":[],"class_list":{"0":"post-754035","1":"product","2":"type-product","3":"status-publish","5":"product_cat-cocuk-ve-genclik-kitaplari","6":"product_cat-hikayeler","7":"pa_cilt-ciltsiz","8":"pa_tur-kitap","9":"pa_yayinevi-cocuk-gelisimi-yayinlari","10":"pa_yazar-beatrix-potter","12":"first","13":"instock","14":"sale","15":"shipping-taxable","16":"purchasable","17":"product-type-simple"},"_links":{"self":[{"href":"https:\/\/roveyayinevi.com.tr\/index.php\/wp-json\/wp\/v2\/product\/754035","targetHints":{"allow":["GET"]}}],"collection":[{"href":"https:\/\/roveyayinevi.com.tr\/index.php\/wp-json\/wp\/v2\/product"}],"about":[{"href":"https:\/\/roveyayinevi.com.tr\/index.php\/wp-json\/wp\/v2\/types\/product"}],"wp:attachment":[{"href":"https:\/\/roveyayinevi.com.tr\/index.php\/wp-json\/wp\/v2\/media?parent=754035"}],"wp:term":[{"taxonomy":"product_brand","embeddable":true,"href":"https:\/\/roveyayinevi.com.tr\/index.php\/wp-json\/wp\/v2\/product_brand?post=754035"},{"taxonomy":"product_cat","embeddable":true,"href":"https:\/\/roveyayinevi.com.tr\/index.php\/wp-json\/wp\/v2\/product_cat?post=754035"},{"taxonomy":"product_tag","embeddable":true,"href":"https:\/\/roveyayinevi.com.tr\/index.php\/wp-json\/wp\/v2\/product_tag?post=754035"}],"curies":[{"name":"wp","href":"https:\/\/api.w.org\/{rel}","templated":true}]}}