{"id":754034,"date":"2025-08-28T05:59:50","date_gmt":"2025-08-28T02:59:50","guid":{"rendered":"https:\/\/roveyayinevi.com.tr\/index.php\/urun\/bay-todun-oykusu\/"},"modified":"2026-04-16T03:07:25","modified_gmt":"2026-04-16T00:07:25","slug":"bay-todun-oykusu","status":"publish","type":"product","link":"https:\/\/roveyayinevi.com.tr\/index.php\/urun\/bay-todun-oykusu\/","title":{"rendered":"Bay Tod\u2019un \u00d6yk\u00fcs\u00fc"},"content":{"rendered":"<p>Beatrix Potter taraf\u0131ndan yaz\u0131lm\u0131\u015f ve resimlenmi\u015f Bay Tod\u2019un \u00d6yk\u00fcs\u00fc, bir tilki olan Bay Tod ile onun en b\u00fcy\u00fck d\u00fc\u015fman\u0131 olan Porsuk Tom\u2019un aralar\u0131ndaki \u00e7eki\u015fmeyi anlat\u0131r. Porsuk Tom, Tav\u015fan Benjamin ve Tonton\u2019un \u00e7ocuklar\u0131n\u0131 ka\u00e7\u0131rd\u0131\u011f\u0131nda, Bay Tod fark\u0131nda olmadan tav\u015fanlar\u0131n en b\u00fcy\u00fck yard\u0131mc\u0131s\u0131 olur.   Kitaplar\u0131m\u0131 iyi huylu ki\u015filer hakk\u0131nda yazard\u0131m. \u015eimdiyse biraz de\u011fi\u015fiklik olsun diye Porsuk Tom ve Bay Tod ad\u0131nda iki ge\u00e7imsiz ki\u015fi hakk\u0131nda bir \u00f6yk\u00fc anlataca\u011f\u0131m. <\/p>\n","protected":false},"excerpt":{"rendered":"<p>Beatrix Potter taraf\u0131ndan yaz\u0131lm\u0131\u015f ve resimlenmi\u015f Bay Tod\u2019un \u00d6yk\u00fcs\u00fc, bir tilki olan Bay Tod ile onun en b\u00fcy\u00fck d\u00fc\u015fman\u0131 olan Porsuk Tom\u2019un aralar\u0131ndaki \u00e7eki\u015fmeyi anlat\u0131r. Porsuk<span class=\"excerpt-hellip\"> [\u2026]<\/span><\/p>\n","protected":false},"featured_media":0,"template":"","meta":{"_monsterinsights_skip_tracking":false,"_monsterinsights_sitenote_active":false,"_monsterinsights_sitenote_note":"","_monsterinsights_sitenote_category":0},"product_brand":[],"product_cat":[12274,12284],"product_tag":[],"class_list":{"0":"post-754034","1":"product","2":"type-product","3":"status-publish","5":"product_cat-cocuk-ve-genclik-kitaplari","6":"product_cat-hikayeler","7":"pa_cilt-ciltsiz","8":"pa_tur-kitap","9":"pa_yayinevi-cocuk-gelisimi-yayinlari","10":"pa_yazar-beatrix-potter","12":"first","13":"instock","14":"sale","15":"shipping-taxable","16":"purchasable","17":"product-type-simple"},"_links":{"self":[{"href":"https:\/\/roveyayinevi.com.tr\/index.php\/wp-json\/wp\/v2\/product\/754034","targetHints":{"allow":["GET"]}}],"collection":[{"href":"https:\/\/roveyayinevi.com.tr\/index.php\/wp-json\/wp\/v2\/product"}],"about":[{"href":"https:\/\/roveyayinevi.com.tr\/index.php\/wp-json\/wp\/v2\/types\/product"}],"wp:attachment":[{"href":"https:\/\/roveyayinevi.com.tr\/index.php\/wp-json\/wp\/v2\/media?parent=754034"}],"wp:term":[{"taxonomy":"product_brand","embeddable":true,"href":"https:\/\/roveyayinevi.com.tr\/index.php\/wp-json\/wp\/v2\/product_brand?post=754034"},{"taxonomy":"product_cat","embeddable":true,"href":"https:\/\/roveyayinevi.com.tr\/index.php\/wp-json\/wp\/v2\/product_cat?post=754034"},{"taxonomy":"product_tag","embeddable":true,"href":"https:\/\/roveyayinevi.com.tr\/index.php\/wp-json\/wp\/v2\/product_tag?post=754034"}],"curies":[{"name":"wp","href":"https:\/\/api.w.org\/{rel}","templated":true}]}}