{"id":754032,"date":"2025-08-28T05:59:47","date_gmt":"2025-08-28T02:59:47","guid":{"rendered":"https:\/\/roveyayinevi.com.tr\/index.php\/urun\/vatan-yahut-cumhuriyet\/"},"modified":"2026-04-16T03:07:24","modified_gmt":"2026-04-16T00:07:24","slug":"vatan-yahut-cumhuriyet","status":"publish","type":"product","link":"https:\/\/roveyayinevi.com.tr\/index.php\/urun\/vatan-yahut-cumhuriyet\/","title":{"rendered":"Vatan Yahut Cumhuriyet"},"content":{"rendered":"<p>Milli Kurtulu\u015fun ve Cumhuriyetin tan\u0131klar\u0131. Milli Kurtulu\u015f ve Cumhuriyetin fedak\u00e2r fedaileri. Yunan i\u015fgalini ve ard\u0131ndan \u00f6zg\u00fcrl\u00fck \u015fafa\u011f\u0131n\u0131n parlay\u0131\u015f\u0131n\u0131 ya\u015fayan toplumun her kesiminden insanlar. 1919 \u2013 1938 aras\u0131nda ya\u015fad\u0131klar\u0131n\u0131 hi\u00e7 unutamayanlar. T\u00fcrk, Musevi, H\u0131ristiyan vatanseverler. Emperyalizmin muazzam deste\u011fini alan bir i\u015fgal ordusuna teslim olmayanlar. Erkek kad\u0131n, cahil bilgin, gen\u00e7 ihtiyar, fakir zengin, hep beraber \u0130stiklal Ordusu\u2019nda yan yana gelenler. Tam ba\u011f\u0131ms\u0131zl\u0131\u011f\u0131n hi\u00e7 bilinmeyen, hi\u00e7 yay\u0131nlamam\u0131\u015f, S\u00f6zl\u00fc Tarih ile tespit edilen hat\u0131ralar\u0131. Atat\u00fcrk\u2019\u00fcn yak\u0131n \u00e7evresinden anlat\u0131mlar. Atat\u00fcrk\u2019e leblebi veren \u00e7ocuk. K\u00fclt\u00fcr devriminin yarat\u0131\u011f\u0131 bir m\u00fczik dehas\u0131. Anadolu uygarl\u0131klar\u0131n\u0131 ke\u015ffetme \u00fctopyas\u0131 do\u011frultusunda arkeolojinin zirvesindeki bir bilim adam\u0131. 1923 \u0130ktisat Kongresi ilkelerinin h\u0131z\u0131 ile yat\u0131r\u0131m yapan, fabrikalar kuran \u00fcnl\u00fc i\u015fadamlar\u0131. Hepsi Atat\u00fcrk d\u00f6neminin \u00fcr\u00fcnleri. Atat\u00fcrk\u2019\u00fc g\u00f6rd\u00fcler, ya\u015fad\u0131lar ve anlad\u0131lar. Onlar i\u015fgali, kurtulu\u015fu, Cumhuriyeti ve Gazi Pa\u015fa\u2019y\u0131 y\u00fcreklerinde daima ya\u015fatt\u0131lar, hat\u0131ralar\u0131n\u0131 ve d\u00fc\u015f\u00fcncelerini Ya\u015far Aksoy\u2019a aktard\u0131lar. \u0130kisi hari\u00e7 hi\u00e7biri sa\u011f de\u011fil. Hat\u0131ralar\u0131n\u0131 kitapla\u015ft\u0131rmakla kutsal bir g\u00f6rev yapt\u0131\u011f\u0131m\u0131za inan\u0131yoruz. <\/p>\n","protected":false},"excerpt":{"rendered":"<p>Milli Kurtulu\u015fun ve Cumhuriyetin tan\u0131klar\u0131. Milli Kurtulu\u015f ve Cumhuriyetin fedak\u00e2r fedaileri. Yunan i\u015fgalini ve ard\u0131ndan \u00f6zg\u00fcrl\u00fck \u015fafa\u011f\u0131n\u0131n parlay\u0131\u015f\u0131n\u0131 ya\u015fayan toplumun her kesiminden insanlar. 1919 \u2013 1938<span class=\"excerpt-hellip\"> [\u2026]<\/span><\/p>\n","protected":false},"featured_media":0,"template":"","meta":{"_monsterinsights_skip_tracking":false,"_monsterinsights_sitenote_active":false,"_monsterinsights_sitenote_note":"","_monsterinsights_sitenote_category":0},"product_brand":[],"product_cat":[12304,13493],"product_tag":[],"class_list":{"0":"post-754032","1":"product","2":"type-product","3":"status-publish","5":"product_cat-tarih","6":"product_cat-turkiye-ve-cumhuriyet-tarihi","7":"pa_cilt-ciltsiz","8":"pa_tur-kitap","9":"pa_yayinevi-kirmizi-kedi-yayinevi","10":"pa_yazar-yasar-aksoy","12":"first","13":"instock","14":"sale","15":"shipping-taxable","16":"purchasable","17":"product-type-simple"},"_links":{"self":[{"href":"https:\/\/roveyayinevi.com.tr\/index.php\/wp-json\/wp\/v2\/product\/754032","targetHints":{"allow":["GET"]}}],"collection":[{"href":"https:\/\/roveyayinevi.com.tr\/index.php\/wp-json\/wp\/v2\/product"}],"about":[{"href":"https:\/\/roveyayinevi.com.tr\/index.php\/wp-json\/wp\/v2\/types\/product"}],"wp:attachment":[{"href":"https:\/\/roveyayinevi.com.tr\/index.php\/wp-json\/wp\/v2\/media?parent=754032"}],"wp:term":[{"taxonomy":"product_brand","embeddable":true,"href":"https:\/\/roveyayinevi.com.tr\/index.php\/wp-json\/wp\/v2\/product_brand?post=754032"},{"taxonomy":"product_cat","embeddable":true,"href":"https:\/\/roveyayinevi.com.tr\/index.php\/wp-json\/wp\/v2\/product_cat?post=754032"},{"taxonomy":"product_tag","embeddable":true,"href":"https:\/\/roveyayinevi.com.tr\/index.php\/wp-json\/wp\/v2\/product_tag?post=754032"}],"curies":[{"name":"wp","href":"https:\/\/api.w.org\/{rel}","templated":true}]}}