{"id":754029,"date":"2025-08-28T05:59:08","date_gmt":"2025-08-28T02:59:08","guid":{"rendered":"https:\/\/roveyayinevi.com.tr\/index.php\/urun\/musluman-realist-muessir-guc-kimligi-ve-turk-dis-politikasi\/"},"modified":"2026-02-26T03:18:28","modified_gmt":"2026-02-26T00:18:28","slug":"musluman-realist-muessir-guc-kimligi-ve-turk-dis-politikasi","status":"publish","type":"product","link":"https:\/\/roveyayinevi.com.tr\/index.php\/urun\/musluman-realist-muessir-guc-kimligi-ve-turk-dis-politikasi\/","title":{"rendered":"M\u00fcsl\u00fcman Realist &#8211; M\u00fcessir G\u00fc\u00e7 Kimli\u011fi ve T\u00fcrk D\u0131\u015f Politikas\u0131"},"content":{"rendered":"<p>Bazen d\u00fcnya, \u00e7at\u0131\u015fma ve anla\u015fmazl\u0131klar\u0131n g\u00f6lgesinde kayboluyormu\u015f gibi g\u00f6r\u00fcnebilir. \u00c7eki\u015fmeler, ittifaklar, g\u00fc\u00e7 oyunlar\u0131 ve daha bir\u00e7ok fakt\u00f6r, adeta devasa bir karma\u015fa yuma\u011f\u0131na d\u00f6n\u00fc\u015febilir. \u0130\u015fte tam da bu noktada, ger\u00e7eklik ve bar\u0131\u015f aras\u0131nda zarif bir denge kurmak gerekmektedir. Yazar, \u201cM\u00fcsl\u00fcman Realist\u201d kavram\u0131 yard\u0131m\u0131yla bu dengenin izini s\u00fcren T\u00fcrk d\u0131\u015f politikas\u0131n\u0131n yirmi y\u0131ll\u0131k ser\u00fcvenini anlat\u0131yor.Kitap, insano\u011flunun do\u011fu\u015ftan gelen \u00e7at\u0131\u015fmac\u0131 i\u00e7g\u00fcd\u00fcs\u00fcn\u00fc kabul ederken, bu kabule bir de \u015ferh d\u00fc\u015f\u00fcyor. Klasik realizmin s\u0131n\u0131rlar\u0131n\u0131 a\u015farak yeni bir perspektif sunuyor.Yazar, akademik ve b\u00fcrokratik kariyerinin getirdi\u011fi tecr\u00fcbe ile s\u00fcrd\u00fcr\u00fclebilir bar\u0131\u015f i\u00e7in m\u00fccadele eden T\u00fcrkiye\u2019nin diplomatik hik\u00e2yesini ke\u015ffetmemizi sa\u011fl\u0131yor. Bu ke\u015fif i\u00e7in ise s\u0131k\u00e7a vurgu yapt\u0131\u011f\u0131 \u201cm\u00fcessir g\u00fc\u00e7\u201d kavram\u0131n\u0131 detayl\u0131ca tart\u0131\u015f\u0131yor.Uluslararas\u0131 ili\u015fkilerin \u00e7a\u011fda\u015f dinamiklerini anlamam\u0131z\u0131 sa\u011flayan bu kitap, sadece teorik bir \u00e7er\u00e7eve sunmakla kalm\u0131yor, ayn\u0131 zamanda bu teoriyi T\u00fcrkiye prati\u011fi ile g\u00f6zler \u00f6n\u00fcne seriyor.Deneyim ve analizin ak\u0131c\u0131 bir \u00fcslupta birle\u015fti\u011fi bu kitap, devletlerin sa\u011fduyulu, ho\u015fg\u00f6r\u00fcl\u00fc ve stratejik politikalar\u0131yla d\u00fcnya bar\u0131\u015f\u0131 i\u00e7in nas\u0131l \u00e7al\u0131\u015fabilece\u011fini a\u00e7\u0131k\u00e7a kan\u0131tlar niteliktedir.M\u00fcsl\u00fcman Realist, bu a\u00e7\u0131dan, okuyucular\u0131n\u0131n kar\u015f\u0131s\u0131na merak uyand\u0131ran, kapsaml\u0131, umut veren ve bilgi dolu bir anlat\u0131m olarak \u00e7\u0131k\u0131yor.<\/p>\n","protected":false},"excerpt":{"rendered":"<p>Bazen d\u00fcnya, \u00e7at\u0131\u015fma ve anla\u015fmazl\u0131klar\u0131n g\u00f6lgesinde kayboluyormu\u015f gibi g\u00f6r\u00fcnebilir. \u00c7eki\u015fmeler, ittifaklar, g\u00fc\u00e7 oyunlar\u0131 ve daha bir\u00e7ok fakt\u00f6r, adeta devasa bir karma\u015fa yuma\u011f\u0131na d\u00f6n\u00fc\u015febilir. \u0130\u015fte tam da<span class=\"excerpt-hellip\"> [\u2026]<\/span><\/p>\n","protected":false},"featured_media":0,"template":"","meta":{"_monsterinsights_skip_tracking":false,"_monsterinsights_sitenote_active":false,"_monsterinsights_sitenote_note":"","_monsterinsights_sitenote_category":0},"product_brand":[],"product_cat":[12337],"product_tag":[],"class_list":{"0":"post-754029","1":"product","2":"type-product","3":"status-publish","5":"product_cat-politika-siyaset","6":"pa_cilt-ciltsiz","7":"pa_tur-kitap","8":"pa_yayinevi-turkuvaz-kitap","9":"pa_yazar-fatima-gulhan-abushanab","11":"first","12":"instock","13":"sale","14":"shipping-taxable","15":"purchasable","16":"product-type-simple"},"_links":{"self":[{"href":"https:\/\/roveyayinevi.com.tr\/index.php\/wp-json\/wp\/v2\/product\/754029","targetHints":{"allow":["GET"]}}],"collection":[{"href":"https:\/\/roveyayinevi.com.tr\/index.php\/wp-json\/wp\/v2\/product"}],"about":[{"href":"https:\/\/roveyayinevi.com.tr\/index.php\/wp-json\/wp\/v2\/types\/product"}],"wp:attachment":[{"href":"https:\/\/roveyayinevi.com.tr\/index.php\/wp-json\/wp\/v2\/media?parent=754029"}],"wp:term":[{"taxonomy":"product_brand","embeddable":true,"href":"https:\/\/roveyayinevi.com.tr\/index.php\/wp-json\/wp\/v2\/product_brand?post=754029"},{"taxonomy":"product_cat","embeddable":true,"href":"https:\/\/roveyayinevi.com.tr\/index.php\/wp-json\/wp\/v2\/product_cat?post=754029"},{"taxonomy":"product_tag","embeddable":true,"href":"https:\/\/roveyayinevi.com.tr\/index.php\/wp-json\/wp\/v2\/product_tag?post=754029"}],"curies":[{"name":"wp","href":"https:\/\/api.w.org\/{rel}","templated":true}]}}