{"id":754026,"date":"2025-08-28T05:59:03","date_gmt":"2025-08-28T02:59:03","guid":{"rendered":"https:\/\/roveyayinevi.com.tr\/index.php\/urun\/karanlik-yuzler\/"},"modified":"2026-04-16T03:07:24","modified_gmt":"2026-04-16T00:07:24","slug":"karanlik-yuzler","status":"publish","type":"product","link":"https:\/\/roveyayinevi.com.tr\/index.php\/urun\/karanlik-yuzler\/","title":{"rendered":"Karanl\u0131k Y\u00fczler"},"content":{"rendered":"<p>Dostunu, du\u0308\u015fman\u0131n\u0131 tan\u0131mayan hezimete u\u011framaya mahk\u00fbmdur. Bu yu\u0308zdendir dost ve du\u0308\u015fman\u0131n\u0131 tan\u0131mak; ki\u015filer, mu\u0308esseseler, devletler ve dinler i\u00e7in de en ehemmiyet verilmesi gereken \u015feydir. Du\u0308\u015fman\u0131n gizli olan\u0131 \u00e2\u015fik\u00e2r olan\u0131ndan daha tehlikelidir. Du\u0308\u015fmanl\u0131\u011f\u0131n\u0131 alen\u00ee yapan\u0131 tan\u0131r ve gerekli tedbirleri al\u0131rs\u0131n. L\u00e2kin gizli olan\u0131 senden g\u00f6zu\u0308ku\u0308r, \u2018dost\u2019 gibi yakla\u015f\u0131r, yu\u0308zu\u0308ne gu\u0308ler, tan\u0131may\u0131 gu\u0308\u00e7le\u015ftirir. Ne yaz\u0131k ki du\u0308\u015fman\u0131n\u0131 herkes tan\u0131yamaz. Herkes iyi ile k\u00f6tu\u0308yu\u0308, do\u011fru ile yanl\u0131\u015f\u0131, gu\u0308zel ile \u00e7irkini ay\u0131rt edemez. Kald\u0131 ki gu\u0308nu\u0308mu\u0308zdeki e\u011fitim sistem ve mu\u0308fredat\u0131 tam da bu ay\u0131rt edememe i\u015flevi i\u00e7in var. Baz\u0131lar\u0131 ise kendine gu\u0308venip, du\u0308\u015fman\u0131n\u0131 ku\u0308\u00e7u\u0308mser. O da ihanete u\u011framaya, gizli y\u00e2hut a\u00e7\u0131k hasm\u0131n\u0131n kininden nasibini almaya mahk\u00fbmdur. Tu\u0308rkiye, du\u0308nyan\u0131n en stratejik kav\u015fa\u011f\u0131nda yer al\u0131yor. Ayr\u0131ca Mu\u0308slu\u0308man Tu\u0308rk milletine tarihinin, mensubu oldu\u011fu dinin yu\u0308kledi\u011fi bu\u0308yu\u0308k mesuliyetler var. Tu\u0308rkiye\u2019nin uzak veya yak\u0131n, i\u00e7te veya d\u0131\u015ftaki du\u0308\u015fmanlar\u0131 bu ger\u00e7e\u011fin fark\u0131nda ve bu yu\u0308zden du\u0308\u015fmanl\u0131klar\u0131n\u0131 daha da pekle\u015ftiriyor. Siyasetlerini buna g\u00f6re yu\u0308ru\u0308tu\u0308yor. Bu kitap dost ile du\u0308\u015fman\u0131n ay\u0131rt edilmesine yard\u0131mc\u0131 olmak gibi a\u015f\u0131r\u0131 bir iddiaya sahip de\u011fildir. Ancak ele ald\u0131\u011f\u0131 \u015fahsiyetler ve karanl\u0131k ili\u015fkileri u\u0308lkemize \u00e7al\u0131nan ve bu\u0308yu\u0308k \u00f6l\u00e7u\u0308de de tutan maya ile du\u0308nyadaki baz\u0131 kirli \u015fahsiyetleri \u00f6zetle ele al\u0131yor. Muhtemelen de yeni karanl\u0131k ve de ayd\u0131nl\u0131k yu\u0308zlerle devam edecek. <\/p>\n","protected":false},"excerpt":{"rendered":"<p>Dostunu, du\u0308\u015fman\u0131n\u0131 tan\u0131mayan hezimete u\u011framaya mahk\u00fbmdur. Bu yu\u0308zdendir dost ve du\u0308\u015fman\u0131n\u0131 tan\u0131mak; ki\u015filer, mu\u0308esseseler, devletler ve dinler i\u00e7in de en ehemmiyet verilmesi gereken \u015feydir. Du\u0308\u015fman\u0131n gizli<span class=\"excerpt-hellip\"> [\u2026]<\/span><\/p>\n","protected":false},"featured_media":0,"template":"","meta":{"_monsterinsights_skip_tracking":false,"_monsterinsights_sitenote_active":false,"_monsterinsights_sitenote_note":"","_monsterinsights_sitenote_category":0},"product_brand":[],"product_cat":[13072,12291],"product_tag":[],"class_list":{"0":"post-754026","1":"product","2":"type-product","3":"status-publish","5":"product_cat-arastirma-inceleme-referans","6":"product_cat-edebiyat","7":"pa_cilt-ciltsiz","8":"pa_tur-kitap","9":"pa_yayinevi-ketebe-yayinlari","10":"pa_yazar-kemal-ozer","12":"first","13":"instock","14":"sale","15":"shipping-taxable","16":"purchasable","17":"product-type-simple"},"_links":{"self":[{"href":"https:\/\/roveyayinevi.com.tr\/index.php\/wp-json\/wp\/v2\/product\/754026","targetHints":{"allow":["GET"]}}],"collection":[{"href":"https:\/\/roveyayinevi.com.tr\/index.php\/wp-json\/wp\/v2\/product"}],"about":[{"href":"https:\/\/roveyayinevi.com.tr\/index.php\/wp-json\/wp\/v2\/types\/product"}],"wp:attachment":[{"href":"https:\/\/roveyayinevi.com.tr\/index.php\/wp-json\/wp\/v2\/media?parent=754026"}],"wp:term":[{"taxonomy":"product_brand","embeddable":true,"href":"https:\/\/roveyayinevi.com.tr\/index.php\/wp-json\/wp\/v2\/product_brand?post=754026"},{"taxonomy":"product_cat","embeddable":true,"href":"https:\/\/roveyayinevi.com.tr\/index.php\/wp-json\/wp\/v2\/product_cat?post=754026"},{"taxonomy":"product_tag","embeddable":true,"href":"https:\/\/roveyayinevi.com.tr\/index.php\/wp-json\/wp\/v2\/product_tag?post=754026"}],"curies":[{"name":"wp","href":"https:\/\/api.w.org\/{rel}","templated":true}]}}