{"id":754025,"date":"2025-08-28T05:59:02","date_gmt":"2025-08-28T02:59:02","guid":{"rendered":"https:\/\/roveyayinevi.com.tr\/index.php\/urun\/dusunmenin-dogru-olcusu\/"},"modified":"2026-04-16T03:07:24","modified_gmt":"2026-04-16T00:07:24","slug":"dusunmenin-dogru-olcusu","status":"publish","type":"product","link":"https:\/\/roveyayinevi.com.tr\/index.php\/urun\/dusunmenin-dogru-olcusu\/","title":{"rendered":"D\u00fc\u015f\u00fcnmenin Do\u011fru \u00d6l\u00e7\u00fcs\u00fc"},"content":{"rendered":"<p>Gazz\u00e2l\u00ee\u2019nin Ta\u2019l\u00eemiyye olarak da an\u0131lan Niz\u00e2r\u00ee-\u0130sm\u00e2il\u00ee \u015ei\u00eelerine y\u00f6nelik bir ele\u015ftiri olarak kaleme ald\u0131\u011f\u0131 el-K\u0131st\u00e2su\u0308\u2019l-Mu\u0308stak\u00eem, din s\u00f6z konusu oldu\u011funda akl\u0131 kullanmaya kar\u015f\u0131 olan bir mezhebin s\u0131k\u0131 takip\u00e7isine akl\u0131 kullanman\u0131n \u00f6l\u00e7u\u0308su\u0308 ve gereklili\u011fini ustaca anlatmaktad\u0131r.   Gazz\u00e2l\u00ee burada, \u00f6zellikle felsefe ve dinin s\u0131k s\u0131k ba\u015fvurdu\u011fu iki referans olarak mant\u0131k ilmi ve Kur\u2019an u\u0308zerinde durur ve dahas\u0131, mant\u0131\u011f\u0131 me\u015frula\u015ft\u0131rmaktan \u00f6te Kur\u2019an\u2019\u0131n, anlam\u0131n bir \u015fart\u0131 oldu\u011funu \u00e2deta ilan etmi\u015f olur. Kendisinin de belirtti\u011fi gibi, Mu\u0308slu\u0308manlar i\u00e7in zorunlu sayd\u0131\u011f\u0131 ak\u0131l ve mant\u0131k bilgilerini bir s\u00f6ylem stratejisi olarak Kur\u2019an terimleri ve Kur\u2019an\u2019dan \u00f6rnekler yoluyla bu\u0308yu\u0308k bir incelikle muar\u0131z\u0131na sunar. Nihayetinde, Kur\u2019an\u2019\u0131n emirleri ile mant\u0131k ilkelerinin uyumlu i\u015fleyi\u015fini \u015fu\u0308pheye yer b\u0131rakmayacak \u015fekilde ortaya koyarak muar\u0131z\u0131n\u0131 reddedemeyece\u011fi bir y\u00f6ntemle ikna eder.   Hem Gazz\u00e2l\u00ee\u2019nin ve onun \u015fahs\u0131nda \u0130slam du\u0308\u015fu\u0308nce tarihi miras\u0131n\u0131n bir par\u00e7as\u0131 olmas\u0131 hem de Kur\u2019an ve ak\u0131l yu\u0308ru\u0308tme aras\u0131nda kurdu\u011fu ili\u015fki bi\u00e7imi bak\u0131m\u0131ndan dikkate \u015fayan bir \u00f6neme sahip Du\u0308\u015fu\u0308nmenin Do\u011fru \u00d6l\u00e7u\u0308su\u0308: el-K\u0131st\u00e2su\u0308\u2019l-Mu\u0308stak\u00eem, konuya ilgililerin yan\u0131 s\u0131ra geni\u015f bir okur kitlesi i\u00e7in de \u00e7arp\u0131c\u0131 bir \u00e7al\u0131\u015fma niteli\u011finde.<\/p>\n","protected":false},"excerpt":{"rendered":"<p>Gazz\u00e2l\u00ee\u2019nin Ta\u2019l\u00eemiyye olarak da an\u0131lan Niz\u00e2r\u00ee-\u0130sm\u00e2il\u00ee \u015ei\u00eelerine y\u00f6nelik bir ele\u015ftiri olarak kaleme ald\u0131\u011f\u0131 el-K\u0131st\u00e2su\u0308\u2019l-Mu\u0308stak\u00eem, din s\u00f6z konusu oldu\u011funda akl\u0131 kullanmaya kar\u015f\u0131 olan bir mezhebin s\u0131k\u0131 takip\u00e7isine<span class=\"excerpt-hellip\"> [\u2026]<\/span><\/p>\n","protected":false},"featured_media":0,"template":"","meta":{"_monsterinsights_skip_tracking":false,"_monsterinsights_sitenote_active":false,"_monsterinsights_sitenote_note":"","_monsterinsights_sitenote_category":0},"product_brand":[],"product_cat":[12718,12719],"product_tag":[],"class_list":{"0":"post-754025","1":"product","2":"type-product","3":"status-publish","5":"product_cat-din","6":"product_cat-islam","7":"pa_cilt-ciltsiz","8":"pa_tur-kitap","9":"pa_yayinevi-ketebe-yayinlari","10":"pa_yazar-imam-gazzali","12":"first","13":"instock","14":"sale","15":"shipping-taxable","16":"purchasable","17":"product-type-simple"},"_links":{"self":[{"href":"https:\/\/roveyayinevi.com.tr\/index.php\/wp-json\/wp\/v2\/product\/754025","targetHints":{"allow":["GET"]}}],"collection":[{"href":"https:\/\/roveyayinevi.com.tr\/index.php\/wp-json\/wp\/v2\/product"}],"about":[{"href":"https:\/\/roveyayinevi.com.tr\/index.php\/wp-json\/wp\/v2\/types\/product"}],"wp:attachment":[{"href":"https:\/\/roveyayinevi.com.tr\/index.php\/wp-json\/wp\/v2\/media?parent=754025"}],"wp:term":[{"taxonomy":"product_brand","embeddable":true,"href":"https:\/\/roveyayinevi.com.tr\/index.php\/wp-json\/wp\/v2\/product_brand?post=754025"},{"taxonomy":"product_cat","embeddable":true,"href":"https:\/\/roveyayinevi.com.tr\/index.php\/wp-json\/wp\/v2\/product_cat?post=754025"},{"taxonomy":"product_tag","embeddable":true,"href":"https:\/\/roveyayinevi.com.tr\/index.php\/wp-json\/wp\/v2\/product_tag?post=754025"}],"curies":[{"name":"wp","href":"https:\/\/api.w.org\/{rel}","templated":true}]}}