{"id":754022,"date":"2025-08-28T05:58:56","date_gmt":"2025-08-28T02:58:56","guid":{"rendered":"https:\/\/roveyayinevi.com.tr\/index.php\/urun\/siradisi-yildizlarin-isigi\/"},"modified":"2026-04-16T03:07:24","modified_gmt":"2026-04-16T00:07:24","slug":"siradisi-yildizlarin-isigi","status":"publish","type":"product","link":"https:\/\/roveyayinevi.com.tr\/index.php\/urun\/siradisi-yildizlarin-isigi\/","title":{"rendered":"S\u0131rad\u0131\u015f\u0131 Y\u0131ld\u0131zlar\u0131n I\u015f\u0131\u011f\u0131"},"content":{"rendered":"<p>Shizuka, iblisle yapt\u0131\u011f\u0131 anla\u015fmaya g\u00f6re ba\u015far\u0131ya ula\u015fmak i\u00e7in yedi keman dehas\u0131n\u0131n ruhunu \u00e7almak zorunda. Alt\u0131 ruhu \u00e7oktan \u00e7ald\u0131. \u015eimdi, ailesindeki \u015fiddetten ka\u00e7an transgender ka\u00e7ak Katrina parkta keman \u00e7alarken Shizuka dinliyor, d\u00fc\u015f\u00fcn\u00fcyor ve Katrina\u2019ya \u00fccretsiz ders vermeyi teklif ediyor. Shizuka \u00e7alaca\u011f\u0131 son ruhu, iblise teslim edece\u011fi son keman dehas\u0131n\u0131 bulmu\u015ftur. Ama ya\u015fam\u0131n bir s\u00fcrprizi var. Shizuka, San Gabriel Vadisi\u2019ndeki kalabal\u0131k bir otoyolun kenar\u0131nda donut yapan bir d\u00fckk\u00e2na girer. Y\u0131ld\u0131zlararas\u0131 bir sava\u015ftan ka\u00e7\u0131p D\u00fcnya\u2019ya yerle\u015fen Lan\u2019\u0131 g\u00f6r\u00fcr. Shizuka\u2019n\u0131n ruhu tehlikededir, her an sonsuza dek cehenneme at\u0131labilir, iblis her saniye pe\u015findedir. Shizuka\u2019n\u0131n a\u015fk\u0131 iblislerin, lanetlerin, y\u0131ld\u0131zlararas\u0131 sava\u015f\u0131n ortas\u0131nda, mutluluk getirebilecek midir? Shizuka, Katrina ve Lan. \u00dc\u00e7 kad\u0131n\u0131n kimliklerle, toplumla, ya\u015famla ve k\u00f6t\u00fcl\u00fckle olan m\u00fccadelesi.   ****   \u201cD\u00f6n\u00fc\u015ft\u00fcr\u00fcc\u00fc bir mucize. Daha \u00f6nce hi\u00e7 b\u00f6yle bir kitap okumam\u0131\u015ft\u0131m. G\u00fcld\u00fcm. A\u011flad\u0131m. Ruhlar\u0131n g\u00fcc\u00fcne inand\u0131m. Hakk\u0131nda y\u0131llarca konu\u015fulacak bir roman ve bunu hak ediyor. \u00c7ok sevdim.\u201d \u2013T. J. Klune \u201cBu kitap kalbimi k\u0131r\u0131p eskisinden daha g\u00fc\u00e7l\u00fc bir \u015fekilde yeniden yap\u0131\u015ft\u0131rd\u0131. Ustaca, \u00e7arp\u0131c\u0131, kesinlikle muhte\u015fem.\u201d \u2013Becky Chambers \u201cKeyifli ve y\u00fcrek par\u00e7alay\u0131c\u0131. M\u00fczi\u011fi sevmenize, can\u0131n\u0131z\u0131n donut \u00e7ekmesine ve her \u015feyi tekrar okumak istemenize neden olacak beklenmedik bir bilimkurgu ve fantezi kar\u0131\u015f\u0131m\u0131.\u201d \u2013John Scalzi   \u201cG\u00fczel bir dostluk ve a\u015fk hik\u00e2yesi&#8230; \u0130nan\u0131lmaz rahatlat\u0131c\u0131, nazik, tatl\u0131 ve keyifli. Bu karakterlere \u00e2\u015f\u0131k oldum; bu hik\u00e2yeye ne kadar ihtiyac\u0131m oldu\u011funu okuyunca fark ettim.\u201d \u2013Charlie Jane Anders   \u201cSihir, m\u00fczik ve ne\u015feyle \u0131\u015f\u0131ldayan bir hik\u00e2ye; bu kitap adeta \u015fark\u0131 s\u00f6yl\u00fcyor.\u201d \u2013Everi Maxwell   \u201cKaleydoskopik ve s\u00fcr\u00fckleyici bir senfoni &#8230; Aoki, \u0131rk, cinsellik ve s\u0131n\u0131f kavramlar\u0131n\u0131 hem ustal\u0131k hem de y\u00fcreklilikle ortaya koymak i\u00e7in en b\u00fcy\u00fcleyici mek\u00e2nlar\u0131 yaratm\u0131\u015f. Yeni bir klasik.\u201d \u2013Sequoia Nagamatsu <\/p>\n","protected":false},"excerpt":{"rendered":"<p>Shizuka, iblisle yapt\u0131\u011f\u0131 anla\u015fmaya g\u00f6re ba\u015far\u0131ya ula\u015fmak i\u00e7in yedi keman dehas\u0131n\u0131n ruhunu \u00e7almak zorunda. Alt\u0131 ruhu \u00e7oktan \u00e7ald\u0131. \u015eimdi, ailesindeki \u015fiddetten ka\u00e7an transgender ka\u00e7ak Katrina parkta<span class=\"excerpt-hellip\"> [\u2026]<\/span><\/p>\n","protected":false},"featured_media":0,"template":"","meta":{"_monsterinsights_skip_tracking":false,"_monsterinsights_sitenote_active":false,"_monsterinsights_sitenote_note":"","_monsterinsights_sitenote_category":0},"product_brand":[],"product_cat":[12540,12291],"product_tag":[],"class_list":{"0":"post-754022","1":"product","2":"type-product","3":"status-publish","5":"product_cat-bilim-kurgu","6":"product_cat-edebiyat","7":"pa_cilt-ciltsiz","8":"pa_tur-kitap","9":"pa_yayinevi-eksik-parca-yayinlari","10":"pa_yazar-ryka-aoki","12":"first","13":"instock","14":"sale","15":"shipping-taxable","16":"purchasable","17":"product-type-simple"},"_links":{"self":[{"href":"https:\/\/roveyayinevi.com.tr\/index.php\/wp-json\/wp\/v2\/product\/754022","targetHints":{"allow":["GET"]}}],"collection":[{"href":"https:\/\/roveyayinevi.com.tr\/index.php\/wp-json\/wp\/v2\/product"}],"about":[{"href":"https:\/\/roveyayinevi.com.tr\/index.php\/wp-json\/wp\/v2\/types\/product"}],"wp:attachment":[{"href":"https:\/\/roveyayinevi.com.tr\/index.php\/wp-json\/wp\/v2\/media?parent=754022"}],"wp:term":[{"taxonomy":"product_brand","embeddable":true,"href":"https:\/\/roveyayinevi.com.tr\/index.php\/wp-json\/wp\/v2\/product_brand?post=754022"},{"taxonomy":"product_cat","embeddable":true,"href":"https:\/\/roveyayinevi.com.tr\/index.php\/wp-json\/wp\/v2\/product_cat?post=754022"},{"taxonomy":"product_tag","embeddable":true,"href":"https:\/\/roveyayinevi.com.tr\/index.php\/wp-json\/wp\/v2\/product_tag?post=754022"}],"curies":[{"name":"wp","href":"https:\/\/api.w.org\/{rel}","templated":true}]}}