{"id":754019,"date":"2025-08-28T05:58:50","date_gmt":"2025-08-28T02:58:50","guid":{"rendered":"https:\/\/roveyayinevi.com.tr\/index.php\/urun\/kartal-pencesi-kursuni\/"},"modified":"2026-04-16T03:07:24","modified_gmt":"2026-04-16T00:07:24","slug":"kartal-pencesi-kursuni","status":"publish","type":"product","link":"https:\/\/roveyayinevi.com.tr\/index.php\/urun\/kartal-pencesi-kursuni\/","title":{"rendered":"Kartal Pen\u00e7esi &#8211; Kur\u015funi"},"content":{"rendered":"<p>\u0130ki \u00e7e\u015fit kader vard\u0131r. Birincisi: Izt\u0131rari kader yani do\u011fumumuz, ki\u015fili\u011fimiz, karakterimiz, anne ve babam\u0131z\u0131 ezelden belirleyendir. Bizim de\u011fi\u015ftiremeyece\u011fimiz \u015feylerdir.&#8221;&#8221;\u0130kincisi: \u0130htiyari kaderdir, irademize ba\u011fl\u0131 olan. Biz neye karar vereceksek ve ne yapacaksak, Allah ezel\u00ee ilmiyle bilmi\u015f, \u00f6yle takdir etmi\u015ftir. Yani ki\u015fi bir aday tipi belirliyor ve ar\u0131yor. Allah da onun istedi\u011fi vas\u0131flara sahip birka\u00e7 ki\u015fiyi \u00f6n\u00fcne \u00e7\u0131kar\u0131yor. Sen de bunlardan birini iradenle be\u011fenip kabul ediyorsun.&#8221;\u201cBen, benden ne istedi\u011fini anlamad\u0131m.\u201dMasan\u0131n \u00fczerinde birbirine kenetli ellere uzand\u0131 Kartal. Parmaklar\u0131yla kendine y\u00f6n veren adama itiraz edemedi. Ellerini \u00e7\u00f6zerek birini avu\u00e7lar\u0131na almas\u0131n\u0131 izledi. Tan\u0131d\u0131k bir dokunu\u015f gibiydi, s\u0131cakl\u0131\u011f\u0131 bile heyecan y\u00fckl\u00fcyd\u00fc.Kad\u0131n\u0131n g\u00f6zlerinin i\u00e7ine bakt\u0131. &#8220;Ben, senin kaderin olmak istiyorum. \u00d6n\u00fcne \u00e7\u0131km\u0131\u015f biri&#8230; Senin, beni se\u00e7meni istiyorum.&#8221;<\/p>\n","protected":false},"excerpt":{"rendered":"<p>\u0130ki \u00e7e\u015fit kader vard\u0131r. Birincisi: Izt\u0131rari kader yani do\u011fumumuz, ki\u015fili\u011fimiz, karakterimiz, anne ve babam\u0131z\u0131 ezelden belirleyendir. Bizim de\u011fi\u015ftiremeyece\u011fimiz \u015feylerdir.&#8221;&#8221;\u0130kincisi: \u0130htiyari kaderdir, irademize ba\u011fl\u0131 olan. Biz neye<span class=\"excerpt-hellip\"> [\u2026]<\/span><\/p>\n","protected":false},"featured_media":0,"template":"","meta":{"_monsterinsights_skip_tracking":false,"_monsterinsights_sitenote_active":false,"_monsterinsights_sitenote_note":"","_monsterinsights_sitenote_category":0},"product_brand":[],"product_cat":[12291,12711],"product_tag":[],"class_list":{"0":"post-754019","1":"product","2":"type-product","3":"status-publish","5":"product_cat-edebiyat","6":"product_cat-roman-oyku","7":"pa_cilt-ciltsiz","8":"pa_tur-kitap","9":"pa_yayinevi-parola-yayinlari","10":"pa_yazar-payelll","12":"first","13":"instock","14":"sale","15":"shipping-taxable","16":"purchasable","17":"product-type-simple"},"_links":{"self":[{"href":"https:\/\/roveyayinevi.com.tr\/index.php\/wp-json\/wp\/v2\/product\/754019","targetHints":{"allow":["GET"]}}],"collection":[{"href":"https:\/\/roveyayinevi.com.tr\/index.php\/wp-json\/wp\/v2\/product"}],"about":[{"href":"https:\/\/roveyayinevi.com.tr\/index.php\/wp-json\/wp\/v2\/types\/product"}],"wp:attachment":[{"href":"https:\/\/roveyayinevi.com.tr\/index.php\/wp-json\/wp\/v2\/media?parent=754019"}],"wp:term":[{"taxonomy":"product_brand","embeddable":true,"href":"https:\/\/roveyayinevi.com.tr\/index.php\/wp-json\/wp\/v2\/product_brand?post=754019"},{"taxonomy":"product_cat","embeddable":true,"href":"https:\/\/roveyayinevi.com.tr\/index.php\/wp-json\/wp\/v2\/product_cat?post=754019"},{"taxonomy":"product_tag","embeddable":true,"href":"https:\/\/roveyayinevi.com.tr\/index.php\/wp-json\/wp\/v2\/product_tag?post=754019"}],"curies":[{"name":"wp","href":"https:\/\/api.w.org\/{rel}","templated":true}]}}