{"id":754016,"date":"2025-08-28T05:58:44","date_gmt":"2025-08-28T02:58:44","guid":{"rendered":"https:\/\/roveyayinevi.com.tr\/index.php\/urun\/buyubozanlar\/"},"modified":"2026-04-08T03:14:29","modified_gmt":"2026-04-08T00:14:29","slug":"buyubozanlar","status":"publish","type":"product","link":"https:\/\/roveyayinevi.com.tr\/index.php\/urun\/buyubozanlar\/","title":{"rendered":"B\u00fcy\u00fcbozanlar"},"content":{"rendered":"<p>Max lanetli \u2013 elektrikli herhangi bir \u015feye dokundu\u011funda bozuluyor ve patl\u0131yor.Ama garip bir sahil k\u00f6y\u00fcne b\u00fcy\u00fckbabas\u0131n\u0131n yan\u0131nda kalmas\u0131 i\u00e7in g\u00f6nderildi\u011finde Max, lanetinin asl\u0131nda bir hediye oldu\u011funu ke\u015ffeder. O, tehlikeli b\u00fcy\u00fc birikimlerini bo\u015faltma ve yaramazl\u0131k yapan b\u00fcy\u00fcl\u00fc \u00f6\u011feleri d\u00fczeltme konusunda ender bir yetene\u011fe sahip bir b\u00fcy\u00fcbozand\u0131r.B\u00fcy\u00fckbaba, ar\u0131zal\u0131 b\u00fcy\u00fcl\u00fc kalenin ac\u0131mas\u0131z muhaf\u0131z\u0131 taraf\u0131ndan ka\u00e7\u0131r\u0131ld\u0131\u011f\u0131nda, onu yaln\u0131zca Max&#8217;in yetene\u011fi kurtarabilir.Max, yeni arkada\u015f\u0131 Kit ile birlikte kendini k\u00f6t\u00fc bayku\u015flar ve psi\u015fik canl\u0131larla dolu bir maceraya at\u0131yor.Ama \u015fimdiye kadar yap\u0131lm\u0131\u015f olan en b\u00fcy\u00fck b\u00fcy\u00fcy\u00fc ger\u00e7ekten kald\u0131rabilir mi?<\/p>\n","protected":false},"excerpt":{"rendered":"<p>Max lanetli \u2013 elektrikli herhangi bir \u015feye dokundu\u011funda bozuluyor ve patl\u0131yor.Ama garip bir sahil k\u00f6y\u00fcne b\u00fcy\u00fckbabas\u0131n\u0131n yan\u0131nda kalmas\u0131 i\u00e7in g\u00f6nderildi\u011finde Max, lanetinin asl\u0131nda bir hediye oldu\u011funu<span class=\"excerpt-hellip\"> [\u2026]<\/span><\/p>\n","protected":false},"featured_media":0,"template":"","meta":{"_monsterinsights_skip_tracking":false,"_monsterinsights_sitenote_active":false,"_monsterinsights_sitenote_note":"","_monsterinsights_sitenote_category":0},"product_brand":[],"product_cat":[12274,12284],"product_tag":[],"class_list":{"0":"post-754016","1":"product","2":"type-product","3":"status-publish","5":"product_cat-cocuk-ve-genclik-kitaplari","6":"product_cat-hikayeler","7":"pa_cilt-ciltsiz","8":"pa_tur-kitap","9":"pa_yayinevi-parola-yayinlari","10":"pa_yazar-cat-gray","12":"first","13":"instock","14":"sale","15":"shipping-taxable","16":"purchasable","17":"product-type-simple"},"_links":{"self":[{"href":"https:\/\/roveyayinevi.com.tr\/index.php\/wp-json\/wp\/v2\/product\/754016","targetHints":{"allow":["GET"]}}],"collection":[{"href":"https:\/\/roveyayinevi.com.tr\/index.php\/wp-json\/wp\/v2\/product"}],"about":[{"href":"https:\/\/roveyayinevi.com.tr\/index.php\/wp-json\/wp\/v2\/types\/product"}],"wp:attachment":[{"href":"https:\/\/roveyayinevi.com.tr\/index.php\/wp-json\/wp\/v2\/media?parent=754016"}],"wp:term":[{"taxonomy":"product_brand","embeddable":true,"href":"https:\/\/roveyayinevi.com.tr\/index.php\/wp-json\/wp\/v2\/product_brand?post=754016"},{"taxonomy":"product_cat","embeddable":true,"href":"https:\/\/roveyayinevi.com.tr\/index.php\/wp-json\/wp\/v2\/product_cat?post=754016"},{"taxonomy":"product_tag","embeddable":true,"href":"https:\/\/roveyayinevi.com.tr\/index.php\/wp-json\/wp\/v2\/product_tag?post=754016"}],"curies":[{"name":"wp","href":"https:\/\/api.w.org\/{rel}","templated":true}]}}