{"id":754010,"date":"2025-08-28T05:58:33","date_gmt":"2025-08-28T02:58:33","guid":{"rendered":"https:\/\/roveyayinevi.com.tr\/index.php\/urun\/kalbimde-kal\/"},"modified":"2026-04-16T03:07:24","modified_gmt":"2026-04-16T00:07:24","slug":"kalbimde-kal","status":"publish","type":"product","link":"https:\/\/roveyayinevi.com.tr\/index.php\/urun\/kalbimde-kal\/","title":{"rendered":"Kalbimde Kal"},"content":{"rendered":"<p>Nazl\u0131 i\u00e7in a\u015fk; dibini g\u00f6remedi\u011fi ve y\u00fczmeyi bilmedi\u011fi derin bir okyanustu. Dalgalar\u0131 sert ve \u00fcrk\u00fct\u00fcc\u00fc. Karanl\u0131k dipsiz bir kuyuda yolunu kaybetmek, \u00e7\u0131k\u0131\u015fa bir t\u00fcrl\u00fc ula\u015famamakt\u0131. Taner i\u00e7in a\u015fk; sadakatsizlik, yalan, itibar elde etmek ve tamam\u0131yla ihanetti. Kad\u0131nlar g\u00fcvensiz, sevilmeyi hak etmeyenlerdi&#8230; Ve a\u015fk alevlerle sarmalanm\u0131\u015f bir girdapt\u0131. \u0130ki kalpte girmek istemedi\u011fi, yasaklar koydu\u011fu girdaba d\u00fc\u015fene kadar a\u015fk\u0131n bu denli yak\u0131c\u0131 oldu\u011funu tahmin bile etmiyordu. A\u015fk\u0131n, tehlikeli ve yasak oldu\u011funu d\u00fc\u015f\u00fcnen ve bundan deli gibi ka\u00e7an \u00e7iftimiz. Taner ile Nazl\u0131&#8217;n\u0131n ate\u015fli, bir o kadar da masum hikayesi&#8230;<\/p>\n","protected":false},"excerpt":{"rendered":"<p>Nazl\u0131 i\u00e7in a\u015fk; dibini g\u00f6remedi\u011fi ve y\u00fczmeyi bilmedi\u011fi derin bir okyanustu. Dalgalar\u0131 sert ve \u00fcrk\u00fct\u00fcc\u00fc. Karanl\u0131k dipsiz bir kuyuda yolunu kaybetmek, \u00e7\u0131k\u0131\u015fa bir t\u00fcrl\u00fc ula\u015famamakt\u0131. Taner<span class=\"excerpt-hellip\"> [\u2026]<\/span><\/p>\n","protected":false},"featured_media":0,"template":"","meta":{"_monsterinsights_skip_tracking":false,"_monsterinsights_sitenote_active":false,"_monsterinsights_sitenote_note":"","_monsterinsights_sitenote_category":0},"product_brand":[],"product_cat":[12291,12711],"product_tag":[],"class_list":{"0":"post-754010","1":"product","2":"type-product","3":"status-publish","5":"product_cat-edebiyat","6":"product_cat-roman-oyku","7":"pa_cilt-ciltsiz","8":"pa_tur-kitap","9":"pa_yayinevi-parola-yayinlari","10":"pa_yazar-ozlem-corapci-aydemir","12":"first","13":"instock","14":"sale","15":"shipping-taxable","16":"purchasable","17":"product-type-simple"},"_links":{"self":[{"href":"https:\/\/roveyayinevi.com.tr\/index.php\/wp-json\/wp\/v2\/product\/754010","targetHints":{"allow":["GET"]}}],"collection":[{"href":"https:\/\/roveyayinevi.com.tr\/index.php\/wp-json\/wp\/v2\/product"}],"about":[{"href":"https:\/\/roveyayinevi.com.tr\/index.php\/wp-json\/wp\/v2\/types\/product"}],"wp:attachment":[{"href":"https:\/\/roveyayinevi.com.tr\/index.php\/wp-json\/wp\/v2\/media?parent=754010"}],"wp:term":[{"taxonomy":"product_brand","embeddable":true,"href":"https:\/\/roveyayinevi.com.tr\/index.php\/wp-json\/wp\/v2\/product_brand?post=754010"},{"taxonomy":"product_cat","embeddable":true,"href":"https:\/\/roveyayinevi.com.tr\/index.php\/wp-json\/wp\/v2\/product_cat?post=754010"},{"taxonomy":"product_tag","embeddable":true,"href":"https:\/\/roveyayinevi.com.tr\/index.php\/wp-json\/wp\/v2\/product_tag?post=754010"}],"curies":[{"name":"wp","href":"https:\/\/api.w.org\/{rel}","templated":true}]}}