{"id":754009,"date":"2025-08-28T05:58:31","date_gmt":"2025-08-28T02:58:31","guid":{"rendered":"https:\/\/roveyayinevi.com.tr\/index.php\/urun\/bayan-tivinin-oykusu\/"},"modified":"2026-04-16T03:07:24","modified_gmt":"2026-04-16T00:07:24","slug":"bayan-tivinin-oykusu","status":"publish","type":"product","link":"https:\/\/roveyayinevi.com.tr\/index.php\/urun\/bayan-tivinin-oykusu\/","title":{"rendered":"Bayan Tivi\u2019nin \u00d6yk\u00fcs\u00fc"},"content":{"rendered":"<p>Beatrix Potter taraf\u0131ndan yaz\u0131lm\u0131\u015f ve resimlenmi\u015f Bayan Tivi\u2019nin \u00d6yk\u00fcs\u00fc, kay\u0131p cep mendillerini arayan Lucie\u2019nin, kom\u015fu hayvanlar\u0131n \u00e7ama\u015f\u0131r i\u015flerini yapan Bayan Tivi ile tan\u0131\u015fmas\u0131n\u0131 ve birlikte ge\u00e7irdiklerini g\u00fczel bir g\u00fcn\u00fc anlat\u0131r.   Bir zamanlar K\u00fc\u00e7\u00fck Kasaba isimli bir \u00e7iftlikte ya\u015fayan Lucie ad\u0131nda minik bir k\u0131z vard\u0131. Lucie, \u00e7ok iyi bir k\u0131zd\u0131 fakat s\u00fcrekli cep mendillerini kaybederdi! <\/p>\n","protected":false},"excerpt":{"rendered":"<p>Beatrix Potter taraf\u0131ndan yaz\u0131lm\u0131\u015f ve resimlenmi\u015f Bayan Tivi\u2019nin \u00d6yk\u00fcs\u00fc, kay\u0131p cep mendillerini arayan Lucie\u2019nin, kom\u015fu hayvanlar\u0131n \u00e7ama\u015f\u0131r i\u015flerini yapan Bayan Tivi ile tan\u0131\u015fmas\u0131n\u0131 ve birlikte ge\u00e7irdiklerini<span class=\"excerpt-hellip\"> [\u2026]<\/span><\/p>\n","protected":false},"featured_media":0,"template":"","meta":{"_monsterinsights_skip_tracking":false,"_monsterinsights_sitenote_active":false,"_monsterinsights_sitenote_note":"","_monsterinsights_sitenote_category":0},"product_brand":[],"product_cat":[12274,12284],"product_tag":[],"class_list":{"0":"post-754009","1":"product","2":"type-product","3":"status-publish","5":"product_cat-cocuk-ve-genclik-kitaplari","6":"product_cat-hikayeler","7":"pa_cilt-ciltsiz","8":"pa_tur-kitap","9":"pa_yayinevi-cocuk-gelisimi-yayinlari","10":"pa_yazar-beatrix-potter","12":"first","13":"instock","14":"sale","15":"shipping-taxable","16":"purchasable","17":"product-type-simple"},"_links":{"self":[{"href":"https:\/\/roveyayinevi.com.tr\/index.php\/wp-json\/wp\/v2\/product\/754009","targetHints":{"allow":["GET"]}}],"collection":[{"href":"https:\/\/roveyayinevi.com.tr\/index.php\/wp-json\/wp\/v2\/product"}],"about":[{"href":"https:\/\/roveyayinevi.com.tr\/index.php\/wp-json\/wp\/v2\/types\/product"}],"wp:attachment":[{"href":"https:\/\/roveyayinevi.com.tr\/index.php\/wp-json\/wp\/v2\/media?parent=754009"}],"wp:term":[{"taxonomy":"product_brand","embeddable":true,"href":"https:\/\/roveyayinevi.com.tr\/index.php\/wp-json\/wp\/v2\/product_brand?post=754009"},{"taxonomy":"product_cat","embeddable":true,"href":"https:\/\/roveyayinevi.com.tr\/index.php\/wp-json\/wp\/v2\/product_cat?post=754009"},{"taxonomy":"product_tag","embeddable":true,"href":"https:\/\/roveyayinevi.com.tr\/index.php\/wp-json\/wp\/v2\/product_tag?post=754009"}],"curies":[{"name":"wp","href":"https:\/\/api.w.org\/{rel}","templated":true}]}}