{"id":754007,"date":"2025-08-28T05:58:27","date_gmt":"2025-08-28T02:58:27","guid":{"rendered":"https:\/\/roveyayinevi.com.tr\/index.php\/urun\/butun-oyunlari-4-3\/"},"modified":"2026-04-16T03:07:24","modified_gmt":"2026-04-16T00:07:24","slug":"butun-oyunlari-4-3","status":"publish","type":"product","link":"https:\/\/roveyayinevi.com.tr\/index.php\/urun\/butun-oyunlari-4-3\/","title":{"rendered":"B\u00fct\u00fcn Oyunlar\u0131 4"},"content":{"rendered":"<p>\u201cNecati Cumal\u0131 aram\u0131zdan ayr\u0131ld\u0131\u011f\u0131nda, arkas\u0131nda kimi hi\u00e7 oynanmam\u0131\u015f, kimi hi\u00e7 yay\u0131nlanmam\u0131\u015f yirmi dokuz oyun da b\u0131rakt\u0131. Bunlar\u0131n g\u00fcn \u0131\u015f\u0131\u011f\u0131na \u00e7\u0131karmak, \u00f6nce Necati Cumal\u0131\u2019ya, sonra da T\u00fcrk Tiyatro Edebiyat\u0131\u2019na kar\u015f\u0131 borcumdu. Bu yap\u0131tlar\u0131n nas\u0131l y\u0131prat\u0131c\u0131 bir \u00e7al\u0131\u015fma sonucu yarat\u0131ld\u0131\u011f\u0131n\u0131n yak\u0131n tan\u0131\u011f\u0131 olarak, baz\u0131 belgeleri de Necati Cumal\u0131\u2019n\u0131n sanat\u0131na ba\u011fl\u0131l\u0131\u011f\u0131na, k\u0131r\u0131lmaz direncine duydu\u011fum sayg\u0131 nedeniyle ve \u00f6zellikle kendisinin hayattayken ger\u00e7ekle\u015ftiremedi\u011fi bir iste\u011fini yerine getirmek amac\u0131yla okurlar\u0131 ile payla\u015f\u0131yorum\u201d Berin Cumal\u0131   Cumhuriyet d\u00f6nemi T\u00fcrk yaz\u0131n\u0131n\u0131n tan\u0131nm\u0131\u015f isimlerinden Necati Cumal\u0131\u2019n\u0131n tiyatromuz i\u00e7in \u00f6l\u00fcms\u00fcz yap\u0131tlar\u0131n\u0131 bar\u0131nd\u0131ran \u00e7al\u0131\u015fman\u0131n bu son cildinde alt\u0131 oyununu yay\u0131ml\u0131yoruz. Cumal\u0131, \u201cnehir ak\u0131\u015f\u0131\u201d olarak nitelendirdi\u011fi Nam\u0131k Kemal\u2019in ya\u015fam\u00f6yk\u00fcs\u00fcn\u00fc, \u201cVatan Diye Diye\u201d oyunuyla \u00f6l\u00fcms\u00fczle\u015ftiriyor. Nam\u0131k Kemal ile ilgili \u00e7al\u0131\u015fmalar\u0131na 1967 y\u0131l\u0131nda ba\u015flayan Cumal\u0131\u2019n\u0131n \u201c\u2026b\u00fcy\u00fck bir de\u011ferimizi gen\u00e7 ku\u015faklar\u0131n daha lise s\u0131ralar\u0131nda tan\u0131malar\u0131na yard\u0131mc\u0131 olmak\u201d amac\u0131yla yazd\u0131\u011f\u0131 bu oyunun yan\u0131 s\u0131ra \u201cGel Evlenelim, Y\u00fcr\u00fc Bo\u015fanal\u0131m\u201d, \u201cDevetaban\u0131\u201d, \u201cKuyu\u201d ve \u201cYaln\u0131z \u00d6l\u00fc\u201d oyunlar\u0131n\u0131 da okuyucular\u0131m\u0131z\u0131n keyifle okuyaca\u011f\u0131na inan\u0131yoruz. <\/p>\n","protected":false},"excerpt":{"rendered":"<p>\u201cNecati Cumal\u0131 aram\u0131zdan ayr\u0131ld\u0131\u011f\u0131nda, arkas\u0131nda kimi hi\u00e7 oynanmam\u0131\u015f, kimi hi\u00e7 yay\u0131nlanmam\u0131\u015f yirmi dokuz oyun da b\u0131rakt\u0131. Bunlar\u0131n g\u00fcn \u0131\u015f\u0131\u011f\u0131na \u00e7\u0131karmak, \u00f6nce Necati Cumal\u0131\u2019ya, sonra da T\u00fcrk<span class=\"excerpt-hellip\"> [\u2026]<\/span><\/p>\n","protected":false},"featured_media":0,"template":"","meta":{"_monsterinsights_skip_tracking":false,"_monsterinsights_sitenote_active":false,"_monsterinsights_sitenote_note":"","_monsterinsights_sitenote_category":0},"product_brand":[],"product_cat":[12291,14272],"product_tag":[],"class_list":{"0":"post-754007","1":"product","2":"type-product","3":"status-publish","5":"product_cat-edebiyat","6":"product_cat-tiyatro","7":"pa_cilt-ciltsiz","8":"pa_tur-kitap","9":"pa_yayinevi-cumhuriyet-kitaplari","10":"pa_yazar-necati-cumali","12":"first","13":"instock","14":"sale","15":"shipping-taxable","16":"purchasable","17":"product-type-simple"},"_links":{"self":[{"href":"https:\/\/roveyayinevi.com.tr\/index.php\/wp-json\/wp\/v2\/product\/754007","targetHints":{"allow":["GET"]}}],"collection":[{"href":"https:\/\/roveyayinevi.com.tr\/index.php\/wp-json\/wp\/v2\/product"}],"about":[{"href":"https:\/\/roveyayinevi.com.tr\/index.php\/wp-json\/wp\/v2\/types\/product"}],"wp:attachment":[{"href":"https:\/\/roveyayinevi.com.tr\/index.php\/wp-json\/wp\/v2\/media?parent=754007"}],"wp:term":[{"taxonomy":"product_brand","embeddable":true,"href":"https:\/\/roveyayinevi.com.tr\/index.php\/wp-json\/wp\/v2\/product_brand?post=754007"},{"taxonomy":"product_cat","embeddable":true,"href":"https:\/\/roveyayinevi.com.tr\/index.php\/wp-json\/wp\/v2\/product_cat?post=754007"},{"taxonomy":"product_tag","embeddable":true,"href":"https:\/\/roveyayinevi.com.tr\/index.php\/wp-json\/wp\/v2\/product_tag?post=754007"}],"curies":[{"name":"wp","href":"https:\/\/api.w.org\/{rel}","templated":true}]}}