{"id":754006,"date":"2025-08-28T05:58:25","date_gmt":"2025-08-28T02:58:25","guid":{"rendered":"https:\/\/roveyayinevi.com.tr\/index.php\/urun\/dildo\/"},"modified":"2026-04-16T03:07:24","modified_gmt":"2026-04-16T00:07:24","slug":"dildo","status":"publish","type":"product","link":"https:\/\/roveyayinevi.com.tr\/index.php\/urun\/dildo\/","title":{"rendered":"Dildo"},"content":{"rendered":"<p>\u201c\u2018Hakiki\u2019nin yerini tutmas\u0131 i\u00e7in \u00fcretilen bir \u2018ger\u00e7eklik\u2019tir dildo, ama burada kalmaz; yerini tuttu\u011fu \u2018hakiki\u2019nin \u00f6tesine ge\u00e7er, onda olmayan \u00f6zellikler, fonksiyonlar kazan\u0131r ve b\u00f6ylece kendi \u2018hakiki\u2019li\u011fine eri\u015fir; art\u0131k yaln\u0131zca ba\u015fka bir \u015feyle kar\u015f\u0131la\u015ft\u0131r\u0131larak tart\u0131\u015f\u0131lmaz, kendi hakikili\u011fi \u00e7er\u00e7evesinde de\u011ferlendirilir. Yaz\u0131n, sanat ve di\u011fer k\u00fclt\u00fcrel yap\u0131tlar i\u00e7in dildo bu anlamda bir simgedir; bu yap\u0131tlar bir \u015feye benzemeye \u00e7al\u0131\u015fan, bir \u015fey hakk\u0131nda olmaya \u00e7al\u0131\u015fan birer \u00fcr\u00fcn olmaktan \u00e7\u0131kar ve kendileri \u2018bir \u015fey\u2019 olur; o \u015feyler art\u0131k d\u00fcnyan\u0131n hakikatine eklemlenmi\u015f birer hakikattir.\u201d\u2013 Cem Aka\u015f   Aka\u015f\u2019\u0131n bu kitapta bir araya gelen denemeleri, kimi s\u00f6zc\u00fcklere yeni anlamlar bi\u00e7me cesareti vermekle kalmay\u0131p altba\u015fl\u0131kta kendini g\u00f6steren meselelere de ba\u015fka bir g\u00f6zle bakmay\u0131 gerektiriyor.M\u00fcmk\u00fcnse, yepyeni g\u00f6zlerle&#8230; Hal b\u00f6yleyken, i\u00e7erideki sat\u0131rlarda sakl\u0131 k\u00fc\u00e7\u00fck bir mesaj\u0131 buraya ta\u015f\u0131mak belki de en iyisi: Yap\u0131ttan \u00e7\u0131karken dikkat edilmesi gereken hususlar:Kap\u0131y\u0131 \u00e7arpmadan \u00e7\u0131kmak en iyisidir \u2013 d\u00f6nmeniz gerekebilir.<\/p>\n","protected":false},"excerpt":{"rendered":"<p>\u201c\u2018Hakiki\u2019nin yerini tutmas\u0131 i\u00e7in \u00fcretilen bir \u2018ger\u00e7eklik\u2019tir dildo, ama burada kalmaz; yerini tuttu\u011fu \u2018hakiki\u2019nin \u00f6tesine ge\u00e7er, onda olmayan \u00f6zellikler, fonksiyonlar kazan\u0131r ve b\u00f6ylece kendi \u2018hakiki\u2019li\u011fine eri\u015fir;<span class=\"excerpt-hellip\"> [\u2026]<\/span><\/p>\n","protected":false},"featured_media":0,"template":"","meta":{"_monsterinsights_skip_tracking":false,"_monsterinsights_sitenote_active":false,"_monsterinsights_sitenote_note":"","_monsterinsights_sitenote_category":0},"product_brand":[],"product_cat":[12291],"product_tag":[],"class_list":{"0":"post-754006","1":"product","2":"type-product","3":"status-publish","5":"product_cat-edebiyat","6":"pa_cilt-ciltsiz","7":"pa_tur-kitap","8":"pa_yayinevi-kafka-yayinevi","9":"pa_yazar-cem-akas","11":"first","12":"instock","13":"sale","14":"shipping-taxable","15":"purchasable","16":"product-type-simple"},"_links":{"self":[{"href":"https:\/\/roveyayinevi.com.tr\/index.php\/wp-json\/wp\/v2\/product\/754006","targetHints":{"allow":["GET"]}}],"collection":[{"href":"https:\/\/roveyayinevi.com.tr\/index.php\/wp-json\/wp\/v2\/product"}],"about":[{"href":"https:\/\/roveyayinevi.com.tr\/index.php\/wp-json\/wp\/v2\/types\/product"}],"wp:attachment":[{"href":"https:\/\/roveyayinevi.com.tr\/index.php\/wp-json\/wp\/v2\/media?parent=754006"}],"wp:term":[{"taxonomy":"product_brand","embeddable":true,"href":"https:\/\/roveyayinevi.com.tr\/index.php\/wp-json\/wp\/v2\/product_brand?post=754006"},{"taxonomy":"product_cat","embeddable":true,"href":"https:\/\/roveyayinevi.com.tr\/index.php\/wp-json\/wp\/v2\/product_cat?post=754006"},{"taxonomy":"product_tag","embeddable":true,"href":"https:\/\/roveyayinevi.com.tr\/index.php\/wp-json\/wp\/v2\/product_tag?post=754006"}],"curies":[{"name":"wp","href":"https:\/\/api.w.org\/{rel}","templated":true}]}}