{"id":754005,"date":"2025-08-28T05:58:24","date_gmt":"2025-08-28T02:58:24","guid":{"rendered":"https:\/\/roveyayinevi.com.tr\/index.php\/urun\/melodram\/"},"modified":"2026-04-16T03:07:24","modified_gmt":"2026-04-16T00:07:24","slug":"melodram","status":"publish","type":"product","link":"https:\/\/roveyayinevi.com.tr\/index.php\/urun\/melodram\/","title":{"rendered":"Melodram"},"content":{"rendered":"<p>Bat\u0131\u2019n\u0131n zihinsel, k\u00fclt\u00fcrel ve toplumsal geli\u015fimiyle yak\u0131ndan ilgili olan \u201cmelodram\u201d, Hollywood sinemas\u0131 ve di\u011fer \u00fclke sinemalar\u0131n\u0131 etkilemi\u015f g\u00fc\u00e7l\u00fc bir tarzd\u0131r. Ac\u0131 ve g\u00f6zya\u015f\u0131na dayal\u0131 bu duygu ortakl\u0131\u011f\u0131ndan T\u00fcrk sinemas\u0131 pay\u0131n\u0131 fazlas\u0131yla alm\u0131\u015ft\u0131r. Melodram \u00fczerine d\u00fc\u015f\u00fcn\u00fcld\u00fc\u011f\u00fcnde \u00f6ncelikle ac\u0131n\u0131n b\u00fcy\u00fck bir de\u011fer ve kabul g\u00f6rmesi, en basit toplumsal ili\u015fkilerde dahi \u201cac\u0131n\u0131n y\u00fcceltilmesi\u201d olgusuyla s\u0131kl\u0131kla kar\u015f\u0131la\u015f\u0131r\u0131z. \u00d6yle ki ac\u0131 olmadan talihin y\u00fcz\u00fcm\u00fcze g\u00fclmeyece\u011fi, a\u015fka ve hakikate hi\u00e7bir zaman eri\u015filemeyece\u011fi d\u00fc\u015f\u00fcncesine s\u0131kl\u0131kla kap\u0131l\u0131r\u0131z. \u201cMelodramlar m\u0131 hayat\u0131m\u0131z\u0131 melodramla\u015ft\u0131rmakta?\u201d yoksa \u201cmelodrama yatk\u0131n bir ya\u015fama ve d\u00fc\u015f\u00fcnme bi\u00e7imimiz oldu\u011fu i\u00e7in mi\u201d bu duygu kal\u0131plar\u0131 filmlere bu \u015fekilde aktar\u0131lmaktad\u0131r.   \u00d6zellikle 60\u2019l\u0131 y\u0131llarda doruk noktas\u0131na ula\u015fan yap\u0131m say\u0131s\u0131yla Ye\u015fil\u00e7am\u2019\u0131n \u201chep ayn\u0131 filmi seyrettirdi\u011fi\u201d duygusunun alt\u0131nda yatan k\u00fclt\u00fcrel ve zihinsel gerek\u00e7eler nelerdir? Genelde \u201ctutucu, durgun ve hareketsiz bir yap\u0131\u201d oldu\u011fu ileri s\u00fcr\u00fclen T\u00fcrkiye\u2019nin k\u00fclt\u00fcrel yap\u0131lanmas\u0131na, b\u00fcy\u00fck oranda sinema yoluyla enjekte edilen modern aktar\u0131mlar, bu tekrar duygusunu s\u00fcrekli hissettiren at\u0131l bir yap\u0131 i\u00e7inde i\u015flenmi\u015ftir.   Bat\u0131\u2019da toplumsal de\u011fi\u015fimlere ba\u011fl\u0131 olarak ilerleyen melodram\u0131n, Ye\u015fil\u00e7am sinemas\u0131ndaki g\u00f6r\u00fcn\u00fcm\u00fc nas\u0131ld\u0131r? Tercih edilen kal\u0131plar\u0131n tekrar\u0131na dayal\u0131 olarak s\u00fcrd\u00fcr\u00fclen bir sanat anlay\u0131\u015f\u0131nda, salt sinema filminin de\u011fil; yap\u0131mc\u0131n\u0131n, da\u011f\u0131t\u0131mc\u0131n\u0131n, y\u00f6netmenin, senaristin ve izleyici kitlesinin pay\u0131 nedir?   Bu \u00e7al\u0131\u015fma \u00f6ncelikle bir zihniyet tarihi okumas\u0131d\u0131r. Ye\u015fil\u00e7am sinemas\u0131na nostaljik bir d\u00f6nem g\u00f6z\u00fcyle bakmak yerine, hat\u0131r\u0131 say\u0131l\u0131r derecede film \u00e7ekilmi\u015f bir zaman diliminin (1960\u2019lar) belli ba\u015fl\u0131 \u00f6rneklerini inceleyerek, melodram kavram\u0131 \u00e7er\u00e7evesinde ge\u00e7mi\u015fe ve gelece\u011fe k\u00fclt\u00fcrel antropoloji, tarih, kimlik, zihniyet ve yarat\u0131c\u0131l\u0131k unsurlar\u0131yla bir yorumlama denemesidir. <\/p>\n","protected":false},"excerpt":{"rendered":"<p>Bat\u0131\u2019n\u0131n zihinsel, k\u00fclt\u00fcrel ve toplumsal geli\u015fimiyle yak\u0131ndan ilgili olan \u201cmelodram\u201d, Hollywood sinemas\u0131 ve di\u011fer \u00fclke sinemalar\u0131n\u0131 etkilemi\u015f g\u00fc\u00e7l\u00fc bir tarzd\u0131r. Ac\u0131 ve g\u00f6zya\u015f\u0131na dayal\u0131 bu duygu<span class=\"excerpt-hellip\"> [\u2026]<\/span><\/p>\n","protected":false},"featured_media":0,"template":"","meta":{"_monsterinsights_skip_tracking":false,"_monsterinsights_sitenote_active":false,"_monsterinsights_sitenote_note":"","_monsterinsights_sitenote_category":0},"product_brand":[],"product_cat":[12409,12408],"product_tag":[],"class_list":{"0":"post-754005","1":"product","2":"type-product","3":"status-publish","5":"product_cat-fotograf-sinema-tiyatro","6":"product_cat-sanat","7":"pa_cilt-ciltsiz","8":"pa_tur-kitap","9":"pa_yayinevi-dogu-bati-yayinlari","10":"pa_yazar-dilek-tunali","12":"first","13":"instock","14":"sale","15":"shipping-taxable","16":"purchasable","17":"product-type-simple"},"_links":{"self":[{"href":"https:\/\/roveyayinevi.com.tr\/index.php\/wp-json\/wp\/v2\/product\/754005","targetHints":{"allow":["GET"]}}],"collection":[{"href":"https:\/\/roveyayinevi.com.tr\/index.php\/wp-json\/wp\/v2\/product"}],"about":[{"href":"https:\/\/roveyayinevi.com.tr\/index.php\/wp-json\/wp\/v2\/types\/product"}],"wp:attachment":[{"href":"https:\/\/roveyayinevi.com.tr\/index.php\/wp-json\/wp\/v2\/media?parent=754005"}],"wp:term":[{"taxonomy":"product_brand","embeddable":true,"href":"https:\/\/roveyayinevi.com.tr\/index.php\/wp-json\/wp\/v2\/product_brand?post=754005"},{"taxonomy":"product_cat","embeddable":true,"href":"https:\/\/roveyayinevi.com.tr\/index.php\/wp-json\/wp\/v2\/product_cat?post=754005"},{"taxonomy":"product_tag","embeddable":true,"href":"https:\/\/roveyayinevi.com.tr\/index.php\/wp-json\/wp\/v2\/product_tag?post=754005"}],"curies":[{"name":"wp","href":"https:\/\/api.w.org\/{rel}","templated":true}]}}