{"id":754003,"date":"2025-08-28T05:58:21","date_gmt":"2025-08-28T02:58:21","guid":{"rendered":"https:\/\/roveyayinevi.com.tr\/index.php\/urun\/el-ne-der-allah-ne-der\/"},"modified":"2026-04-16T03:07:24","modified_gmt":"2026-04-16T00:07:24","slug":"el-ne-der-allah-ne-der","status":"publish","type":"product","link":"https:\/\/roveyayinevi.com.tr\/index.php\/urun\/el-ne-der-allah-ne-der\/","title":{"rendered":"El Ne Der? Allah Ne Der?"},"content":{"rendered":"<p>Kom\u015fusu a\u00e7 iken tok yatanlar, Domuz eti haram deyip domuz gibi kul hakk\u0131 yiyenler, Sadaka verirken eli aya\u011f\u0131 titreyenler, Maa\u015f\u0131n\u0131 d\u00fc\u015f\u00fck g\u00f6sterip asgari \u00fccretten prim \u00f6deyenler, Sen olmazsan ba\u015fkas\u0131 olur deyip \u00fc\u00e7 kuru\u015fa insan \u00e7al\u0131\u015ft\u0131ranlar, Vergi ka\u00e7\u0131r\u0131p vakit namaz\u0131n\u0131 ka\u00e7\u0131rmayanlar, Huzurumuzu ka\u00e7\u0131r\u0131p Cuma namaz\u0131n\u0131 ka\u00e7\u0131rmayanlar S\u0130Z\u0130N DE HESABINIZ SORULACAK <\/p>\n","protected":false},"excerpt":{"rendered":"<p>Kom\u015fusu a\u00e7 iken tok yatanlar, Domuz eti haram deyip domuz gibi kul hakk\u0131 yiyenler, Sadaka verirken eli aya\u011f\u0131 titreyenler, Maa\u015f\u0131n\u0131 d\u00fc\u015f\u00fck g\u00f6sterip asgari \u00fccretten prim \u00f6deyenler,<span class=\"excerpt-hellip\"> [\u2026]<\/span><\/p>\n","protected":false},"featured_media":0,"template":"","meta":{"_monsterinsights_skip_tracking":false,"_monsterinsights_sitenote_active":false,"_monsterinsights_sitenote_note":"","_monsterinsights_sitenote_category":0},"product_brand":[],"product_cat":[16382,12718],"product_tag":[],"class_list":{"0":"post-754003","1":"product","2":"type-product","3":"status-publish","5":"product_cat-diger-inanclar","6":"product_cat-din","7":"pa_cilt-ciltsiz","8":"pa_tur-kitap","9":"pa_yayinevi-soncag-akademik-kitaplar","10":"pa_yazar-fatih-tasgin","12":"first","13":"instock","14":"sale","15":"shipping-taxable","16":"purchasable","17":"product-type-simple"},"_links":{"self":[{"href":"https:\/\/roveyayinevi.com.tr\/index.php\/wp-json\/wp\/v2\/product\/754003","targetHints":{"allow":["GET"]}}],"collection":[{"href":"https:\/\/roveyayinevi.com.tr\/index.php\/wp-json\/wp\/v2\/product"}],"about":[{"href":"https:\/\/roveyayinevi.com.tr\/index.php\/wp-json\/wp\/v2\/types\/product"}],"wp:attachment":[{"href":"https:\/\/roveyayinevi.com.tr\/index.php\/wp-json\/wp\/v2\/media?parent=754003"}],"wp:term":[{"taxonomy":"product_brand","embeddable":true,"href":"https:\/\/roveyayinevi.com.tr\/index.php\/wp-json\/wp\/v2\/product_brand?post=754003"},{"taxonomy":"product_cat","embeddable":true,"href":"https:\/\/roveyayinevi.com.tr\/index.php\/wp-json\/wp\/v2\/product_cat?post=754003"},{"taxonomy":"product_tag","embeddable":true,"href":"https:\/\/roveyayinevi.com.tr\/index.php\/wp-json\/wp\/v2\/product_tag?post=754003"}],"curies":[{"name":"wp","href":"https:\/\/api.w.org\/{rel}","templated":true}]}}