{"id":753998,"date":"2025-08-28T05:58:13","date_gmt":"2025-08-28T02:58:13","guid":{"rendered":"https:\/\/roveyayinevi.com.tr\/index.php\/urun\/ben-sana-sustum-2\/"},"modified":"2026-04-12T03:10:51","modified_gmt":"2026-04-12T00:10:51","slug":"ben-sana-sustum-2","status":"publish","type":"product","link":"https:\/\/roveyayinevi.com.tr\/index.php\/urun\/ben-sana-sustum-2\/","title":{"rendered":"Ben Sana Sustum 2"},"content":{"rendered":"<p>Hissediyor her zerrem her zerreni Dokunmadan Senli yaln\u0131zl\u0131\u011f\u0131ma teslim oluyorum Yaz s\u0131ca\u011f\u0131 neminde bedenimYorgun bitap d\u00fc\u015f\u00fcyor Dudaklar\u0131ndan d\u00f6k\u00fclen s\u00f6zc\u00fcklerinEsintisine mahkum soluksuz Bedenimin kuzeyi yosun ba\u011flam\u0131\u015f Neminde d\u00fc\u015flerimin Tut ki de\u011fmedi ellerim ellerine Say ki ya\u015fanmad\u0131 Bir gecenin karanl\u0131\u011f\u0131ndan G\u00fcn y\u00fcz\u00fcne kadard\u0131 her \u015fey<\/p>\n","protected":false},"excerpt":{"rendered":"<p>Hissediyor her zerrem her zerreni Dokunmadan Senli yaln\u0131zl\u0131\u011f\u0131ma teslim oluyorum Yaz s\u0131ca\u011f\u0131 neminde bedenimYorgun bitap d\u00fc\u015f\u00fcyor Dudaklar\u0131ndan d\u00f6k\u00fclen s\u00f6zc\u00fcklerinEsintisine mahkum soluksuz Bedenimin kuzeyi yosun ba\u011flam\u0131\u015f Neminde<span class=\"excerpt-hellip\"> [\u2026]<\/span><\/p>\n","protected":false},"featured_media":0,"template":"","meta":{"_monsterinsights_skip_tracking":false,"_monsterinsights_sitenote_active":false,"_monsterinsights_sitenote_note":"","_monsterinsights_sitenote_category":0},"product_brand":[],"product_cat":[12291,12509],"product_tag":[],"class_list":{"0":"post-753998","1":"product","2":"type-product","3":"status-publish","5":"product_cat-edebiyat","6":"product_cat-siir","7":"pa_cilt-ciltsiz","8":"pa_tur-kitap","9":"pa_yayinevi-kitap-muptelasi-yayinlari","10":"pa_yazar-huseyin-erdinc","12":"first","13":"instock","14":"sale","15":"shipping-taxable","16":"purchasable","17":"product-type-simple"},"_links":{"self":[{"href":"https:\/\/roveyayinevi.com.tr\/index.php\/wp-json\/wp\/v2\/product\/753998","targetHints":{"allow":["GET"]}}],"collection":[{"href":"https:\/\/roveyayinevi.com.tr\/index.php\/wp-json\/wp\/v2\/product"}],"about":[{"href":"https:\/\/roveyayinevi.com.tr\/index.php\/wp-json\/wp\/v2\/types\/product"}],"wp:attachment":[{"href":"https:\/\/roveyayinevi.com.tr\/index.php\/wp-json\/wp\/v2\/media?parent=753998"}],"wp:term":[{"taxonomy":"product_brand","embeddable":true,"href":"https:\/\/roveyayinevi.com.tr\/index.php\/wp-json\/wp\/v2\/product_brand?post=753998"},{"taxonomy":"product_cat","embeddable":true,"href":"https:\/\/roveyayinevi.com.tr\/index.php\/wp-json\/wp\/v2\/product_cat?post=753998"},{"taxonomy":"product_tag","embeddable":true,"href":"https:\/\/roveyayinevi.com.tr\/index.php\/wp-json\/wp\/v2\/product_tag?post=753998"}],"curies":[{"name":"wp","href":"https:\/\/api.w.org\/{rel}","templated":true}]}}