{"id":753995,"date":"2025-08-28T05:58:09","date_gmt":"2025-08-28T02:58:09","guid":{"rendered":"https:\/\/roveyayinevi.com.tr\/index.php\/urun\/yasayan-olulere-reddiye\/"},"modified":"2026-04-16T03:07:24","modified_gmt":"2026-04-16T00:07:24","slug":"yasayan-olulere-reddiye","status":"publish","type":"product","link":"https:\/\/roveyayinevi.com.tr\/index.php\/urun\/yasayan-olulere-reddiye\/","title":{"rendered":"Ya\u015fayan \u00d6l\u00fclere Reddiye"},"content":{"rendered":"<p>Ehli s\u00fcnnet d\u0131\u015f\u0131 ak\u0131mlara kar\u015f\u0131 tam bir muhafaza tarz\u0131n da bir kitap olmu\u015ftur. Bir \u00e7ok kaynak tan faydalan\u0131lm\u0131\u015ft\u0131r. Caba bizden tevfik Allah Celle Celaluhu&#8217;dan.<\/p>\n","protected":false},"excerpt":{"rendered":"<p>Ehli s\u00fcnnet d\u0131\u015f\u0131 ak\u0131mlara kar\u015f\u0131 tam bir muhafaza tarz\u0131n da bir kitap olmu\u015ftur. Bir \u00e7ok kaynak tan faydalan\u0131lm\u0131\u015ft\u0131r. Caba bizden tevfik Allah Celle Celaluhu&#8217;dan.<\/p>\n","protected":false},"featured_media":0,"template":"","meta":{"_monsterinsights_skip_tracking":false,"_monsterinsights_sitenote_active":false,"_monsterinsights_sitenote_note":"","_monsterinsights_sitenote_category":0},"product_brand":[],"product_cat":[12718,12719],"product_tag":[],"class_list":{"0":"post-753995","1":"product","2":"type-product","3":"status-publish","5":"product_cat-din","6":"product_cat-islam","7":"pa_cilt-ciltsiz","8":"pa_tur-kitap","9":"pa_yayinevi-kitap-muptelasi-yayinlari","10":"pa_yazar-ahmet-saglam","12":"first","13":"instock","14":"sale","15":"shipping-taxable","16":"purchasable","17":"product-type-simple"},"_links":{"self":[{"href":"https:\/\/roveyayinevi.com.tr\/index.php\/wp-json\/wp\/v2\/product\/753995","targetHints":{"allow":["GET"]}}],"collection":[{"href":"https:\/\/roveyayinevi.com.tr\/index.php\/wp-json\/wp\/v2\/product"}],"about":[{"href":"https:\/\/roveyayinevi.com.tr\/index.php\/wp-json\/wp\/v2\/types\/product"}],"wp:attachment":[{"href":"https:\/\/roveyayinevi.com.tr\/index.php\/wp-json\/wp\/v2\/media?parent=753995"}],"wp:term":[{"taxonomy":"product_brand","embeddable":true,"href":"https:\/\/roveyayinevi.com.tr\/index.php\/wp-json\/wp\/v2\/product_brand?post=753995"},{"taxonomy":"product_cat","embeddable":true,"href":"https:\/\/roveyayinevi.com.tr\/index.php\/wp-json\/wp\/v2\/product_cat?post=753995"},{"taxonomy":"product_tag","embeddable":true,"href":"https:\/\/roveyayinevi.com.tr\/index.php\/wp-json\/wp\/v2\/product_tag?post=753995"}],"curies":[{"name":"wp","href":"https:\/\/api.w.org\/{rel}","templated":true}]}}