{"id":753993,"date":"2025-08-28T05:58:05","date_gmt":"2025-08-28T02:58:05","guid":{"rendered":"https:\/\/roveyayinevi.com.tr\/index.php\/urun\/kendi-hayatinin-siirini-yazanlar-casanova-stendhal-tolstoy-ciltli\/"},"modified":"2026-04-16T03:07:24","modified_gmt":"2026-04-16T00:07:24","slug":"kendi-hayatinin-siirini-yazanlar-casanova-stendhal-tolstoy-ciltli","status":"publish","type":"product","link":"https:\/\/roveyayinevi.com.tr\/index.php\/urun\/kendi-hayatinin-siirini-yazanlar-casanova-stendhal-tolstoy-ciltli\/","title":{"rendered":"Kendi Hayat\u0131n\u0131n \u015eiirini Yazanlar: Casanova &#8211; Stendhal &#8211; Tolstoy (Ciltli)"},"content":{"rendered":"<p>Stefan Zweig, Kendi Hayat\u0131n\u0131n \u015eiirini Yazanlar\u2019da pek \u00e7ok a\u00e7\u0131dan birbirinden farkl\u0131 \u00fc\u00e7 yazar\u0131n, Casanova, Stendhal ve Tolstoy\u2019un hik\u00e2yesini anlat\u0131yor. Bu \u00fc\u00e7 farkl\u0131 \u015fahsiyetin ya\u015famlar\u0131n\u0131 biyografik, duygusal, felsefi ve insani y\u00f6nden g\u00f6zlemliyor. \u0130lk bak\u0131\u015fta Casanova gibi rahat, ahlak kurallar\u0131na uymayan bir \u00e7apk\u0131nla, yapt\u0131\u011f\u0131 ve yapmad\u0131\u011f\u0131 her davran\u0131\u015f\u0131n k\u00f6kenini kendi Ben\u2019inde arayan bir yazar olan Stendhal ve ahlak savunucusu, ger\u00e7ek bir sanat\u00e7\u0131 olan Tolstoy\u2019un ya\u015fam \u00f6yk\u00fclerini ayn\u0131 kitapta bulmak \u015fa\u015f\u0131rt\u0131c\u0131 gibi g\u00f6r\u00fcnse de Zweig bu \u00fc\u00e7 ismi \u201cKendi Ben\u2019lerinin d\u00fcnyas\u0131n\u0131 evrene a\u00e7may\u0131, sanatlar\u0131n\u0131n en \u00f6nemli g\u00f6revi g\u00f6rmek\u201d ortak paydas\u0131nda bulu\u015fturuyor.Kendi Hayat\u0131n\u0131n \u015eiirini Yazanlar Zweig\u2019\u0131n b\u00fct\u00fcn eserlerine h\u00e2kim olan derin bir edebiyat ve felsefe tad\u0131yla yo\u011frulmu\u015ftur.<\/p>\n","protected":false},"excerpt":{"rendered":"<p>Stefan Zweig, Kendi Hayat\u0131n\u0131n \u015eiirini Yazanlar\u2019da pek \u00e7ok a\u00e7\u0131dan birbirinden farkl\u0131 \u00fc\u00e7 yazar\u0131n, Casanova, Stendhal ve Tolstoy\u2019un hik\u00e2yesini anlat\u0131yor. Bu \u00fc\u00e7 farkl\u0131 \u015fahsiyetin ya\u015famlar\u0131n\u0131 biyografik, duygusal,<span class=\"excerpt-hellip\"> [\u2026]<\/span><\/p>\n","protected":false},"featured_media":0,"template":"","meta":{"_monsterinsights_skip_tracking":false,"_monsterinsights_sitenote_active":false,"_monsterinsights_sitenote_note":"","_monsterinsights_sitenote_category":0},"product_brand":[],"product_cat":[14009,12291],"product_tag":[],"class_list":{"0":"post-753993","1":"product","2":"type-product","3":"status-publish","5":"product_cat-biyografi-otobiyografi-edebiyat","6":"product_cat-edebiyat","7":"pa_cilt-ciltli","8":"pa_tur-kitap","9":"pa_yayinevi-is-bankasi-kultur-yayinlari","10":"pa_yazar-stefan-zweig","12":"first","13":"instock","14":"sale","15":"shipping-taxable","16":"purchasable","17":"product-type-simple"},"_links":{"self":[{"href":"https:\/\/roveyayinevi.com.tr\/index.php\/wp-json\/wp\/v2\/product\/753993","targetHints":{"allow":["GET"]}}],"collection":[{"href":"https:\/\/roveyayinevi.com.tr\/index.php\/wp-json\/wp\/v2\/product"}],"about":[{"href":"https:\/\/roveyayinevi.com.tr\/index.php\/wp-json\/wp\/v2\/types\/product"}],"wp:attachment":[{"href":"https:\/\/roveyayinevi.com.tr\/index.php\/wp-json\/wp\/v2\/media?parent=753993"}],"wp:term":[{"taxonomy":"product_brand","embeddable":true,"href":"https:\/\/roveyayinevi.com.tr\/index.php\/wp-json\/wp\/v2\/product_brand?post=753993"},{"taxonomy":"product_cat","embeddable":true,"href":"https:\/\/roveyayinevi.com.tr\/index.php\/wp-json\/wp\/v2\/product_cat?post=753993"},{"taxonomy":"product_tag","embeddable":true,"href":"https:\/\/roveyayinevi.com.tr\/index.php\/wp-json\/wp\/v2\/product_tag?post=753993"}],"curies":[{"name":"wp","href":"https:\/\/api.w.org\/{rel}","templated":true}]}}