{"id":753991,"date":"2025-08-28T05:58:02","date_gmt":"2025-08-28T02:58:02","guid":{"rendered":"https:\/\/roveyayinevi.com.tr\/index.php\/urun\/balinam-olmadan-asla\/"},"modified":"2026-04-16T03:07:24","modified_gmt":"2026-04-16T00:07:24","slug":"balinam-olmadan-asla","status":"publish","type":"product","link":"https:\/\/roveyayinevi.com.tr\/index.php\/urun\/balinam-olmadan-asla\/","title":{"rendered":"Balinam Olmadan Asla"},"content":{"rendered":"<p>Sarp evcil balinas\u0131 olmadan asla okula gitmek istemiyor! Okul ona biraz korkutucu g\u00f6r\u00fcn\u00fcyor. Bu heyecan verici bir yandan da i\u00e7inde zorluklar\u0131 bar\u0131nd\u0131ran deneyimi onun i\u00e7in kolayla\u015ft\u0131racak tek \u015feyin evcil balinas\u0131n\u0131n oldu\u011funa kalpten inan\u0131yor.Aile \u00fcyeleri, dostlar\u0131 neredeyse etraf\u0131ndaki herkes balinadan rahats\u0131z! Balina kokuyor, balina \u00e7ok yer kapl\u0131yor, balina \u0131slak, balina g\u00fcr\u00fclt\u00fcc\u00fc\u2026 Ama Sarp bana m\u0131s\u0131n demiyor. T\u00fcm \u015fikayetlere tek bir cevab\u0131 var \u201cBalinam olmadan asla\u201d.Yeni deneyimlere ba\u015flarken herkes gibi Sarp da elini tutacak bir arkada\u015fa ihtiya\u00e7 duyuyor. Neyse ki kom\u015fusu \u0130rem yarat\u0131c\u0131 fikirlerle Sarp\u2019\u0131n imdad\u0131na yeti\u015fiyor. Balinay\u0131 okula sokman\u0131n bir yolunu buluyor. Di\u011fer arkada\u015flar\u0131n deste\u011fi ve sevgi dolu bir dayan\u0131\u015fmayla ise Sarp okulla ilgili endi\u015felerinin \u00fcstesinden geliyor.Bir \u00e7ocuk ve balinas\u0131 hakk\u0131ndaki bu hikaye; renkli \u00e7izimleri, e\u011flenceli anlat\u0131m\u0131yla t\u00fcm okula gitmek konusunda teredd\u00fctleri olan \u00e7ocuklar\u0131 kucaklamaya haz\u0131rlan\u0131yor!Okulun ilk haftalar\u0131n\u0131n stresinin \u00fcstesinden gelmeye yard\u0131mc\u0131 olmay\u0131 ama\u00e7layan bu hikaye hem \u00e7ocuklara hem de \u00f6\u011fretmenlere beklenmedik durumlarla kar\u015f\u0131la\u015ft\u0131klar\u0131nda bu s\u00fcreci nas\u0131l ele alabileceklerini model oluyor.<\/p>\n","protected":false},"excerpt":{"rendered":"<p>Sarp evcil balinas\u0131 olmadan asla okula gitmek istemiyor! Okul ona biraz korkutucu g\u00f6r\u00fcn\u00fcyor. Bu heyecan verici bir yandan da i\u00e7inde zorluklar\u0131 bar\u0131nd\u0131ran deneyimi onun i\u00e7in kolayla\u015ft\u0131racak<span class=\"excerpt-hellip\"> [\u2026]<\/span><\/p>\n","protected":false},"featured_media":0,"template":"","meta":{"_monsterinsights_skip_tracking":false,"_monsterinsights_sitenote_active":false,"_monsterinsights_sitenote_note":"","_monsterinsights_sitenote_category":0},"product_brand":[],"product_cat":[12274,12284],"product_tag":[],"class_list":{"0":"post-753991","1":"product","2":"type-product","3":"status-publish","5":"product_cat-cocuk-ve-genclik-kitaplari","6":"product_cat-hikayeler","7":"pa_cilt-ciltsiz","8":"pa_tur-kitap","9":"pa_yayinevi-okuyan-koala","10":"pa_yazar-billy-coughlan","12":"first","13":"instock","14":"sale","15":"shipping-taxable","16":"purchasable","17":"product-type-simple"},"_links":{"self":[{"href":"https:\/\/roveyayinevi.com.tr\/index.php\/wp-json\/wp\/v2\/product\/753991","targetHints":{"allow":["GET"]}}],"collection":[{"href":"https:\/\/roveyayinevi.com.tr\/index.php\/wp-json\/wp\/v2\/product"}],"about":[{"href":"https:\/\/roveyayinevi.com.tr\/index.php\/wp-json\/wp\/v2\/types\/product"}],"wp:attachment":[{"href":"https:\/\/roveyayinevi.com.tr\/index.php\/wp-json\/wp\/v2\/media?parent=753991"}],"wp:term":[{"taxonomy":"product_brand","embeddable":true,"href":"https:\/\/roveyayinevi.com.tr\/index.php\/wp-json\/wp\/v2\/product_brand?post=753991"},{"taxonomy":"product_cat","embeddable":true,"href":"https:\/\/roveyayinevi.com.tr\/index.php\/wp-json\/wp\/v2\/product_cat?post=753991"},{"taxonomy":"product_tag","embeddable":true,"href":"https:\/\/roveyayinevi.com.tr\/index.php\/wp-json\/wp\/v2\/product_tag?post=753991"}],"curies":[{"name":"wp","href":"https:\/\/api.w.org\/{rel}","templated":true}]}}