{"id":753990,"date":"2025-08-28T05:58:01","date_gmt":"2025-08-28T02:58:01","guid":{"rendered":"https:\/\/roveyayinevi.com.tr\/index.php\/urun\/sosyolojiyi-dusunmek\/"},"modified":"2026-02-03T03:21:19","modified_gmt":"2026-02-03T00:21:19","slug":"sosyolojiyi-dusunmek","status":"publish","type":"product","link":"https:\/\/roveyayinevi.com.tr\/index.php\/urun\/sosyolojiyi-dusunmek\/","title":{"rendered":"Sosyolojiyi D\u00fc\u015f\u00fcnmek"},"content":{"rendered":"<p>Sosyolojinin sosyal tarihi yaz\u0131labilir mi? Sosyoloji yapman\u0131n sosyal ko\u015fullar\u0131 nelerdir? Bilimsel bir u\u011fra\u015f olarak sosyoloji, elindeki ara\u00e7 gereci kendi \u00fcst\u00fcnde kullanabilir mi? Sosyolog kendini y\u00fcceltmeden, gere\u011finden fazla \u00f6nemsemeden kendi hakk\u0131nda d\u00fc\u015f\u00fcnd\u00fc\u011f\u00fc zaman neler g\u00f6rebilir?   Pierre Bourdieu\u2019n\u00fcn k\u00fclt\u00fcr \u00fcst\u00fcne y\u00fcr\u00fctt\u00fc\u011f\u00fc sosyoloji \u00e7al\u0131\u015fmalar\u0131n\u0131n ka\u00e7\u0131n\u0131lmaz temalar\u0131ndan biri her zaman i\u00e7in sosyolojinin kendisine ayna tutmak oldu. Bu kitapta bir araya getirilen d\u00f6rt metinde Bourdieu sosyolojinin bir bilim olarak toplumsal \u201colanakl\u0131l\u0131k ko\u015fullar\u0131\u201d hakk\u0131nda d\u00fc\u015f\u00fcn\u00fcyor.   Sosyolojiyi D\u00fc\u015f\u00fcnmek, sosyoloji ve epistemolojisi \u00fcst\u00fcne okuyup \u00e7al\u0131\u015fanlar kadar, genel olarak k\u00fclt\u00fcr\u00fc anlamak isteyen herkesin ilgisini \u00e7ekecek bir kitap. <\/p>\n","protected":false},"excerpt":{"rendered":"<p>Sosyolojinin sosyal tarihi yaz\u0131labilir mi? Sosyoloji yapman\u0131n sosyal ko\u015fullar\u0131 nelerdir? Bilimsel bir u\u011fra\u015f olarak sosyoloji, elindeki ara\u00e7 gereci kendi \u00fcst\u00fcnde kullanabilir mi? Sosyolog kendini y\u00fcceltmeden, gere\u011finden<span class=\"excerpt-hellip\"> [\u2026]<\/span><\/p>\n","protected":false},"featured_media":0,"template":"","meta":{"_monsterinsights_skip_tracking":false,"_monsterinsights_sitenote_active":false,"_monsterinsights_sitenote_note":"","_monsterinsights_sitenote_category":0},"product_brand":[],"product_cat":[12324],"product_tag":[],"class_list":{"0":"post-753990","1":"product","2":"type-product","3":"status-publish","5":"product_cat-sosyoloji","6":"pa_cilt-ciltsiz","7":"pa_tur-kitap","8":"pa_yayinevi-metis-yayinlari","9":"pa_yazar-pierre-bourdieu","11":"first","12":"instock","13":"sale","14":"shipping-taxable","15":"purchasable","16":"product-type-simple"},"_links":{"self":[{"href":"https:\/\/roveyayinevi.com.tr\/index.php\/wp-json\/wp\/v2\/product\/753990","targetHints":{"allow":["GET"]}}],"collection":[{"href":"https:\/\/roveyayinevi.com.tr\/index.php\/wp-json\/wp\/v2\/product"}],"about":[{"href":"https:\/\/roveyayinevi.com.tr\/index.php\/wp-json\/wp\/v2\/types\/product"}],"wp:attachment":[{"href":"https:\/\/roveyayinevi.com.tr\/index.php\/wp-json\/wp\/v2\/media?parent=753990"}],"wp:term":[{"taxonomy":"product_brand","embeddable":true,"href":"https:\/\/roveyayinevi.com.tr\/index.php\/wp-json\/wp\/v2\/product_brand?post=753990"},{"taxonomy":"product_cat","embeddable":true,"href":"https:\/\/roveyayinevi.com.tr\/index.php\/wp-json\/wp\/v2\/product_cat?post=753990"},{"taxonomy":"product_tag","embeddable":true,"href":"https:\/\/roveyayinevi.com.tr\/index.php\/wp-json\/wp\/v2\/product_tag?post=753990"}],"curies":[{"name":"wp","href":"https:\/\/api.w.org\/{rel}","templated":true}]}}