{"id":753989,"date":"2025-08-28T05:57:59","date_gmt":"2025-08-28T02:57:59","guid":{"rendered":"https:\/\/roveyayinevi.com.tr\/index.php\/urun\/evlerden-uzak\/"},"modified":"2026-04-16T03:07:23","modified_gmt":"2026-04-16T00:07:23","slug":"evlerden-uzak","status":"publish","type":"product","link":"https:\/\/roveyayinevi.com.tr\/index.php\/urun\/evlerden-uzak\/","title":{"rendered":"Evlerden Uzak"},"content":{"rendered":"<p>&#8220;\u00c7\u00fcnk\u00fc insan yaln\u0131zl\u0131\u011f\u0131 bir kere tatt\u0131 m\u0131, ba\u015fka t\u00fcrl\u00fc de var olmu\u015f olabilece\u011fine inanmas\u0131 art\u0131k imk\u00e2ns\u0131zd\u0131r. Yaln\u0131zl\u0131k mutlak bir ke\u015fiftir. \u0130nsan ayd\u0131nl\u0131k bir pencereye i\u00e7eriden bakt\u0131\u011f\u0131nda \u0131\u015f\u0131klar\u0131 yanan bir odada kendi imgesini g\u00f6r\u00fcr; g\u00f6le yukar\u0131dan bakt\u0131\u011f\u0131nda da a\u011fa\u00e7lar ve g\u00f6ky\u00fcz\u00fcyle sarmalanm\u0131\u015f kendi imgesini g\u00f6r\u00fcr. Aldatmaca bariz, bariz oldu\u011fu kadar da pohpohlay\u0131c\u0131d\u0131r. \u0130nsan karanl\u0131ktan ayd\u0131nl\u0131\u011fa bakt\u0131\u011f\u0131nda ise, buras\u0131 ile oras\u0131, bu ile \u015fu aras\u0131ndaki b\u00fct\u00fcn fark\u0131 g\u00f6r\u00fcr. Belki s\u0131\u011f\u0131nacak yeri olmayan t\u00fcm insanlar i\u00e7ten i\u00e7e \u00f6fkelidir; \u00e7at\u0131y\u0131, omurgay\u0131, kaburgay\u0131 k\u0131rmak, pencereleri parampar\u00e7a etmek, zemini sular seller alt\u0131nda b\u0131rakmak, perdeleri delik de\u015fik etmek, kanepeyi suya bat\u0131rmak isterler.&#8221;   Annelerinin \u00f6l\u00fcm\u00fcn\u00fcn ard\u0131ndan \u00f6nce anneanneleriyle, sonra b\u00fcy\u00fck halalar\u0131yla, en sonunda da teyzeleriyle birlikte g\u00f6l k\u0131y\u0131s\u0131ndaki k\u00fc\u00e7\u00fck bir kasabada ya\u015fayan iki k\u0131z karde\u015fin hik\u00e2yesini anlat\u0131yor Evlerden Uzak. Bir yandan b\u00fcy\u00fcmenin kendine \u00f6zg\u00fc s\u0131k\u0131nt\u0131lar\u0131yla bo\u011fu\u015fan Ruth ve Lucille, di\u011fer yandan da teyzeleri Sylvie\u2019nin al\u0131\u015f\u0131lmad\u0131k karakteri ve hayat tarz\u0131 kar\u015f\u0131s\u0131nda bocalayarak kendi yollar\u0131n\u0131 \u00e7izmeye \u00e7al\u0131\u015f\u0131yorlar.   Amerikal\u0131 yazar Marilynne Robinson, aile, kay\u0131p, haf\u0131za, fanilik, aidiyet ve yabanc\u0131l\u0131k gibi konulara kafa yorarken, derinlikli g\u00f6zlemleri ve \u015fiirsel betimlemeleriyle s\u0131radan \u015feylerin b\u00fcy\u00fcs\u00fcn\u00fc a\u00e7\u0131\u011fa \u00e7\u0131kar\u0131yor. <\/p>\n","protected":false},"excerpt":{"rendered":"<p>&#8220;\u00c7\u00fcnk\u00fc insan yaln\u0131zl\u0131\u011f\u0131 bir kere tatt\u0131 m\u0131, ba\u015fka t\u00fcrl\u00fc de var olmu\u015f olabilece\u011fine inanmas\u0131 art\u0131k imk\u00e2ns\u0131zd\u0131r. Yaln\u0131zl\u0131k mutlak bir ke\u015fiftir. \u0130nsan ayd\u0131nl\u0131k bir pencereye i\u00e7eriden bakt\u0131\u011f\u0131nda<span class=\"excerpt-hellip\"> [\u2026]<\/span><\/p>\n","protected":false},"featured_media":0,"template":"","meta":{"_monsterinsights_skip_tracking":false,"_monsterinsights_sitenote_active":false,"_monsterinsights_sitenote_note":"","_monsterinsights_sitenote_category":0},"product_brand":[],"product_cat":[12291,12711],"product_tag":[],"class_list":{"0":"post-753989","1":"product","2":"type-product","3":"status-publish","5":"product_cat-edebiyat","6":"product_cat-roman-oyku","7":"pa_cilt-ciltsiz","8":"pa_tur-kitap","9":"pa_yayinevi-metis-yayinlari","10":"pa_yazar-marilynne-robinson","12":"first","13":"instock","14":"sale","15":"shipping-taxable","16":"purchasable","17":"product-type-simple"},"_links":{"self":[{"href":"https:\/\/roveyayinevi.com.tr\/index.php\/wp-json\/wp\/v2\/product\/753989","targetHints":{"allow":["GET"]}}],"collection":[{"href":"https:\/\/roveyayinevi.com.tr\/index.php\/wp-json\/wp\/v2\/product"}],"about":[{"href":"https:\/\/roveyayinevi.com.tr\/index.php\/wp-json\/wp\/v2\/types\/product"}],"wp:attachment":[{"href":"https:\/\/roveyayinevi.com.tr\/index.php\/wp-json\/wp\/v2\/media?parent=753989"}],"wp:term":[{"taxonomy":"product_brand","embeddable":true,"href":"https:\/\/roveyayinevi.com.tr\/index.php\/wp-json\/wp\/v2\/product_brand?post=753989"},{"taxonomy":"product_cat","embeddable":true,"href":"https:\/\/roveyayinevi.com.tr\/index.php\/wp-json\/wp\/v2\/product_cat?post=753989"},{"taxonomy":"product_tag","embeddable":true,"href":"https:\/\/roveyayinevi.com.tr\/index.php\/wp-json\/wp\/v2\/product_tag?post=753989"}],"curies":[{"name":"wp","href":"https:\/\/api.w.org\/{rel}","templated":true}]}}