{"id":753988,"date":"2025-08-28T05:57:58","date_gmt":"2025-08-28T02:57:58","guid":{"rendered":"https:\/\/roveyayinevi.com.tr\/index.php\/urun\/avrupada-antifasizmin-tarihi-1923-1939\/"},"modified":"2026-04-16T03:07:23","modified_gmt":"2026-04-16T00:07:23","slug":"avrupada-antifasizmin-tarihi-1923-1939","status":"publish","type":"product","link":"https:\/\/roveyayinevi.com.tr\/index.php\/urun\/avrupada-antifasizmin-tarihi-1923-1939\/","title":{"rendered":"Avrupa\u2019da Antifas\u0327izmin Tarihi  (1923-1939)"},"content":{"rendered":"<p>\u201cFas\u0327izm, bir do\u0308nemin ahla\u0302ki hastal\u0131g\u0306\u0131 olarak ya da kimi u\u0308lkelerin tarihsel gelis\u0327iminin mant\u0131ksal miras\u0131 olarak ele al\u0131n\u0131yor, kapitalist toplumun tahakku\u0308mu\u0308nu\u0308n bir evresi olarak ya da hem komu\u0308nizme hem de ayr\u0131cal\u0131kl\u0131 bir az\u0131nl\u0131g\u0306\u0131n so\u0308mu\u0308ru\u0308su\u0308ne kars\u0327\u0131 kendini ifade etme arzusundaki orta s\u0131n\u0131f o\u0308zlemlerinin meyvesi olarak analiz ediliyordu. Fakat go\u0308ru\u0308lmeyen ya da go\u0308zu\u0308n kapal\u0131 kald\u0131g\u0306\u0131 s\u0327ey, fas\u0327izmin Avrupa\u2019n\u0131n 19. yu\u0308zy\u0131lda tan\u0131m\u0131s\u0327 oldug\u0306u diktato\u0308rlu\u0308k rejimlerine asla indirgenemeyeceg\u0306iydi.\u201d 20. yu\u0308zy\u0131l bas\u0327\u0131nda Avrupa\u2019da yu\u0308kselen fas\u0327izm dalgas\u0131, hem direnis\u0327 iradesini hem de bu iradeyi o\u0308rseleyen tart\u0131s\u0327malar\u0131 beraberinde getirdi. Olaylar\u0131n aciliyeti ic\u0327inde o\u0308zellikle sosyalistler, komu\u0308nistler, liberaller, entelektu\u0308eller, din\u00ee cemaatler ve is\u0327c\u0327iler bu fikir ve eylem du\u0308nyas\u0131n\u0131n bas\u0327 akto\u0308rleri oldular. Fas\u0327izm gu\u0308c\u0327lenip yay\u0131l\u0131rken antifas\u0327istler bunun bir o\u0308lu\u0308m kal\u0131m meselesi oldug\u0306unu anlamakta gec\u0327 mi kalm\u0131s\u0327lard\u0131? Birles\u0327mek mi ayr\u0131 mu\u0308cadele etmek mi, gizli o\u0308rgu\u0308tlenmeler kurmak m\u0131 meclis c\u0327at\u0131s\u0131 alt\u0131nda demokrasiyi savunmak m\u0131 gerekiyordu? Jacques Droz, fas\u0327izme kars\u0327\u0131 direnis\u0327 hareketlerinin izini su\u0308rerken sadece bir tarih okumas\u0131 yapm\u0131yor, ayn\u0131 zamanda do\u0308neme dair eles\u0327tirel bir c\u0327o\u0308zu\u0308mleme de sunuyor. I\u0307talyan, Alman, Avusturyal\u0131, Frans\u0131z, I\u0307ngiliz ve I\u0307spanyol antifas\u0327izmleri yan\u0131nda Balkan ve Kuzey u\u0308lkelerine de yer veriyor. Kendi vatanlar\u0131nda ya da su\u0308rgu\u0308nde, yeralt\u0131nda ya da parlamentoda, silahlar\u0131yla ya da kalemleriyle, hayatlar\u0131 pahas\u0131na direnen insanlar\u0131 anlat\u0131yor. Avrupa\u2019da Antifas\u0327izmin Tarihi, sadece direnis\u0327in deg\u0306il fas\u0327izmin analizi ic\u0327in de temel bir referans nitelig\u0306inde.<\/p>\n","protected":false},"excerpt":{"rendered":"<p>\u201cFas\u0327izm, bir do\u0308nemin ahla\u0302ki hastal\u0131g\u0306\u0131 olarak ya da kimi u\u0308lkelerin tarihsel gelis\u0327iminin mant\u0131ksal miras\u0131 olarak ele al\u0131n\u0131yor, kapitalist toplumun tahakku\u0308mu\u0308nu\u0308n bir evresi olarak ya da hem<span class=\"excerpt-hellip\"> [\u2026]<\/span><\/p>\n","protected":false},"featured_media":0,"template":"","meta":{"_monsterinsights_skip_tracking":false,"_monsterinsights_sitenote_active":false,"_monsterinsights_sitenote_note":"","_monsterinsights_sitenote_category":0},"product_brand":[],"product_cat":[13590,12337],"product_tag":[],"class_list":{"0":"post-753988","1":"product","2":"type-product","3":"status-publish","5":"product_cat-arastirma-inceleme-politika-siyaset","6":"product_cat-politika-siyaset","7":"pa_cilt-ciltsiz","8":"pa_tur-kitap","9":"pa_yayinevi-iletisim-yayinlari","10":"pa_yazar-jacques-droz","12":"first","13":"instock","14":"sale","15":"shipping-taxable","16":"purchasable","17":"product-type-simple"},"_links":{"self":[{"href":"https:\/\/roveyayinevi.com.tr\/index.php\/wp-json\/wp\/v2\/product\/753988","targetHints":{"allow":["GET"]}}],"collection":[{"href":"https:\/\/roveyayinevi.com.tr\/index.php\/wp-json\/wp\/v2\/product"}],"about":[{"href":"https:\/\/roveyayinevi.com.tr\/index.php\/wp-json\/wp\/v2\/types\/product"}],"wp:attachment":[{"href":"https:\/\/roveyayinevi.com.tr\/index.php\/wp-json\/wp\/v2\/media?parent=753988"}],"wp:term":[{"taxonomy":"product_brand","embeddable":true,"href":"https:\/\/roveyayinevi.com.tr\/index.php\/wp-json\/wp\/v2\/product_brand?post=753988"},{"taxonomy":"product_cat","embeddable":true,"href":"https:\/\/roveyayinevi.com.tr\/index.php\/wp-json\/wp\/v2\/product_cat?post=753988"},{"taxonomy":"product_tag","embeddable":true,"href":"https:\/\/roveyayinevi.com.tr\/index.php\/wp-json\/wp\/v2\/product_tag?post=753988"}],"curies":[{"name":"wp","href":"https:\/\/api.w.org\/{rel}","templated":true}]}}