{"id":753987,"date":"2025-08-28T05:57:57","date_gmt":"2025-08-28T02:57:57","guid":{"rendered":"https:\/\/roveyayinevi.com.tr\/index.php\/urun\/demokrasi-3\/"},"modified":"2026-04-16T03:07:23","modified_gmt":"2026-04-16T00:07:23","slug":"demokrasi-3","status":"publish","type":"product","link":"https:\/\/roveyayinevi.com.tr\/index.php\/urun\/demokrasi-3\/","title":{"rendered":"Demokrasi"},"content":{"rendered":"<p>\u201cDemokrasinin tarihi bir ku\u0308ltu\u0308rel dinamig\u0306in deg\u0306il, hak ve es\u0327itlik hareketlerinin yu\u0308ru\u0308ttu\u0308g\u0306u\u0308 bir o\u0308zgu\u0308rlu\u0308k-es\u0327itlik-hak nizam\u0131 yaratma mu\u0308cadelesinin tarihidir. Bu tarih, Bat\u0131\u2019da gerc\u0327ekles\u0327mis\u0327 oldug\u0306u ic\u0327in demokrasi Bat\u0131 ku\u0308ltu\u0308ru\u0308nu\u0308n bir unsuru haline gelmis\u0327tir. Ancak bu durumun kendisi bile ku\u0308ltu\u0308ru\u0308n tarihsel, dolay\u0131s\u0131yla deg\u0306is\u0327ebilen bir u\u0308ru\u0308n oldug\u0306unu, demokratik ku\u0308ltu\u0308ru\u0308n de tarih-as\u0327\u0131r\u0131 bir sabit olmad\u0131g\u0306\u0131n\u0131 go\u0308sterir. C\u0327ag\u0306das\u0327 demokrasilerde izledig\u0306imiz gerilemeler, Bat\u0131\u2019n\u0131n demokrasi kazalar\u0131ndan muaf olmad\u0131g\u0306\u0131n\u0131n bir go\u0308stergesidir. Demokrasinin Bat\u0131\u2019da gelis\u0327mis\u0327 olmas\u0131ndan ve Bat\u0131 d\u0131s\u0327\u0131nda konsolide olmus\u0327 bir demokrasi o\u0308rneg\u0306inin var olmamas\u0131ndan yola c\u0327\u0131karak, demokrasinin Bat\u0131 medeniyetine\/ku\u0308ltu\u0308ru\u0308ne has oldug\u0306unu iddia etmek yanl\u0131s\u0327t\u0131r.\u201d Menderes C\u0327\u0131nar, O\u0308nso\u0308z D\u00fcyada demokrasinin g\u00fcc\u0327 ve itibar\u0131n\u0131n sars\u0131ld\u0131g\u0306\u0131, demokratik rejimlerin say\u0131s\u0131n\u0131n azald\u0131g\u0306\u0131 bir otoriterles\u0327me do\u0308nemindeyiz. Demokrasi -Kavram, Kuram ve S\u00fcrec\u0327- bas\u0327l\u0131kl\u0131 bu kitap, demokrasinin d\u00fcs\u0327\u00fcnsel ko\u0308kenlerini, inis\u0327li c\u0327\u0131k\u0131s\u0327l\u0131 gelis\u0327imini, kurumlar\u0131n\u0131, ic\u0327inde tas\u0327\u0131d\u0131g\u0306\u0131 gerilimleri ele al\u0131rken, ayn\u0131 zamanda, ic\u0327inde T\u00fcrkiye\u2019nin de yer ald\u0131g\u0306\u0131, g\u00fcn\u00fcm\u00fcz demokrasisizles\u0327me eg\u0306ilimlerini ayd\u0131nlat\u0131yor. T\u00fcrkiye\u2019den otuz bir bilim insan\u0131n\u0131n katk\u0131s\u0131yla gerc\u0327ekles\u0327en ve bir referans kitab\u0131 olarak tasarlanan bu kapsaml\u0131 c\u0327al\u0131s\u0327ma, \u00fclkemizde b\u00fct\u00fcn zorluk ve engellere rag\u0306men demokrasiye adanm\u0131s\u0327 bilgi birikimi ve akademik kapasiteyi sergiliyor. Ays\u0327en Uysal, Berk Esen, Berrin Koyuncu-Lorasdag\u0306\u0131, Cenk Sarac\u0327og\u0306lu, C\u0327ag\u0306das\u0327 Ceyhan, Duygu Avc\u0131, Erdem Damar, Ersin Kalayc\u0131og\u0306lu, Fikret Adaman, Filiz Zabc\u0131, Funda Genc\u0327og\u0306lu, G\u00fclay Ug\u0306ur Go\u0308ksel, G\u00fcls\u0327en Seven, Hakan Yavuzy\u0131lmaz, Hamit Bozarslan, Hasret Dikici Bilgin, I\u0307lhan Uzgel, Ka\u0302z\u0131m Ates\u0327, Menderes C\u0327\u0131nar, Onur Bilginer, O\u0308mer Turan, O\u0308zhan Demirkol, P\u0131nar Bedirhanog\u0306lu, Reyhan U\u0308nal, R\u0131za T\u00fcrmen, Serdar Tekin, Tanel Demirel, Toygar Sinan Baykan, Yasemin O\u0308zg\u00fcn, Y\u00fcksel Tas\u0327k\u0131n, Zafer Ganiog\u0306lu.<\/p>\n","protected":false},"excerpt":{"rendered":"<p>\u201cDemokrasinin tarihi bir ku\u0308ltu\u0308rel dinamig\u0306in deg\u0306il, hak ve es\u0327itlik hareketlerinin yu\u0308ru\u0308ttu\u0308g\u0306u\u0308 bir o\u0308zgu\u0308rlu\u0308k-es\u0327itlik-hak nizam\u0131 yaratma mu\u0308cadelesinin tarihidir. Bu tarih, Bat\u0131\u2019da gerc\u0327ekles\u0327mis\u0327 oldug\u0306u ic\u0327in demokrasi Bat\u0131 ku\u0308ltu\u0308ru\u0308nu\u0308n<span class=\"excerpt-hellip\"> [\u2026]<\/span><\/p>\n","protected":false},"featured_media":0,"template":"","meta":{"_monsterinsights_skip_tracking":false,"_monsterinsights_sitenote_active":false,"_monsterinsights_sitenote_note":"","_monsterinsights_sitenote_category":0},"product_brand":[],"product_cat":[13590,12337],"product_tag":[],"class_list":{"0":"post-753987","1":"product","2":"type-product","3":"status-publish","5":"product_cat-arastirma-inceleme-politika-siyaset","6":"product_cat-politika-siyaset","7":"pa_cilt-ciltsiz","8":"pa_tur-kitap","9":"pa_yayinevi-iletisim-yayinlari","10":"pa_yazar-menderes-cinar","12":"first","13":"instock","14":"sale","15":"shipping-taxable","16":"purchasable","17":"product-type-simple"},"_links":{"self":[{"href":"https:\/\/roveyayinevi.com.tr\/index.php\/wp-json\/wp\/v2\/product\/753987","targetHints":{"allow":["GET"]}}],"collection":[{"href":"https:\/\/roveyayinevi.com.tr\/index.php\/wp-json\/wp\/v2\/product"}],"about":[{"href":"https:\/\/roveyayinevi.com.tr\/index.php\/wp-json\/wp\/v2\/types\/product"}],"wp:attachment":[{"href":"https:\/\/roveyayinevi.com.tr\/index.php\/wp-json\/wp\/v2\/media?parent=753987"}],"wp:term":[{"taxonomy":"product_brand","embeddable":true,"href":"https:\/\/roveyayinevi.com.tr\/index.php\/wp-json\/wp\/v2\/product_brand?post=753987"},{"taxonomy":"product_cat","embeddable":true,"href":"https:\/\/roveyayinevi.com.tr\/index.php\/wp-json\/wp\/v2\/product_cat?post=753987"},{"taxonomy":"product_tag","embeddable":true,"href":"https:\/\/roveyayinevi.com.tr\/index.php\/wp-json\/wp\/v2\/product_tag?post=753987"}],"curies":[{"name":"wp","href":"https:\/\/api.w.org\/{rel}","templated":true}]}}