{"id":753984,"date":"2025-08-28T05:57:52","date_gmt":"2025-08-28T02:57:52","guid":{"rendered":"https:\/\/roveyayinevi.com.tr\/index.php\/urun\/hapishanede-felsefe\/"},"modified":"2026-04-16T03:07:23","modified_gmt":"2026-04-16T00:07:23","slug":"hapishanede-felsefe","status":"publish","type":"product","link":"https:\/\/roveyayinevi.com.tr\/index.php\/urun\/hapishanede-felsefe\/","title":{"rendered":"Hapishanede Felsefe"},"content":{"rendered":"<p>Hi\u00e7bir \u015feyden utanmasayd\u0131n yine de iyi biri olabilir miydin? Du\u0308n oldu\u011funla ayn\u0131 ki\u015fi misin? Du\u0308\u015fu\u0308nmek i\u015fe yarar m\u0131? Zihninin d\u0131\u015f\u0131nda bir du\u0308nya var m\u0131? Umut (asl\u0131nda) birhapishane mi? Bir insan ba\u011f\u0131\u015flanmay\u0131 nas\u0131l hak eder?Andy West parmakl\u0131klar\u0131n g\u00f6lgesinde bu\u0308yu\u0308du\u0308: Babas\u0131, day\u0131s\u0131 ve a\u011fabeyi hapis yatm\u0131\u015ft\u0131. Felsefe okuyup kendi yolunu \u00e7izse de miras ald\u0131\u011f\u0131 su\u00e7luluk duygusu ve \u015fans\u0131n\u0131n her an terse d\u00f6nebilece\u011fi korkusu ona musallat olmaya devam etti.Biraz da bu en bu\u0308yu\u0308k korkusuyla yu\u0308zle\u015fmek i\u00e7in, kendine cezaevinde felsefe \u00f6\u011fretmek gibi s\u0131rad\u0131\u015f\u0131 bir u\u011fra\u015f se\u00e7en West, Hapishanede Felsefe\u2019de bu yolculu\u011fun gu\u0308ncesini tutuyor. Temel \u00f6zgu\u0308rlu\u0308klerden mahrum, ya\u015famlar\u0131n\u0131 ku\u0308\u00e7u\u0308k se\u00e7im menu\u0308 ile idame ettiren \u00f6\u011frencilerine sorular sorup onlarla zaman, hakikat, kimlik ve umut gibi varolu\u015fsal kavramlar\u0131 tart\u0131\u015f\u0131yor: Hi\u00e7bir \u015feyden utanmasayd\u0131n yine de iyi biri olabilir miydin? Du\u0308n oldu\u011funla ayn\u0131 ki\u015fi misin? Du\u0308\u015fu\u0308nmek i\u015fe yarar m\u0131? Zihninin d\u0131\u015f\u0131nda bir du\u0308nya var m\u0131? Umut (asl\u0131nda) birhapishane mi? Bir insan ba\u011f\u0131\u015flanmay\u0131 nas\u0131l hak eder? Felsefenin kilometre ta\u015f\u0131 olmu\u015f yaman ikilemleri, kimi anlatmaya, kimi dinlemeye, kimi k\u00fcfretmeye meyilli bir grup su\u00e7luyla birlikte masaya yat\u0131ran West, ortam\u0131n do\u011fas\u0131 gere\u011fi olu\u015fan mizah\u0131 da s\u00fczmeden payla\u015f\u0131yor bizle. O ve \u00f6\u011frencileri ge\u00e7mi\u015flerinin perdesini cesurca aralarken siz de ister istemez hayat\u0131n\u0131z \u00fczerine d\u00fc\u015f\u00fcn\u00fcrken buluyorsunuz kendinizi. Hapishanede Felsefe samimi, incelikli, komik, ilham verici bir hayat sorgulamas\u0131.\u201cHem kalbi hem zihni a\u00e7\u0131yor.\u201dCIARAN THAPAR <\/p>\n","protected":false},"excerpt":{"rendered":"<p>Hi\u00e7bir \u015feyden utanmasayd\u0131n yine de iyi biri olabilir miydin? Du\u0308n oldu\u011funla ayn\u0131 ki\u015fi misin? Du\u0308\u015fu\u0308nmek i\u015fe yarar m\u0131? Zihninin d\u0131\u015f\u0131nda bir du\u0308nya var m\u0131? Umut (asl\u0131nda)<span class=\"excerpt-hellip\"> [\u2026]<\/span><\/p>\n","protected":false},"featured_media":0,"template":"","meta":{"_monsterinsights_skip_tracking":false,"_monsterinsights_sitenote_active":false,"_monsterinsights_sitenote_note":"","_monsterinsights_sitenote_category":0},"product_brand":[],"product_cat":[12388],"product_tag":[],"class_list":{"0":"post-753984","1":"product","2":"type-product","3":"status-publish","5":"product_cat-felsefe","6":"pa_cilt-ciltsiz","7":"pa_tur-kitap","8":"pa_yayinevi-domingo-yayinevi","9":"pa_yazar-andy-west","11":"first","12":"instock","13":"sale","14":"shipping-taxable","15":"purchasable","16":"product-type-simple"},"_links":{"self":[{"href":"https:\/\/roveyayinevi.com.tr\/index.php\/wp-json\/wp\/v2\/product\/753984","targetHints":{"allow":["GET"]}}],"collection":[{"href":"https:\/\/roveyayinevi.com.tr\/index.php\/wp-json\/wp\/v2\/product"}],"about":[{"href":"https:\/\/roveyayinevi.com.tr\/index.php\/wp-json\/wp\/v2\/types\/product"}],"wp:attachment":[{"href":"https:\/\/roveyayinevi.com.tr\/index.php\/wp-json\/wp\/v2\/media?parent=753984"}],"wp:term":[{"taxonomy":"product_brand","embeddable":true,"href":"https:\/\/roveyayinevi.com.tr\/index.php\/wp-json\/wp\/v2\/product_brand?post=753984"},{"taxonomy":"product_cat","embeddable":true,"href":"https:\/\/roveyayinevi.com.tr\/index.php\/wp-json\/wp\/v2\/product_cat?post=753984"},{"taxonomy":"product_tag","embeddable":true,"href":"https:\/\/roveyayinevi.com.tr\/index.php\/wp-json\/wp\/v2\/product_tag?post=753984"}],"curies":[{"name":"wp","href":"https:\/\/api.w.org\/{rel}","templated":true}]}}