{"id":753983,"date":"2025-08-28T05:57:51","date_gmt":"2025-08-28T02:57:51","guid":{"rendered":"https:\/\/roveyayinevi.com.tr\/index.php\/urun\/kamu-maliyesinin-sosyal-teorisi-disiplinlerarasi-arayislar\/"},"modified":"2026-04-16T03:07:23","modified_gmt":"2026-04-16T00:07:23","slug":"kamu-maliyesinin-sosyal-teorisi-disiplinlerarasi-arayislar","status":"publish","type":"product","link":"https:\/\/roveyayinevi.com.tr\/index.php\/urun\/kamu-maliyesinin-sosyal-teorisi-disiplinlerarasi-arayislar\/","title":{"rendered":"Kamu Maliyesinin Sosyal Teorisi: Disiplinleraras\u0131 Aray\u0131\u015flar"},"content":{"rendered":"<p>Neoklasik iktisad\u0131n k\u0131lavuzlu\u011funda kamu maliyesi teknik bir y\u00f6netimsellik konusuna hapsedilmi\u015ftir. G\u00fcncel neoliberal disiplinleraras\u0131 yakla\u015f\u0131mlarda ise kamu maliyesi mikro temellere s\u0131\u011fd\u0131r\u0131lm\u0131\u015ft\u0131r. Kamu maliyesinin do\u011fas\u0131na ili\u015fkin politik kamusall\u0131\u011f\u0131 d\u0131\u015far\u0131da b\u0131rakan bu yakla\u015f\u0131mlar mali olaylar\u0131n ve geli\u015fmelerin s\u0131\u011f a\u00e7\u0131klamalar\u0131na kap\u0131 a\u00e7m\u0131\u015ft\u0131r. Kamu maliyesine kapsaml\u0131 ve b\u00fct\u00fcnc\u00fcl bak\u0131\u015f a\u00e7\u0131s\u0131 kamu ekonomisinin i\u00e7inde geli\u015fti\u011fi geni\u015f toplumsall\u0131\u011f\u0131 g\u00f6z ard\u0131 etmemeyi gerektirir, ayn\u0131 zamanda i\u00e7inde evrildi\u011fi tarihi de. Bu do\u011frultuda mali ve toplumsal geli\u015fmelerin irdelenmesinde \u00e7ok boyutlu bir yakla\u015f\u0131m ve \u00e7al\u0131\u015fma alan\u0131 olarak geli\u015fen mali sosyoloji bizlere bir alan sunmaktad\u0131r. Sosyoloji, felsefe, politik iktisat, antropoloji gibi farkl\u0131 disiplinlerden beslenen bu bak\u0131\u015f a\u00e7\u0131s\u0131 ve \u00e7al\u0131\u015fma alan\u0131 kamu maliyesinin kamusall\u0131\u011f\u0131n\u0131 ait oldu\u011fu yere kavu\u015fturmay\u0131 ama\u00e7lamaktad\u0131r. Ayn\u0131 zamanda ele\u015ftirel temellerde kamu maliyesine y\u00f6ntem tart\u0131\u015fmas\u0131 olana\u011f\u0131n\u0131 ve yeni konu alanlar\u0131 sunmaktad\u0131r. Bu ba\u011flamda disiplinleraras\u0131 aray\u0131\u015flar kamu maliyesini sosyal teoride anlamland\u0131rman\u0131n bir ad\u0131m\u0131d\u0131r. Kitapta yer alan yaz\u0131lar sosyoloji, tarih, evrimsel ve kurumsal iktisat, antropoloji, biyopolitika gibi farkl\u0131 alanlar kapsam\u0131nda kamu maliyesini sosyal teoride konumland\u0131rmaktad\u0131r. Yaz\u0131lar okurlar\u0131 kamu maliyesini salt teknik bir y\u00f6netim konusu ba\u011flam\u0131ndan ve iktisadi mikro \u00f6znelere s\u0131k\u0131\u015ft\u0131r\u0131lm\u0131\u015f dar kal\u0131plardan uzakla\u015ft\u0131r\u0131p yeniden d\u00fc\u015f\u00fcnmeye davet ederek kamu maliyesine disiplinleraras\u0131 perspektifler a\u00e7maktad\u0131r. <\/p>\n","protected":false},"excerpt":{"rendered":"<p>Neoklasik iktisad\u0131n k\u0131lavuzlu\u011funda kamu maliyesi teknik bir y\u00f6netimsellik konusuna hapsedilmi\u015ftir. G\u00fcncel neoliberal disiplinleraras\u0131 yakla\u015f\u0131mlarda ise kamu maliyesi mikro temellere s\u0131\u011fd\u0131r\u0131lm\u0131\u015ft\u0131r. Kamu maliyesinin do\u011fas\u0131na ili\u015fkin politik kamusall\u0131\u011f\u0131<span class=\"excerpt-hellip\"> [\u2026]<\/span><\/p>\n","protected":false},"featured_media":0,"template":"","meta":{"_monsterinsights_skip_tracking":false,"_monsterinsights_sitenote_active":false,"_monsterinsights_sitenote_note":"","_monsterinsights_sitenote_category":0},"product_brand":[],"product_cat":[13043],"product_tag":[],"class_list":{"0":"post-753983","1":"product","2":"type-product","3":"status-publish","5":"product_cat-ekonomi","6":"pa_cilt-ciltsiz","7":"pa_tur-kitap","8":"pa_yayinevi-heretik-yayincilik","9":"pa_yazar-kolektif","11":"first","12":"instock","13":"sale","14":"shipping-taxable","15":"purchasable","16":"product-type-simple"},"_links":{"self":[{"href":"https:\/\/roveyayinevi.com.tr\/index.php\/wp-json\/wp\/v2\/product\/753983","targetHints":{"allow":["GET"]}}],"collection":[{"href":"https:\/\/roveyayinevi.com.tr\/index.php\/wp-json\/wp\/v2\/product"}],"about":[{"href":"https:\/\/roveyayinevi.com.tr\/index.php\/wp-json\/wp\/v2\/types\/product"}],"wp:attachment":[{"href":"https:\/\/roveyayinevi.com.tr\/index.php\/wp-json\/wp\/v2\/media?parent=753983"}],"wp:term":[{"taxonomy":"product_brand","embeddable":true,"href":"https:\/\/roveyayinevi.com.tr\/index.php\/wp-json\/wp\/v2\/product_brand?post=753983"},{"taxonomy":"product_cat","embeddable":true,"href":"https:\/\/roveyayinevi.com.tr\/index.php\/wp-json\/wp\/v2\/product_cat?post=753983"},{"taxonomy":"product_tag","embeddable":true,"href":"https:\/\/roveyayinevi.com.tr\/index.php\/wp-json\/wp\/v2\/product_tag?post=753983"}],"curies":[{"name":"wp","href":"https:\/\/api.w.org\/{rel}","templated":true}]}}